{"id":47420,"date":"2022-12-15T19:21:58","date_gmt":"2022-12-15T19:21:58","guid":{"rendered":"https:\/\/kinesis.money\/?page_id=47420"},"modified":"2024-02-20T14:48:32","modified_gmt":"2024-02-20T14:48:32","slug":"kvt-basim-teklifi-bonus-kosullari","status":"publish","type":"page","link":"https:\/\/kinesis.money\/tr\/kvt-basim-teklifi-bonus-kosullari\/","title":{"rendered":"KVT Bas\u0131m Teklifi Bonus Ko\u015fullar\u0131"},"content":{"rendered":"\t<section class=\"ktp-block ktp2_0-block\">\n\n\t\t<div class=\"hero-centered dark bg-brand-primary-midnight-500 text-center\">\n\n\n\t\t\t<div class=\"ktp-container\">\n\t\t\t\t<div class=\"ktp-grid py-16 md:pt-20 \">\n\n\t\t\t\t\t<div class=\"col-span-4 md:col-span-8 lg:col-start-3 xl:col-start-3\">\n\n\t\t\t\t\t\t\n\n\t\t\t\t\t\t\t\t\t\t\t\t\t<h1 class=\"mb-6 md neutral text-product-neutral-white\">\n\t\t\t\t\t\t\t\tEPD i\u00e7in KVT Teklif <br>\u015eartlar\u0131 ve Ko\u015fullar\u0131\n\t\t\t\t\t\t\t<\/h1>\n\t\t\t\t\t\t\n\t\t\t\t\t<\/div>\n\n\t\t\t\t\t<div class=\"col-span-4 md:col-span-8 lg:col-start-3 xl:col-span-6 xl:col-start-4\">\n\t\t\t\t\t\t\t\t\t\t\t<\/div>\n\n\t\t\t\t\t\t\t\t\t\t\t\t\t\t\t\t\n\n\t\t\t\t<\/div>\n\t\t\t<\/div>\n\n\t\t\t<div class=\"flex justify-center relative \">\n\t\t\t\t\t\t\t\t<div class=\" md:max-w-3xl lg:max-w-7xl relative\">\n\t\t\t\t\t\t<picture>\n\t\t\t\t\t\t\t\t\t\t\t<\/picture>\n    \n\t\t\t\t<\/div>\n\t\t\t<\/div>\n\t\t<\/div>\n\n\t<\/section>\n\n\n\n\t<section class=\"ktp-block ktp2_0-block\">\n\t\t<div class=\"tcl-tabbed-content py-20\">\n\t\t\t<div class=\"ktp-container\">\n\t\t\t\t<div class=\"ktp-grid items-top min-h-max\">\n\t\t\t\t\t<div class=\"col-span-4 md:col-span-8 lg:col-span-3 lg:relative\">\n\t\t\t\t\t\t<div class=\"spacer\"><\/div>\n\t\t\t\t\t\t<div class=\"tcl-tabbed-content--links w-full bg-white overflow-x-scroll lg:overflow-x-auto mb-6\">\n\t\t\t\t\t\t\t<ul class=\"w-max hidden lg:block lg:w-full\">\n\t\t\t\t\t\t\t\t\t\t\t\t\t\t\t\t\t\t\t\t\t\t\t\t\t\t\t\t\t\t\t\t\t\t\t\t\t\t\t\t\t\t\t\t\t\t<li data-target-tab='tab_content_1' class='tab_link_1 tab-link tab-link_has_nav inline-block w-auto text-center  border-b-2 border-solid text-brand-primary-midnight-325 border-transparent  px-4 cursor-pointer py-2 lg:border-l-2 lg:w-full lg:text-left lg:border-b-0 lg:border-solid  lg:py-4 lg:pl-6 lg:pr-0  active'>\n\n\n\t\t\t\t\t\t\t\t\t\t\tEPD Teklifi i\u00e7in KVT\n\t\t\t\t\t\t\t\t\t\t<\/li>\n\t\t\t\t\t\t\t\t\t\t<ul class=\"w-max lg:w-full overflow-hidden\">\n\t\t\t\t\t\t\t\t\t\t\t\t\t\t\t\t\t\t\t\t\t\t\t<li data-target-tab='tab_sub_content_1_1' class='tab_sub_link_1_1 tab-link w-auto text-center text-brand-primary-midnight-450 border-b-2 border-solid border-transparent px-4 cursor-pointer py-2 lg:border-l-2 lg:w-full lg:text-left lg:border-b-0 lg:border-solid  lg:py-2 lg:pl-10 lg:pr-0'>\n\t\t\t\t\t\t\t\t\t\t\t\t\tK\u00fcl\u00e7elerin Kinesis kasalar\u0131na aktar\u0131lmas\u0131 i\u00e7in yap\u0131lan masraflar.\n\t\t\t\t\t\t\t\t\t\t\t\t<\/li>\n\t\t\t\t\t\t\t\t\t\t\t\t\t\t\t\t\t\t\t\t\t<\/ul>\n\t\t\t\t\t\t\t\t\t\t\t\t\t\t\t\t\t\t\t\t\t\t\t\t<\/ul>\n\t\t\t\t\t\t\t<ul class=\"flex lg:hidden w-max lg:w-full mr-8 lg:mr-0 \">\n\t\t\t\t\t\t\t\t\t\t\t\t\t\t\t\t\t<li data-target-tab='tab_content_1' class='tab_link_1 tab-link inline-block w-auto text-center text-brand-primary-midnight-325 border-b-2 border-solid border-transparent px-4 cursor-pointer py-2 md:pt-2 md:pb-3 lg:border-l-2 lg:w-full lg:text-left lg:border-b-0 lg:border-solid lg:border-midnight-90 lg:py-4 lg:pl-6 lg:pr-0   active'>\n\t\t\t\t\t\t\t\t\t\tEPD Teklifi i\u00e7in KVT\n\t\t\t\t\t\t\t\t\t<\/li>\n\t\t\t\t\t\t\t\t\t\t\t\t\t\t\t<\/ul>\n\t\t\t\t\t\t<\/div>\n\t\t\t\t\t<\/div>\n\t\t\t\t\t<div class=\"col-span-4 md:col-span-8 lg:col-span-9\">\n\t\t\t\t\t\t<div class=\"tcl-tabbed-content--content\">\n\t\t\t\t\t\t\t\t\t\t\t\t\t\t    \t\t\t\t\t\t\t\t<div id=\"epd-teklifi-iin-kvt\" class=\"relative -top-36 w-full\"><\/div>\n\t\t\t\t\t\t\t\t<div data-content-id=\"1\" class='tab_content tab_content_1 mb-0'>\n\t\t\t\t\t\t\t\t\t<h2 class=\"sm neutral mb-6 text-brand-primary-midnight-500\">EPD Teklifi i\u00e7in KVT<\/h2>\n\t\t\t\t\t\t\t\t\t<div class=\"p-container body-sm text-brand-primary-midnight-325 mb-6\">\n\t\t\t\t\t\t\t\t\t\t\n\t\t\t\t\t\t\t\t\t<\/div>\n\t\t\t\t\t\t\t\t\t\t\t\t\t\t\t\t\t\t\t\t\t\t\t\t\t\t\t\t\t\t\t\t\t\t\t\t\t\t\t\t<div data-sub-content-id=\"1\" class='sub_tab_content tab_sub_content_1_1 mb-0'>\n\t\t\t\t\t\t\t\t\t\t\t\t<h3 class=\"sm neutral mb-6 text-brand-primary-midnight-375\">K\u00fcl\u00e7elerin Kinesis kasalar\u0131na aktar\u0131lmas\u0131 i\u00e7in yap\u0131lan masraflar.<\/h3>\n\t\t\t\t\t\t\t\t\t\t\t\t<div class=\"p-container body-sm text-brand-primary-midnight-325\">\n\t\t\t\t\t\t\t\t\t\t\t\t\t<p>Kinesis, k\u00fcl\u00e7e varl\u0131klar\u0131n\u0131 EPD s\u00fcreci kapsam\u0131nda Kinesis\u2019e devreden ve bu t\u00fcr k\u00fcl\u00e7eleri ta\u015f\u0131mak i\u00e7in katlan\u0131lan maliyetlerin 1.000 ABD Dolar\u0131n\u0131 a\u015ft\u0131\u011f\u0131 Kinesis para birimlerini basan mevcut k\u00fcl\u00e7e yat\u0131r\u0131mc\u0131lar\u0131na 1 KVT teklif etmekten memnuniyet duyar.<\/p>\n<p>Ba\u015fka bir onayl\u0131 yerde metal sakl\u0131yorsan\u0131z ve metalinizi Kinesis\u2019e ta\u015f\u0131mak ve Kinesis para birimi basmak istiyorsan\u0131z, l\u00fctfen daha fazla bilgi i\u00e7in bizimle ileti\u015fime ge\u00e7in.<\/p>\n<p><strong>Yeterlilik i\u00e7in \u015funlar\u0131 yapmal\u0131s\u0131n\u0131z:<\/strong><\/p>\n<ul>\n<li>K\u00fcl\u00e7e yat\u0131rma i\u015flemi i\u00e7in ABX Kalite G\u00fcvence Yap\u0131s\u0131na uyun;<\/li>\n<li>1.000 ABD Dolar\u0131n\u0131 a\u015fan k\u00fcl\u00e7e ta\u015f\u0131ma i\u015flemi i\u00e7in yap\u0131lan masraflar\u0131n ayr\u0131nt\u0131lar\u0131n\u0131 g\u00f6steren onayl\u0131 bir nakliye acentesinden bir fatura sa\u011flay\u0131n;<\/li>\n<li>EPD i\u00e7in KVT Teklifi s\u0131ras\u0131nda yat\u0131r\u0131lan k\u00fcl\u00e7enizi KAU veya KAG olarak bas\u0131n.<\/li>\n<\/ul>\n<p>Kinesis\u2019in EPD i\u00e7in KVT Teklifi s\u0131ras\u0131nda herhangi bir zamanda bu teklifi kendi takdirine ba\u011fl\u0131 olarak de\u011fi\u015ftirebilece\u011fini veya sonland\u0131rabilece\u011fini l\u00fctfen unutmay\u0131n; bu karar e-posta, web sitesi ve tan\u0131nm\u0131\u015f Kinesis Telegram grubu arac\u0131l\u0131\u011f\u0131yla iletilecektir.<\/p>\n<p>Bu tekliften yararlanan ve Kinesis Para Birimi sat\u0131n alarak veya EPD i\u00e7in k\u00fcl\u00e7e aktararak para basma olana\u011f\u0131na sahip herhangi bir ki\u015finin, ba\u015fvuru s\u00fcrecinde Kullan\u0131m \u015eartlar\u0131na kaydolmas\u0131 ve uygun \u015fekilde KYC\u2019yi (M\u00fc\u015fterinizi Tan\u0131y\u0131n) tamamlamas\u0131 gerekir.<\/p>\n<p class=\"has-link-color wp-elements-7634162a935efed20c39857f9c3fc27b\">EPD s\u00fcreci ve k\u00fcl\u00e7e yat\u0131rma gereksinimleri hakk\u0131nda daha fazla bilgi i\u00e7in l\u00fctfen EPD sayfam\u0131z\u0131\u00a0<a href=\"https:\/\/kinesis.money\/tr\/borsa-fiziksel-dijital-takasi\/\" target=\"_blank\" rel=\"noreferrer noopener\">buradan<\/a>\u00a0ziyaret edin.<\/p>\n\n\t\t\t\t\t\t\t\t\t\t\t\t<\/div>\n\t\t\t\t\t\t\t\t\t\t\t<\/div>\n\t\t\t\t\t\t\t\t\t\t\t\t\t\t\t\t\t\t\t\t\t\t\t\t\t\t\t<\/div>\n\t\t\t\t\t\t\t\t\t\t\t\t\t<\/div>\n\t\t\t\t\t<\/div>\n\t\t\t\t<\/div>\n\t\t\t<\/div>\n\t\t<\/div>\n\t<\/section>\n","protected":false},"excerpt":{"rendered":"","protected":false},"author":6,"featured_media":0,"parent":0,"menu_order":0,"comment_status":"closed","ping_status":"closed","template":"","meta":{"_acf_changed":true,"footnotes":""},"class_list":["post-47420","page","type-page","status-publish","hentry"],"acf":[],"yoast_head":"<!-- This site is optimized with the Yoast SEO Premium plugin v27.4 (Yoast SEO v27.4) - https:\/\/yoast.com\/product\/yoast-seo-premium-wordpress\/ -->\n<title>EPD i\u00e7in KVT Teklif \u015eartlar\u0131 ve Ko\u015fullar\u0131 | Kinesis<\/title>\n<meta name=\"description\" content=\"Alt\u0131n ve g\u00fcm\u00fc\u015f k\u00fcl\u00e7elerinizi EPD s\u00fcreci arac\u0131l\u0131\u011f\u0131yla Kinesis kasalar\u0131na getirdi\u011finizde 1 Kinesis Velocity Token kazan\u0131n.\" \/>\n<meta name=\"robots\" content=\"index, follow, max-snippet:-1, max-image-preview:large, max-video-preview:-1\" \/>\n<meta property=\"og:locale\" content=\"tr_TR\" \/>\n<meta property=\"og:type\" content=\"article\" \/>\n<meta property=\"og:title\" content=\"EPD i\u00e7in KVT Teklif \u015eartlar\u0131 ve Ko\u015fullar\u0131 | Kinesis\" \/>\n<meta property=\"og:description\" content=\"Alt\u0131n ve g\u00fcm\u00fc\u015f k\u00fcl\u00e7elerinizi EPD s\u00fcreci arac\u0131l\u0131\u011f\u0131yla Kinesis kasalar\u0131na getirdi\u011finizde 1 Kinesis Velocity Token kazan\u0131n.\" \/>\n<meta property=\"og:url\" content=\"https:\/\/kinesis.money\/tr\/kvt-basim-teklifi-bonus-kosullari\/\" \/>\n<meta property=\"og:site_name\" content=\"Kinesis\" \/>\n<meta property=\"article:modified_time\" content=\"2024-02-20T14:48:32+00:00\" \/>\n<meta name=\"twitter:card\" content=\"summary_large_image\" \/>\n<meta name=\"twitter:title\" content=\"EPD i\u00e7in KVT Teklif \u015eartlar\u0131 ve Ko\u015fullar\u0131 | Kinesis\" \/>\n<meta name=\"twitter:description\" content=\"Alt\u0131n ve g\u00fcm\u00fc\u015f k\u00fcl\u00e7elerinizi EPD s\u00fcreci arac\u0131l\u0131\u011f\u0131yla Kinesis kasalar\u0131na getirdi\u011finizde 1 Kinesis Velocity Token kazan\u0131n.\" \/>\n<meta name=\"twitter:label1\" content=\"Tahmini okuma s\u00fcresi\" \/>\n\t<meta name=\"twitter:data1\" content=\"1 dakika\" \/>\n<script type=\"application\/ld+json\" class=\"yoast-schema-graph\">{\"@context\":\"https:\\\/\\\/schema.org\",\"@graph\":[{\"@type\":\"WebPage\",\"@id\":\"https:\\\/\\\/kinesis.money\\\/tr\\\/kvt-basim-teklifi-bonus-kosullari\\\/\",\"url\":\"https:\\\/\\\/kinesis.money\\\/tr\\\/kvt-basim-teklifi-bonus-kosullari\\\/\",\"name\":\"EPD i\u00e7in KVT Teklif \u015eartlar\u0131 ve Ko\u015fullar\u0131 | Kinesis\",\"isPartOf\":{\"@id\":\"https:\\\/\\\/kinesis.money\\\/#website\"},\"datePublished\":\"2022-12-15T19:21:58+00:00\",\"dateModified\":\"2024-02-20T14:48:32+00:00\",\"description\":\"Alt\u0131n ve g\u00fcm\u00fc\u015f k\u00fcl\u00e7elerinizi EPD s\u00fcreci arac\u0131l\u0131\u011f\u0131yla Kinesis kasalar\u0131na getirdi\u011finizde 1 Kinesis Velocity Token kazan\u0131n.\",\"breadcrumb\":{\"@id\":\"https:\\\/\\\/kinesis.money\\\/tr\\\/kvt-basim-teklifi-bonus-kosullari\\\/#breadcrumb\"},\"inLanguage\":\"tr\",\"potentialAction\":[{\"@type\":\"ReadAction\",\"target\":[\"https:\\\/\\\/kinesis.money\\\/tr\\\/kvt-basim-teklifi-bonus-kosullari\\\/\"]}]},{\"@type\":\"BreadcrumbList\",\"@id\":\"https:\\\/\\\/kinesis.money\\\/tr\\\/kvt-basim-teklifi-bonus-kosullari\\\/#breadcrumb\",\"itemListElement\":[{\"@type\":\"ListItem\",\"position\":1,\"name\":\"Home\",\"item\":\"https:\\\/\\\/kinesis.money\\\/tr\\\/\"},{\"@type\":\"ListItem\",\"position\":2,\"name\":\"KVT Bas\u0131m Teklifi Bonus Ko\u015fullar\u0131\"}]},{\"@type\":\"WebSite\",\"@id\":\"https:\\\/\\\/kinesis.money\\\/#website\",\"url\":\"https:\\\/\\\/kinesis.money\\\/\",\"name\":\"Kinesis\",\"description\":\"\",\"potentialAction\":[{\"@type\":\"SearchAction\",\"target\":{\"@type\":\"EntryPoint\",\"urlTemplate\":\"https:\\\/\\\/kinesis.money\\\/?s={search_term_string}\"},\"query-input\":{\"@type\":\"PropertyValueSpecification\",\"valueRequired\":true,\"valueName\":\"search_term_string\"}}],\"inLanguage\":\"tr\"}]}<\/script>\n<!-- \/ Yoast SEO Premium plugin. -->","yoast_head_json":{"title":"EPD i\u00e7in KVT Teklif \u015eartlar\u0131 ve Ko\u015fullar\u0131 | Kinesis","description":"Alt\u0131n ve g\u00fcm\u00fc\u015f k\u00fcl\u00e7elerinizi EPD s\u00fcreci arac\u0131l\u0131\u011f\u0131yla Kinesis kasalar\u0131na getirdi\u011finizde 1 Kinesis Velocity Token kazan\u0131n.","robots":{"index":"index","follow":"follow","max-snippet":"max-snippet:-1","max-image-preview":"max-image-preview:large","max-video-preview":"max-video-preview:-1"},"og_locale":"tr_TR","og_type":"article","og_title":"EPD i\u00e7in KVT Teklif \u015eartlar\u0131 ve Ko\u015fullar\u0131 | Kinesis","og_description":"Alt\u0131n ve g\u00fcm\u00fc\u015f k\u00fcl\u00e7elerinizi EPD s\u00fcreci arac\u0131l\u0131\u011f\u0131yla Kinesis kasalar\u0131na getirdi\u011finizde 1 Kinesis Velocity Token kazan\u0131n.","og_url":"https:\/\/kinesis.money\/tr\/kvt-basim-teklifi-bonus-kosullari\/","og_site_name":"Kinesis","article_modified_time":"2024-02-20T14:48:32+00:00","twitter_card":"summary_large_image","twitter_title":"EPD i\u00e7in KVT Teklif \u015eartlar\u0131 ve Ko\u015fullar\u0131 | Kinesis","twitter_description":"Alt\u0131n ve g\u00fcm\u00fc\u015f k\u00fcl\u00e7elerinizi EPD s\u00fcreci arac\u0131l\u0131\u011f\u0131yla Kinesis kasalar\u0131na getirdi\u011finizde 1 Kinesis Velocity Token kazan\u0131n.","twitter_misc":{"Tahmini okuma s\u00fcresi":"1 dakika"},"schema":{"@context":"https:\/\/schema.org","@graph":[{"@type":"WebPage","@id":"https:\/\/kinesis.money\/tr\/kvt-basim-teklifi-bonus-kosullari\/","url":"https:\/\/kinesis.money\/tr\/kvt-basim-teklifi-bonus-kosullari\/","name":"EPD i\u00e7in KVT Teklif \u015eartlar\u0131 ve Ko\u015fullar\u0131 | Kinesis","isPartOf":{"@id":"https:\/\/kinesis.money\/#website"},"datePublished":"2022-12-15T19:21:58+00:00","dateModified":"2024-02-20T14:48:32+00:00","description":"Alt\u0131n ve g\u00fcm\u00fc\u015f k\u00fcl\u00e7elerinizi EPD s\u00fcreci arac\u0131l\u0131\u011f\u0131yla Kinesis kasalar\u0131na getirdi\u011finizde 1 Kinesis Velocity Token kazan\u0131n.","breadcrumb":{"@id":"https:\/\/kinesis.money\/tr\/kvt-basim-teklifi-bonus-kosullari\/#breadcrumb"},"inLanguage":"tr","potentialAction":[{"@type":"ReadAction","target":["https:\/\/kinesis.money\/tr\/kvt-basim-teklifi-bonus-kosullari\/"]}]},{"@type":"BreadcrumbList","@id":"https:\/\/kinesis.money\/tr\/kvt-basim-teklifi-bonus-kosullari\/#breadcrumb","itemListElement":[{"@type":"ListItem","position":1,"name":"Home","item":"https:\/\/kinesis.money\/tr\/"},{"@type":"ListItem","position":2,"name":"KVT Bas\u0131m Teklifi Bonus Ko\u015fullar\u0131"}]},{"@type":"WebSite","@id":"https:\/\/kinesis.money\/#website","url":"https:\/\/kinesis.money\/","name":"Kinesis","description":"","potentialAction":[{"@type":"SearchAction","target":{"@type":"EntryPoint","urlTemplate":"https:\/\/kinesis.money\/?s={search_term_string}"},"query-input":{"@type":"PropertyValueSpecification","valueRequired":true,"valueName":"search_term_string"}}],"inLanguage":"tr"}]}},"_links":{"self":[{"href":"https:\/\/kinesis.money\/tr\/wp-json\/wp\/v2\/pages\/47420","targetHints":{"allow":["GET"]}}],"collection":[{"href":"https:\/\/kinesis.money\/tr\/wp-json\/wp\/v2\/pages"}],"about":[{"href":"https:\/\/kinesis.money\/tr\/wp-json\/wp\/v2\/types\/page"}],"author":[{"embeddable":true,"href":"https:\/\/kinesis.money\/tr\/wp-json\/wp\/v2\/users\/6"}],"replies":[{"embeddable":true,"href":"https:\/\/kinesis.money\/tr\/wp-json\/wp\/v2\/comments?post=47420"}],"version-history":[{"count":0,"href":"https:\/\/kinesis.money\/tr\/wp-json\/wp\/v2\/pages\/47420\/revisions"}],"wp:attachment":[{"href":"https:\/\/kinesis.money\/tr\/wp-json\/wp\/v2\/media?parent=47420"}],"curies":[{"name":"wp","href":"https:\/\/api.w.org\/{rel}","templated":true}]}}