{"id":103909,"date":"2022-06-24T13:05:23","date_gmt":"2022-06-24T13:05:23","guid":{"rendered":"https:\/\/kinesis.money\/?page_id=103909"},"modified":"2023-12-04T09:53:38","modified_gmt":"2023-12-04T09:53:38","slug":"baanx","status":"publish","type":"page","link":"https:\/\/kinesis.money\/tr\/baanx\/","title":{"rendered":"Baanx"},"content":{"rendered":"\t<section class=\"ktp-block ktp2_0-block\">\n\t\t<div class=\"bg-midnight-base min-h-screen dark\">\n\t\t\t<div class=\"ktp-container\">\n\t\t\t\t<div class=\"text-center w-full h-16 lg:h-[92px] flex justify-center items-center\">\n\t\t\t\t\t\t\t\t\t\t\t\t\t\t<picture>\n\t\t<source srcset=\"https:\/\/kinesis.money\/wp-content\/uploads\/2022\/05\/white-logo.svg\" type=\"image\/webp\"  loading=\"lazy\">\n\t\t<img width=\"124\" height=\"32\" src=\"https:\/\/kinesis.money\/wp-content\/uploads\/2022\/05\/white-logo.svg\" alt=\"\" class=\"mx-auto w-[117px]\"  loading=\"lazy\">\n\t<\/picture>\n\n\t\t\t\t\t\t\t\t\t<\/div>\n\t\t\t\t<div class=\"ktp-grid items-center\">\n\n\t\t\t\t\t<div class=\"text-center lg:text-left col-span-4 md:col-span-8 lg:col-span-6 xl:col-span-5 xl:col-start-2 self-center flex flex-col justify-center py-16 md:pt-20 lg:py-0 lg:min-h-[644px]\">\n\t\t\t\t\t\t<h1 class=\"text-product-neutral-white\">Kinesis Sanal Kart<\/h1>\n\t\t\t\t\t\t<p class=\"body-md neutral text-brand-primary-midnight-90 mt-6\">Alt\u0131n, g\u00fcm\u00fc\u015f ve kripto paran\u0131z\u0131 ger\u00e7ek zamanl\u0131 olarak, d\u00fcnyan\u0131n her yerinde, sat\u0131n alma an\u0131nda an\u0131nda d\u00f6n\u00fc\u015ft\u00fcrerek harcay\u0131n<\/p>\n\t\t\t\t\t\t\t\t\t<picture>\n\t\t<source srcset=\"https:\/\/kinesis.money\/wp-content\/uploads\/2022\/10\/baanx-powered-logo.svg\" type=\"image\/webp\"  loading=\"lazy\">\n\t\t<img width=\"124px\" height=\"37px\" src=\"https:\/\/kinesis.money\/wp-content\/uploads\/2022\/10\/baanx-powered-logo.svg\" alt=\"\" class=\"mt-10 mx-auto lg:mx-0 w-26\"  loading=\"lazy\">\n\t<\/picture>\n\n\t\t\t\t\t\t\t\t\t\t\t<\/div>\n\n\t\t\t\t\t<div class=\"col-span-4 md:col-span-6 md:col-start-2 lg:col-span-6\">\n\t\t\t\t\t\t\t<picture>\n\t\t\t\t\t\t\t\t<source media=\"(min-width: 1024px)\" type=\"image\/webp\" srcset=\"https:\/\/kinesis.money\/wp-content\/uploads\/2022\/06\/KinesisVirtualCard-2.webp\">\n\t\t\t\t\t\t\t\t\t\t\t\t<source media=\"(min-width: 768px)\" type=\"image\/webp\" srcset=\"https:\/\/kinesis.money\/wp-content\/uploads\/2022\/06\/KinesisVirtualCard-2.webp\">\n\t\t\t\t\t\t\t\t\t\t<source media=\"(max-width: 767px)\" type=\"image\/webp\" srcset=\"https:\/\/kinesis.money\/wp-content\/uploads\/2022\/06\/KinesisVirtualCard-2.webp\">\n\t\t\t\t\t\t\t<img width=\"617\" height=\"603\" src=\"https:\/\/kinesis.money\/wp-content\/uploads\/2022\/06\/KinesisVirtualCard-2.png\" alt=\"\" class=\"img-responsive w-full h-auto \"  loading=\"lazy\">\n\t\t\t<\/picture>\n    \n\t\t\t\t\t<\/div>\n\n\t\t\t\t\t<div class=\"col-span-4 md:col-span-8 lg:col-span-12 xl:col-span-10 xl:col-start-2 my-10\">\n\t\t\t\t\t\t<div class=\"mx-auto\">\n\t\t\t\t\t\t\t<div class=\"w-full flex flex-row justify-center flex-wrap\">\n\t\t\t\t\t\t\t\t\t\t\t\t\t\t\t\t\t\t\t\t\t\t\t\t\t\t\t\n\t\t\t\t\t\t\t\t\t\t\n\t\t\t\t\t\t\t\t\t\t<a class=\"ktp-btn btn sm tertiary mb-2 mx-2\" href=\"https:\/\/kinesis.money\/wp-content\/uploads\/2022\/06\/Kinesis-Virtual-Only-Mastercard-Terms-Conditions-2.pdf\" target=\"_blank\">Kart ko\u015fullar\u0131 (MC H\u00fck\u00fcm ve ko\u015fullar\u0131)<\/a>\n\n\t\t\t\t\t\t\t\t\t\t\t\t\t\t\t\t\t\t\t\n\t\t\t\t\t\t\t\t\t\t\n\t\t\t\t\t\t\t\t\t\t<a class=\"ktp-btn btn sm tertiary mb-2 mx-2\" href=\"https:\/\/kinesis.money\/wp-content\/uploads\/2022\/06\/Kinesis-Virtual-Only-Digital-Wallet-Terms-2.pdf\" target=\"_blank\">Dijital c\u00fczdan Ko\u015fullar\u0131<\/a>\n\n\t\t\t\t\t\t\t\t\t\t\t\t\t\t\t\t\t\t\t\n\t\t\t\t\t\t\t\t\t\t\n\t\t\t\t\t\t\t\t\t\t<a class=\"ktp-btn btn sm tertiary mb-2 mx-2\" href=\"https:\/\/kinesis.money\/wp-content\/uploads\/2022\/06\/Kinesis-User-Fee-Information-Document-GBP.pdf\" target=\"_blank\">Kullan\u0131c\u0131ya y\u00f6nelik \u00fccretler &#8211; GBP<\/a>\n\n\t\t\t\t\t\t\t\t\t\t\t\t\t\t\t\t\t\t\t\n\t\t\t\t\t\t\t\t\t\t\n\t\t\t\t\t\t\t\t\t\t<a class=\"ktp-btn btn sm tertiary mb-2 mx-2\" href=\"https:\/\/kinesis.money\/wp-content\/uploads\/2022\/06\/Kinesis-Virtual-only-User-Fee-Information-Document-EUR.pdf\" target=\"_blank\">Kullan\u0131c\u0131ya y\u00f6nelik \u00fccretler &#8211; EUR<\/a>\n\n\t\t\t\t\t\t\t\t\t\t\t\t\t\t\t\t\t\t\t\n\t\t\t\t\t\t\t\t\t\t\n\t\t\t\t\t\t\t\t\t\t<a class=\"ktp-btn btn sm tertiary mb-2 mx-2\" href=\"https:\/\/kinesis.money\/wp-content\/uploads\/2022\/06\/Optimus-privacy-policy.pdf\" target=\"_blank\">Gizlilik Politikas\u0131<\/a>\n\n\t\t\t\t\t\t\t\t\t\t\t\t\t\t\t\t\t\t\t\t\t\t\t\t<\/div>\n\t\t\t\t\t\t<\/div>\n\n\t\t\t\t\t\t<div class=\"body-2xs neutral text-brand-primary-midnight-125 text-center\">\n\t\t\t\t\t\t\tKinesis Sanal Kart, Baanx taraf\u0131ndan desteklenmekte ve y\u00f6netilmektedir. Kinesis Sanal Kart, Mastercard&#8217;\u0131n ana \u00fcyesi olan ve Financial Conduct Authority (Firma Referans Numaras\u0131 902034) taraf\u0131ndan E-Para Kurulu\u015fu olarak yetkilendirilen Optimus Cards UK Limited taraf\u0131ndan verilir. Optimus Cards UK Ltd \u0130ngiltere ve Galler&#8217;de kay\u0131tl\u0131d\u0131r, No. 09044866 ve Kay\u0131tl\u0131 Ofis adresi Suite A, 6 Honduras Street, Londra, \u0130ngiltere, EC1Y 0TH&#8217;dir.\n\t\t\t\t\t\t<\/div>\n\t\t\t\t\t<\/div>\n\t\t\t\t<\/div>\n\t\t\t<\/div>\n\t\t<\/div>\n\t<\/section>\n","protected":false},"excerpt":{"rendered":"","protected":false},"author":22,"featured_media":0,"parent":0,"menu_order":0,"comment_status":"closed","ping_status":"closed","template":"page-splash-page_template.php","meta":{"_acf_changed":false,"footnotes":""},"class_list":["post-103909","page","type-page","status-publish","hentry"],"acf":[],"yoast_head":"<!-- This site is optimized with the Yoast SEO Premium plugin v27.4 (Yoast SEO v27.5) - https:\/\/yoast.com\/product\/yoast-seo-premium-wordpress\/ -->\n<title>Baanx - Kinesis<\/title>\n<meta name=\"robots\" content=\"noindex, nofollow\" \/>\n<meta property=\"og:locale\" content=\"tr_TR\" \/>\n<meta property=\"og:type\" content=\"article\" \/>\n<meta property=\"og:title\" content=\"Baanx\" \/>\n<meta property=\"og:url\" content=\"https:\/\/kinesis.money\/tr\/baanx\/\" \/>\n<meta property=\"og:site_name\" content=\"Kinesis\" \/>\n<meta property=\"article:modified_time\" content=\"2023-12-04T09:53:38+00:00\" \/>\n<meta name=\"twitter:card\" content=\"summary_large_image\" \/>\n<script type=\"application\/ld+json\" class=\"yoast-schema-graph\">{\"@context\":\"https:\\\/\\\/schema.org\",\"@graph\":[{\"@type\":\"WebPage\",\"@id\":\"https:\\\/\\\/kinesis.money\\\/tr\\\/baanx\\\/\",\"url\":\"https:\\\/\\\/kinesis.money\\\/tr\\\/baanx\\\/\",\"name\":\"Baanx - Kinesis\",\"isPartOf\":{\"@id\":\"https:\\\/\\\/kinesis.money\\\/#website\"},\"datePublished\":\"2022-06-24T13:05:23+00:00\",\"dateModified\":\"2023-12-04T09:53:38+00:00\",\"breadcrumb\":{\"@id\":\"https:\\\/\\\/kinesis.money\\\/tr\\\/baanx\\\/#breadcrumb\"},\"inLanguage\":\"tr\",\"potentialAction\":[{\"@type\":\"ReadAction\",\"target\":[\"https:\\\/\\\/kinesis.money\\\/tr\\\/baanx\\\/\"]}]},{\"@type\":\"BreadcrumbList\",\"@id\":\"https:\\\/\\\/kinesis.money\\\/tr\\\/baanx\\\/#breadcrumb\",\"itemListElement\":[{\"@type\":\"ListItem\",\"position\":1,\"name\":\"Home\",\"item\":\"https:\\\/\\\/kinesis.money\\\/tr\\\/\"},{\"@type\":\"ListItem\",\"position\":2,\"name\":\"Baanx\"}]},{\"@type\":\"WebSite\",\"@id\":\"https:\\\/\\\/kinesis.money\\\/#website\",\"url\":\"https:\\\/\\\/kinesis.money\\\/\",\"name\":\"Kinesis\",\"description\":\"\",\"potentialAction\":[{\"@type\":\"SearchAction\",\"target\":{\"@type\":\"EntryPoint\",\"urlTemplate\":\"https:\\\/\\\/kinesis.money\\\/?s={search_term_string}\"},\"query-input\":{\"@type\":\"PropertyValueSpecification\",\"valueRequired\":true,\"valueName\":\"search_term_string\"}}],\"inLanguage\":\"tr\"}]}<\/script>\n<!-- \/ Yoast SEO Premium plugin. -->","yoast_head_json":{"title":"Baanx - Kinesis","robots":{"index":"noindex","follow":"nofollow"},"og_locale":"tr_TR","og_type":"article","og_title":"Baanx","og_url":"https:\/\/kinesis.money\/tr\/baanx\/","og_site_name":"Kinesis","article_modified_time":"2023-12-04T09:53:38+00:00","twitter_card":"summary_large_image","schema":{"@context":"https:\/\/schema.org","@graph":[{"@type":"WebPage","@id":"https:\/\/kinesis.money\/tr\/baanx\/","url":"https:\/\/kinesis.money\/tr\/baanx\/","name":"Baanx - Kinesis","isPartOf":{"@id":"https:\/\/kinesis.money\/#website"},"datePublished":"2022-06-24T13:05:23+00:00","dateModified":"2023-12-04T09:53:38+00:00","breadcrumb":{"@id":"https:\/\/kinesis.money\/tr\/baanx\/#breadcrumb"},"inLanguage":"tr","potentialAction":[{"@type":"ReadAction","target":["https:\/\/kinesis.money\/tr\/baanx\/"]}]},{"@type":"BreadcrumbList","@id":"https:\/\/kinesis.money\/tr\/baanx\/#breadcrumb","itemListElement":[{"@type":"ListItem","position":1,"name":"Home","item":"https:\/\/kinesis.money\/tr\/"},{"@type":"ListItem","position":2,"name":"Baanx"}]},{"@type":"WebSite","@id":"https:\/\/kinesis.money\/#website","url":"https:\/\/kinesis.money\/","name":"Kinesis","description":"","potentialAction":[{"@type":"SearchAction","target":{"@type":"EntryPoint","urlTemplate":"https:\/\/kinesis.money\/?s={search_term_string}"},"query-input":{"@type":"PropertyValueSpecification","valueRequired":true,"valueName":"search_term_string"}}],"inLanguage":"tr"}]}},"_links":{"self":[{"href":"https:\/\/kinesis.money\/tr\/wp-json\/wp\/v2\/pages\/103909","targetHints":{"allow":["GET"]}}],"collection":[{"href":"https:\/\/kinesis.money\/tr\/wp-json\/wp\/v2\/pages"}],"about":[{"href":"https:\/\/kinesis.money\/tr\/wp-json\/wp\/v2\/types\/page"}],"author":[{"embeddable":true,"href":"https:\/\/kinesis.money\/tr\/wp-json\/wp\/v2\/users\/22"}],"replies":[{"embeddable":true,"href":"https:\/\/kinesis.money\/tr\/wp-json\/wp\/v2\/comments?post=103909"}],"version-history":[{"count":0,"href":"https:\/\/kinesis.money\/tr\/wp-json\/wp\/v2\/pages\/103909\/revisions"}],"wp:attachment":[{"href":"https:\/\/kinesis.money\/tr\/wp-json\/wp\/v2\/media?parent=103909"}],"curies":[{"name":"wp","href":"https:\/\/api.w.org\/{rel}","templated":true}]}}