{"id":103875,"date":"2021-07-04T15:12:50","date_gmt":"2021-07-04T15:12:50","guid":{"rendered":"https:\/\/kinesis.money\/?page_id=103875"},"modified":"2023-12-01T11:12:09","modified_gmt":"2023-12-01T11:12:09","slug":"video-dersler","status":"publish","type":"page","link":"https:\/\/kinesis.money\/tr\/video-dersler\/","title":{"rendered":"Video Dersler"},"content":{"rendered":"\t<section class=\"ktp-block ktp2_0-block\">\n\n\t\t<div class=\"hero-centered dark bg-brand-primary-midnight-500 text-center\">\n\n\n\t\t\t<div class=\"ktp-container\">\n\t\t\t\t<div class=\"ktp-grid py-16 md:pt-20 \">\n\n\t\t\t\t\t<div class=\"col-span-4 md:col-span-8 lg:col-start-3 xl:col-start-3\">\n\n\t\t\t\t\t\t\n\n\t\t\t\t\t\t\t\t\t\t\t\t\t<h1 class=\"mb-6 md neutral text-product-neutral-white\">\n\t\t\t\t\t\t\t\tVideo Dersler\n\t\t\t\t\t\t\t<\/h1>\n\t\t\t\t\t\t\n\t\t\t\t\t<\/div>\n\n\t\t\t\t\t<div class=\"col-span-4 md:col-span-8 lg:col-start-3 xl:col-span-6 xl:col-start-4\">\n\t\t\t\t\t\t\t\t\t\t\t\t\t<div class=\"text-brand-primary-midnight-90\">\n\t\t\t\t\t\t\t\t<div class=\"p-container body-md\">\n\t\t\t\t\t\t\t\t\t<p>Kinesis Fon Sistemi&#8217;nin sundu\u011fu her \u015feyi e\u011fitim serimizde \u00f6\u011frenin.<\/p>\n\t\t\t\t\t\t\t\t<\/div>\n\t\t\t\t\t\t\t<\/div>\n\t\t\t\t\t\t\t\t\t\t\t<\/div>\n\n\t\t\t\t\t\t\t\t\t\t\t\t\t\t\t\t\n\n\t\t\t\t<\/div>\n\t\t\t<\/div>\n\n\t\t\t<div class=\"flex justify-center relative \">\n\t\t\t\t\t\t\t\t<div class=\" md:max-w-3xl lg:max-w-7xl relative\">\n\t\t\t\t\t\t<picture>\n\t\t\t\t\t\t\t\t\t\t\t<\/picture>\n    \n\t\t\t\t<\/div>\n\t\t\t<\/div>\n\t\t<\/div>\n\n\t<\/section>\n\n\n\t<section class=\"ktp-block ktp2_0-block\">\n\t\t<div class=\"video-lessons-wrapper\">\n\t\t\t\t\t\t\t<div class=\"py-16 md:py-20\">\n\t\t\t\t\t<div class=\"ktp-container\">\n\t\t\t\t\t\t\n\t\t\t\t\t\t<div class=\"ktp-grid pt-10\">\n\t\t\t\t\t\t\t<div class=\"col-span-12 lg:col-span-5\"><\/div>\n\t\t\t\t\t\t\t<div class=\"col-span-12 lg:col-span-7\">\n\t\t\t\t\t\t\t\t<div class=\"ktp-btns-group\"><div class=\"ktp-btns-group-inner -m-1 flex flex-wrap justify-center lg:justify-start -m-1\"><div class=\"p-1 justify-center md:justify-normal \">\t\n\t\n\t\t\t\t\n\t\t\t<a href=\"https:\/\/kms.kinesis.money\/signup\" class=\"ktp-btn btn  primary  inline-flex items-center items-center justify-center normal-case \" target=\"_blank\">\n\t\t\t<span>Get the app<\/span>\n\t\t<\/a>\n\t<\/div><\/div><\/div>\n\t\t\t\t\t\t\t<\/div>\n\t\t\t\t\t\t<\/div>\n\t\t\t\t\t<\/div>\n\t\t\t\t<\/div>\n\t\t\t\t\t\t\t\t\t\t<div class=\"bg-off-white\">\n\t\t\t\t\t<div class=\"py-16 md:py-20\">\n\t\t\t\t\t\t<div class=\"ktp-container\">\n\t\t\t\t\t\t\t<div class=\"ktp-grid\">\n\t\t\t\t\t\t\t\t<div class=\"col-span-4 md:col-span-8 lg:col-span-12 xl:col-span-12\">\n\t\t\t\t\t\t\t\t\t<div class=\"flex flex-wrap -m-4\">\n\n\t\t\t\t\t\t\t\t\t\t\t\t\t\t\t\t\t\t\t<\/div>\n\t\t\t\t\t\t\t\t<\/div>\n\t\t\t\t\t\t\t<\/div>\n\t\t\t\t\t\t<\/div>\n\t\t\t\t\t<\/div>\n\t\t\t\t<\/div>\n\t\t\t\t\t<\/div>\n\t<\/section>\n","protected":false},"excerpt":{"rendered":"<p>Kinesis Fon Sistemi&#8217;nin sundu\u011fu her \u015feyi e\u011fitim serimizde \u00f6\u011frenin.<\/p>\n","protected":false},"author":1,"featured_media":0,"parent":0,"menu_order":0,"comment_status":"closed","ping_status":"closed","template":"","meta":{"_acf_changed":false,"footnotes":""},"class_list":["post-103875","page","type-page","status-publish","hentry"],"acf":[],"yoast_head":"<!-- This site is optimized with the Yoast SEO Premium plugin v27.4 (Yoast SEO v27.5) - https:\/\/yoast.com\/product\/yoast-seo-premium-wordpress\/ -->\n<title>Video Dersleri - Kinesis Money<\/title>\n<meta name=\"description\" content=\"Getirileri, darphaneyi ve dijital alt\u0131n\u0131 a\u00e7\u0131klayan e\u011fitim video serimizde Kinesis Para Sisteminin sundu\u011fu her \u015feyi \u00f6\u011frenin.\" \/>\n<meta name=\"robots\" content=\"index, follow, max-snippet:-1, max-image-preview:large, max-video-preview:-1\" \/>\n<meta property=\"og:locale\" content=\"tr_TR\" \/>\n<meta property=\"og:type\" content=\"article\" \/>\n<meta property=\"og:title\" content=\"Video Dersler\" \/>\n<meta property=\"og:description\" content=\"Getirileri, darphaneyi ve dijital alt\u0131n\u0131 a\u00e7\u0131klayan e\u011fitim video serimizde Kinesis Para Sisteminin sundu\u011fu her \u015feyi \u00f6\u011frenin.\" \/>\n<meta property=\"og:url\" content=\"https:\/\/kinesis.money\/tr\/video-dersler\/\" \/>\n<meta property=\"og:site_name\" content=\"Kinesis\" \/>\n<meta property=\"article:modified_time\" content=\"2023-12-01T11:12:09+00:00\" \/>\n<meta name=\"twitter:card\" content=\"summary_large_image\" \/>\n<meta name=\"twitter:description\" content=\"Getirileri, darphaneyi ve dijital alt\u0131n\u0131 a\u00e7\u0131klayan e\u011fitim video serimizde Kinesis Para Sisteminin sundu\u011fu her \u015feyi \u00f6\u011frenin.\" \/>\n<script type=\"application\/ld+json\" class=\"yoast-schema-graph\">{\"@context\":\"https:\\\/\\\/schema.org\",\"@graph\":[{\"@type\":\"WebPage\",\"@id\":\"https:\\\/\\\/kinesis.money\\\/tr\\\/video-dersler\\\/\",\"url\":\"https:\\\/\\\/kinesis.money\\\/tr\\\/video-dersler\\\/\",\"name\":\"Video Dersleri - Kinesis Money\",\"isPartOf\":{\"@id\":\"https:\\\/\\\/kinesis.money\\\/#website\"},\"datePublished\":\"2021-07-04T15:12:50+00:00\",\"dateModified\":\"2023-12-01T11:12:09+00:00\",\"description\":\"Getirileri, darphaneyi ve dijital alt\u0131n\u0131 a\u00e7\u0131klayan e\u011fitim video serimizde Kinesis Para Sisteminin sundu\u011fu her \u015feyi \u00f6\u011frenin.\",\"breadcrumb\":{\"@id\":\"https:\\\/\\\/kinesis.money\\\/tr\\\/video-dersler\\\/#breadcrumb\"},\"inLanguage\":\"tr\",\"potentialAction\":[{\"@type\":\"ReadAction\",\"target\":[\"https:\\\/\\\/kinesis.money\\\/tr\\\/video-dersler\\\/\"]}]},{\"@type\":\"BreadcrumbList\",\"@id\":\"https:\\\/\\\/kinesis.money\\\/tr\\\/video-dersler\\\/#breadcrumb\",\"itemListElement\":[{\"@type\":\"ListItem\",\"position\":1,\"name\":\"Home\",\"item\":\"https:\\\/\\\/kinesis.money\\\/tr\\\/\"},{\"@type\":\"ListItem\",\"position\":2,\"name\":\"Video Dersler\"}]},{\"@type\":\"WebSite\",\"@id\":\"https:\\\/\\\/kinesis.money\\\/#website\",\"url\":\"https:\\\/\\\/kinesis.money\\\/\",\"name\":\"Kinesis\",\"description\":\"\",\"potentialAction\":[{\"@type\":\"SearchAction\",\"target\":{\"@type\":\"EntryPoint\",\"urlTemplate\":\"https:\\\/\\\/kinesis.money\\\/?s={search_term_string}\"},\"query-input\":{\"@type\":\"PropertyValueSpecification\",\"valueRequired\":true,\"valueName\":\"search_term_string\"}}],\"inLanguage\":\"tr\"}]}<\/script>\n<!-- \/ Yoast SEO Premium plugin. -->","yoast_head_json":{"title":"Video Dersleri - Kinesis Money","description":"Getirileri, darphaneyi ve dijital alt\u0131n\u0131 a\u00e7\u0131klayan e\u011fitim video serimizde Kinesis Para Sisteminin sundu\u011fu her \u015feyi \u00f6\u011frenin.","robots":{"index":"index","follow":"follow","max-snippet":"max-snippet:-1","max-image-preview":"max-image-preview:large","max-video-preview":"max-video-preview:-1"},"og_locale":"tr_TR","og_type":"article","og_title":"Video Dersler","og_description":"Getirileri, darphaneyi ve dijital alt\u0131n\u0131 a\u00e7\u0131klayan e\u011fitim video serimizde Kinesis Para Sisteminin sundu\u011fu her \u015feyi \u00f6\u011frenin.","og_url":"https:\/\/kinesis.money\/tr\/video-dersler\/","og_site_name":"Kinesis","article_modified_time":"2023-12-01T11:12:09+00:00","twitter_card":"summary_large_image","twitter_description":"Getirileri, darphaneyi ve dijital alt\u0131n\u0131 a\u00e7\u0131klayan e\u011fitim video serimizde Kinesis Para Sisteminin sundu\u011fu her \u015feyi \u00f6\u011frenin.","schema":{"@context":"https:\/\/schema.org","@graph":[{"@type":"WebPage","@id":"https:\/\/kinesis.money\/tr\/video-dersler\/","url":"https:\/\/kinesis.money\/tr\/video-dersler\/","name":"Video Dersleri - Kinesis Money","isPartOf":{"@id":"https:\/\/kinesis.money\/#website"},"datePublished":"2021-07-04T15:12:50+00:00","dateModified":"2023-12-01T11:12:09+00:00","description":"Getirileri, darphaneyi ve dijital alt\u0131n\u0131 a\u00e7\u0131klayan e\u011fitim video serimizde Kinesis Para Sisteminin sundu\u011fu her \u015feyi \u00f6\u011frenin.","breadcrumb":{"@id":"https:\/\/kinesis.money\/tr\/video-dersler\/#breadcrumb"},"inLanguage":"tr","potentialAction":[{"@type":"ReadAction","target":["https:\/\/kinesis.money\/tr\/video-dersler\/"]}]},{"@type":"BreadcrumbList","@id":"https:\/\/kinesis.money\/tr\/video-dersler\/#breadcrumb","itemListElement":[{"@type":"ListItem","position":1,"name":"Home","item":"https:\/\/kinesis.money\/tr\/"},{"@type":"ListItem","position":2,"name":"Video Dersler"}]},{"@type":"WebSite","@id":"https:\/\/kinesis.money\/#website","url":"https:\/\/kinesis.money\/","name":"Kinesis","description":"","potentialAction":[{"@type":"SearchAction","target":{"@type":"EntryPoint","urlTemplate":"https:\/\/kinesis.money\/?s={search_term_string}"},"query-input":{"@type":"PropertyValueSpecification","valueRequired":true,"valueName":"search_term_string"}}],"inLanguage":"tr"}]}},"_links":{"self":[{"href":"https:\/\/kinesis.money\/tr\/wp-json\/wp\/v2\/pages\/103875","targetHints":{"allow":["GET"]}}],"collection":[{"href":"https:\/\/kinesis.money\/tr\/wp-json\/wp\/v2\/pages"}],"about":[{"href":"https:\/\/kinesis.money\/tr\/wp-json\/wp\/v2\/types\/page"}],"author":[{"embeddable":true,"href":"https:\/\/kinesis.money\/tr\/wp-json\/wp\/v2\/users\/1"}],"replies":[{"embeddable":true,"href":"https:\/\/kinesis.money\/tr\/wp-json\/wp\/v2\/comments?post=103875"}],"version-history":[{"count":0,"href":"https:\/\/kinesis.money\/tr\/wp-json\/wp\/v2\/pages\/103875\/revisions"}],"wp:attachment":[{"href":"https:\/\/kinesis.money\/tr\/wp-json\/wp\/v2\/media?parent=103875"}],"curies":[{"name":"wp","href":"https:\/\/api.w.org\/{rel}","templated":true}]}}