{"id":117567,"date":"2021-07-04T15:12:50","date_gmt":"2021-07-04T15:12:50","guid":{"rendered":"https:\/\/kinesis.money\/?page_id=117567"},"modified":"2024-04-03T10:41:57","modified_gmt":"2024-04-03T10:41:57","slug":"aulas-em-video","status":"publish","type":"page","link":"https:\/\/kinesis.money\/pt-br\/aulas-em-video\/","title":{"rendered":"Aulas em v\u00eddeo"},"content":{"rendered":"\t<section class=\"ktp-block ktp2_0-block\">\n\n\t\t<div class=\"hero-centered dark bg-brand-primary-midnight-500 text-center\">\n\n\n\t\t\t<div class=\"ktp-container\">\n\t\t\t\t<div class=\"ktp-grid py-16 md:pt-20 \">\n\n\t\t\t\t\t<div class=\"col-span-4 md:col-span-8 lg:col-start-3 xl:col-start-3\">\n\n\t\t\t\t\t\t\n\n\t\t\t\t\t\t\t\t\t\t\t\t\t<h1 class=\"mb-6 md neutral text-product-neutral-white\">\n\t\t\t\t\t\t\t\tAulas em v\u00eddeo\n\t\t\t\t\t\t\t<\/h1>\n\t\t\t\t\t\t\n\t\t\t\t\t<\/div>\n\n\t\t\t\t\t<div class=\"col-span-4 md:col-span-8 lg:col-start-3 xl:col-span-6 xl:col-start-4\">\n\t\t\t\t\t\t\t\t\t\t\t\t\t<div class=\"text-brand-primary-midnight-90\">\n\t\t\t\t\t\t\t\t<div class=\"p-container body-md\">\n\t\t\t\t\t\t\t\t\t<p>Saiba tudo o que o Sistema Monet\u00e1rio Kinesis tem a oferecer em nossa s\u00e9rie educacional.<\/p>\n\t\t\t\t\t\t\t\t<\/div>\n\t\t\t\t\t\t\t<\/div>\n\t\t\t\t\t\t\t\t\t\t\t<\/div>\n\n\t\t\t\t\t\t\t\t\t\t\t\t\t\t\t\t\n\n\t\t\t\t<\/div>\n\t\t\t<\/div>\n\n\t\t\t<div class=\"flex justify-center relative \">\n\t\t\t\t\t\t\t\t<div class=\" md:max-w-3xl lg:max-w-7xl relative\">\n\t\t\t\t\t\t<picture>\n\t\t\t\t\t\t\t\t\t\t\t<\/picture>\n    \n\t\t\t\t<\/div>\n\t\t\t<\/div>\n\t\t<\/div>\n\n\t<\/section>\n\t<section class=\"ktp-block ktp2_0-block\">\n\t\t<div class=\"video-lessons-wrapper\">\n\t\t\t\t\t\t\t<div class=\"py-16 md:py-20\">\n\t\t\t\t\t<div class=\"ktp-container\">\n\t\t\t\t\t\t\n\t\t\t\t\t\t\t\t\t\t\t\t\t\t\t\t\t\t\t\t\t\t\t\t\t\t\t\t\n\t\t\t\t\t\t\t<div class=\"ktp-grid\">\n\t\t\t\t\t\t\t\t<div class=\"col-span-12 lg:col-span-5 content-container\">\n\n\t\t\t\t\t\t\t\t\t<h2 class=\"pb-10 text-center lg:text-left md neutral\">Li\u00e7\u00e3o 1<\/h2>\n\t\t\t\t\t\t\t\t\t<p class=\"pb-6 text-center lg:text-left body-md neutral\">Dinheiro<\/p>\n\t\t\t\t\t\t\t\t\t<div class=\"p-container hidden lg:block content body-md neutral\">\n\t\t\t\t\t\t\t\t\t\tNesta li\u00e7\u00e3o, apresentaremos a voc\u00ea a hist\u00f3ria do &#8220;dinheiro&#8221;, os problemas que surgiram e como a Kinesis pode resolv\u00ea-los. Ao longo do tempo, a troca de mercadorias sempre foi facilitada pelo com\u00e9rcio. Isso se concretizou de v\u00e1rias formas, seja em mercadorias ou moedas.\n\t\t\t\t\t\t\t\t\t<\/div>\n\t\t\t\t\t\t\t\t<\/div>\n\t\t\t\t\t\t\t\t<div class=\"col-span-12 lg:col-span-7\">\n\t\t\t\t\t\t\t\t\t<div class=\"relative lesson-video-container\">\n\t\t\t\t\t\t\t\t\t\t\t\t\t\t\t\t\t\t\t<\/div>\n\t\t\t\t\t\t\t\t<\/div>\n\t\t\t\t\t\t\t<\/div>\n\t\t\t\t\t\t\n\t\t\t\t\t\t<div class=\"ktp-grid pt-10\">\n\t\t\t\t\t\t\t<div class=\"col-span-12 lg:col-span-5\"><\/div>\n\t\t\t\t\t\t\t<div class=\"col-span-12 lg:col-span-7\">\n\t\t\t\t\t\t\t\t<div class=\"ktp-btns-group\"><div class=\"ktp-btns-group-inner -m-1 flex flex-wrap justify-center lg:justify-start -m-1\"><div class=\"p-1 justify-center md:justify-normal \">\t\n\t\n\t\t\t\t\n\t\t\t<a href=\"https:\/\/kms.kinesis.money\/signup\" class=\"ktp-btn btn  primary  inline-flex items-center items-center justify-center normal-case \" target=\"_blank\">\n\t\t\t<span>Get the app<\/span>\n\t\t<\/a>\n\t<\/div><\/div><\/div>\n\t\t\t\t\t\t\t<\/div>\n\t\t\t\t\t\t<\/div>\n\t\t\t\t\t<\/div>\n\t\t\t\t<\/div>\n\t\t\t\t\t\t\t\t\t\t<div class=\"bg-off-white\">\n\t\t\t\t\t<div class=\"py-16 md:py-20\">\n\t\t\t\t\t\t<div class=\"ktp-container\">\n\t\t\t\t\t\t\t<div class=\"ktp-grid\">\n\t\t\t\t\t\t\t\t<div class=\"col-span-4 md:col-span-8 lg:col-span-12 xl:col-span-12\">\n\t\t\t\t\t\t\t\t\t<div class=\"flex flex-wrap -m-4\">\n\n\t\t\t\t\t\t\t\t\t\t\n\t\t\t\t\t\t\t\t\t\t\t\t\t\t\t\t\t\t\t\t\t\t\t\t\t\t\t\t\t\t\t\t\t\t\t\t\t\t\t\t\t\t\t\t\t\t\t\t\t\t\t\t\t\t\t\n\n\t\t\t\t\t\t\t\t\t\t\t<div class=\"w-full md:w-1\/2 lg:w-1\/3 xl:w-1\/4 p-4\">\n\t\t\t\t\t\t\t\t\t\t\t\t<div class=\"item cursor-pointer bg-white h-full rounded-lg shadow-md overflow-hidden active\" data-video-id=\"\" data-title=\"Li\u00e7\u00e3o 1\" data-subheading=\"Dinheiro\" data-content=\"Nesta li\u00e7\u00e3o, apresentaremos a voc\u00ea a hist\u00f3ria do \"dinheiro\", os problemas que surgiram e como a Kinesis pode resolv\u00ea-los. Ao longo do tempo, a troca de mercadorias sempre foi facilitada pelo com\u00e9rcio. Isso se concretizou de v\u00e1rias formas, seja em mercadorias ou moedas.\">\n\t\t\t\t\t\t\t\t\t\t\t\t\t\n\t\t\t\t\t\t\t\t\t\t\t\t\t<div class=\"poster hidden\">\n\t\t\t\t\t\t\t\t\t\t\t\t\t\t\n\t\t\t\t\t\t\t\t\t\t\t\t\t<\/div>\n\t\t\t\t\t\t\t\t\t\t\t\t\t<div class=\"pt-8 pb-6 px-6\">\n\t\t\t\t\t\t\t\t\t\t\t\t\t\t<p class=\"pb-4 body-md loud\">Dinheiro<\/p>\n\t\t\t\t\t\t\t\t\t\t\t\t\t\t<div class=\"p-container body-md neutral\">\n\t\t\t\t\t\t\t\t\t\t\t\t\t\t\tNesta li\u00e7\u00e3o, apresentaremos a voc\u00ea a hist\u00f3ria do &#8220;dinheiro&#8221;, os problemas que&hellip;\n\t\t\t\t\t\t\t\t\t\t\t\t\t\t<\/div>\n\t\t\t\t\t\t\t\t\t\t\t\t\t<\/div>\n\t\t\t\t\t\t\t\t\t\t\t\t<\/div>\n\t\t\t\t\t\t\t\t\t\t\t<\/div>\n\t\t\t\t\t\t\t\t\t\t\n\t\t\t\t\t\t\t\t\t\t\t\t\t\t\t\t\t\t\t\t\t\t\t\t\t\t\t\t\t\t\t\t\t\t\t\t\t\t\t\t\t\t\t\t\t\t\t\t\t\t\t\t\t\t\t\n\n\t\t\t\t\t\t\t\t\t\t\t<div class=\"w-full md:w-1\/2 lg:w-1\/3 xl:w-1\/4 p-4\">\n\t\t\t\t\t\t\t\t\t\t\t\t<div class=\"item cursor-pointer bg-white h-full rounded-lg shadow-md overflow-hidden \" data-video-id=\"\" data-title=\"Li\u00e7\u00e3o 2\" data-subheading=\"Ouro digital\" data-content=\"Nesta li\u00e7\u00e3o, explicaremos o que realmente significa digitalizar o ouro. N\u00e3o, isso n\u00e3o significa usar alguma nova tecnologia da era espacial para transportar seu ouro f\u00edsico, apagando-o do mundo real e perdendo-o em um buraco de minhoca digital do qual ele nunca poder\u00e1 retornar.\">\n\t\t\t\t\t\t\t\t\t\t\t\t\t\n\t\t\t\t\t\t\t\t\t\t\t\t\t<div class=\"poster hidden\">\n\t\t\t\t\t\t\t\t\t\t\t\t\t\t\n\t\t\t\t\t\t\t\t\t\t\t\t\t<\/div>\n\t\t\t\t\t\t\t\t\t\t\t\t\t<div class=\"pt-8 pb-6 px-6\">\n\t\t\t\t\t\t\t\t\t\t\t\t\t\t<p class=\"pb-4 body-md loud\">Ouro digital<\/p>\n\t\t\t\t\t\t\t\t\t\t\t\t\t\t<div class=\"p-container body-md neutral\">\n\t\t\t\t\t\t\t\t\t\t\t\t\t\t\tNesta li\u00e7\u00e3o, explicaremos o que realmente significa digitalizar o ouro. N\u00e3o, isso&hellip;\n\t\t\t\t\t\t\t\t\t\t\t\t\t\t<\/div>\n\t\t\t\t\t\t\t\t\t\t\t\t\t<\/div>\n\t\t\t\t\t\t\t\t\t\t\t\t<\/div>\n\t\t\t\t\t\t\t\t\t\t\t<\/div>\n\t\t\t\t\t\t\t\t\t\t\n\t\t\t\t\t\t\t\t\t\t\t\t\t\t\t\t\t\t\t\t\t\t\t\t\t\t\t\t\t\t\t\t\t\t\t\t\t\t\t\t\t\t\t\t\t\t\t\t\t\t\t\t\t\t\t\n\n\t\t\t\t\t\t\t\t\t\t\t<div class=\"w-full md:w-1\/2 lg:w-1\/3 xl:w-1\/4 p-4\">\n\t\t\t\t\t\t\t\t\t\t\t\t<div class=\"item cursor-pointer bg-white h-full rounded-lg shadow-md overflow-hidden \" data-video-id=\"\" data-title=\"Li\u00e7\u00e3o 3\" data-subheading=\"O que \u00e9 KAU &#038; KAG\" data-content=\"Nesta li\u00e7\u00e3o, exploraremos o ouro e a prata digitais. Saiba como voc\u00ea pode se tornar seu pr\u00f3prio banco central. Desde a forma como o ouro lastrador \u00e9 alocado at\u00e9 a compra e a cria\u00e7\u00e3o dessas unidades digitais de ouro e prata f\u00edsicos.\">\n\t\t\t\t\t\t\t\t\t\t\t\t\t\n\t\t\t\t\t\t\t\t\t\t\t\t\t<div class=\"poster hidden\">\n\t\t\t\t\t\t\t\t\t\t\t\t\t\t\n\t\t\t\t\t\t\t\t\t\t\t\t\t<\/div>\n\t\t\t\t\t\t\t\t\t\t\t\t\t<div class=\"pt-8 pb-6 px-6\">\n\t\t\t\t\t\t\t\t\t\t\t\t\t\t<p class=\"pb-4 body-md loud\">O que \u00e9 KAU &#038; KAG<\/p>\n\t\t\t\t\t\t\t\t\t\t\t\t\t\t<div class=\"p-container body-md neutral\">\n\t\t\t\t\t\t\t\t\t\t\t\t\t\t\tNesta li\u00e7\u00e3o, exploraremos o ouro e a prata digitais. Saiba como voc\u00ea&hellip;\n\t\t\t\t\t\t\t\t\t\t\t\t\t\t<\/div>\n\t\t\t\t\t\t\t\t\t\t\t\t\t<\/div>\n\t\t\t\t\t\t\t\t\t\t\t\t<\/div>\n\t\t\t\t\t\t\t\t\t\t\t<\/div>\n\t\t\t\t\t\t\t\t\t\t\n\t\t\t\t\t\t\t\t\t\t\t\t\t\t\t\t\t\t\t\t\t\t\t\t\t\t\t\t\t\t\t\t\t\t\t\t\t\t\t\t\t\t\t\t\t\t\t\t\t\t\t\t\t\t\t\n\n\t\t\t\t\t\t\t\t\t\t\t<div class=\"w-full md:w-1\/2 lg:w-1\/3 xl:w-1\/4 p-4\">\n\t\t\t\t\t\t\t\t\t\t\t\t<div class=\"item cursor-pointer bg-white h-full rounded-lg shadow-md overflow-hidden \" data-video-id=\"\" data-title=\"Li\u00e7\u00e3o 4\" data-subheading=\"O cart\u00e3o Kinesis\" data-content=\"Nesta li\u00e7\u00e3o, apresentaremos o cart\u00e3o Kinesis. Seu companheiro di\u00e1rio que ostenta todo o peso econ\u00f4mico do ouro e da prata, sem as restri\u00e7\u00f5es f\u00edsicas. Permitindo que voc\u00ea gaste facilmente ouro e prata digitais, globalmente.\">\n\t\t\t\t\t\t\t\t\t\t\t\t\t\n\t\t\t\t\t\t\t\t\t\t\t\t\t<div class=\"poster hidden\">\n\t\t\t\t\t\t\t\t\t\t\t\t\t\t\n\t\t\t\t\t\t\t\t\t\t\t\t\t<\/div>\n\t\t\t\t\t\t\t\t\t\t\t\t\t<div class=\"pt-8 pb-6 px-6\">\n\t\t\t\t\t\t\t\t\t\t\t\t\t\t<p class=\"pb-4 body-md loud\">O cart\u00e3o Kinesis<\/p>\n\t\t\t\t\t\t\t\t\t\t\t\t\t\t<div class=\"p-container body-md neutral\">\n\t\t\t\t\t\t\t\t\t\t\t\t\t\t\tNesta li\u00e7\u00e3o, apresentaremos o cart\u00e3o Kinesis. Seu companheiro di\u00e1rio que ostenta todo&hellip;\n\t\t\t\t\t\t\t\t\t\t\t\t\t\t<\/div>\n\t\t\t\t\t\t\t\t\t\t\t\t\t<\/div>\n\t\t\t\t\t\t\t\t\t\t\t\t<\/div>\n\t\t\t\t\t\t\t\t\t\t\t<\/div>\n\t\t\t\t\t\t\t\t\t\t\n\t\t\t\t\t\t\t\t\t\t\t\t\t\t\t\t\t\t\t\t\t\t\t\t\t\t\t\t\t\t\t\t\t\t\t\t\t\t\t\t\t\t\t\t\t\t\t\t\t\t\t\t\t\t\t\n\n\t\t\t\t\t\t\t\t\t\t\t<div class=\"w-full md:w-1\/2 lg:w-1\/3 xl:w-1\/4 p-4\">\n\t\t\t\t\t\t\t\t\t\t\t\t<div class=\"item cursor-pointer bg-white h-full rounded-lg shadow-md overflow-hidden \" data-video-id=\"\" data-title=\"Li\u00e7\u00e3o 5\" data-subheading=\"A Bolsa\" data-content=\"Nesta li\u00e7\u00e3o, apresentamos a Kinesis Exchange, nosso centro de negocia\u00e7\u00e3o sob medida, onde voc\u00ea pode comprar ou vender ouro (KAU) e prata (KAG) da Kinesis, al\u00e9m de outras criptomoedas importantes.\">\n\t\t\t\t\t\t\t\t\t\t\t\t\t\n\t\t\t\t\t\t\t\t\t\t\t\t\t<div class=\"poster hidden\">\n\t\t\t\t\t\t\t\t\t\t\t\t\t\t\n\t\t\t\t\t\t\t\t\t\t\t\t\t<\/div>\n\t\t\t\t\t\t\t\t\t\t\t\t\t<div class=\"pt-8 pb-6 px-6\">\n\t\t\t\t\t\t\t\t\t\t\t\t\t\t<p class=\"pb-4 body-md loud\">A Bolsa<\/p>\n\t\t\t\t\t\t\t\t\t\t\t\t\t\t<div class=\"p-container body-md neutral\">\n\t\t\t\t\t\t\t\t\t\t\t\t\t\t\tNesta li\u00e7\u00e3o, apresentamos a Kinesis Exchange, nosso centro de negocia\u00e7\u00e3o sob medida,&hellip;\n\t\t\t\t\t\t\t\t\t\t\t\t\t\t<\/div>\n\t\t\t\t\t\t\t\t\t\t\t\t\t<\/div>\n\t\t\t\t\t\t\t\t\t\t\t\t<\/div>\n\t\t\t\t\t\t\t\t\t\t\t<\/div>\n\t\t\t\t\t\t\t\t\t\t\n\t\t\t\t\t\t\t\t\t\t\t\t\t\t\t\t\t\t\t\t\t\t\t\t\t\t\t\t\t\t\t\t\t\t\t\t\t\t\t\t\t\t\t\t\t\t\t\t\t\t\t\t\t\t\t\n\n\t\t\t\t\t\t\t\t\t\t\t<div class=\"w-full md:w-1\/2 lg:w-1\/3 xl:w-1\/4 p-4\">\n\t\t\t\t\t\t\t\t\t\t\t\t<div class=\"item cursor-pointer bg-white h-full rounded-lg shadow-md overflow-hidden \" data-video-id=\"\" data-title=\"Li\u00e7\u00e3o 6\" data-subheading=\"O que \u00e9 um rendimento?\" data-content=\"Nesta li\u00e7\u00e3o, apresentamos nossos exclusivos Rendimentos Kinesis (Kinesis Yields), o motivo por tr\u00e1s deles, o problema que resolvem e como eles beneficiam voc\u00ea.\">\n\t\t\t\t\t\t\t\t\t\t\t\t\t\n\t\t\t\t\t\t\t\t\t\t\t\t\t<div class=\"poster hidden\">\n\t\t\t\t\t\t\t\t\t\t\t\t\t\t\n\t\t\t\t\t\t\t\t\t\t\t\t\t<\/div>\n\t\t\t\t\t\t\t\t\t\t\t\t\t<div class=\"pt-8 pb-6 px-6\">\n\t\t\t\t\t\t\t\t\t\t\t\t\t\t<p class=\"pb-4 body-md loud\">O que \u00e9 um rendimento?<\/p>\n\t\t\t\t\t\t\t\t\t\t\t\t\t\t<div class=\"p-container body-md neutral\">\n\t\t\t\t\t\t\t\t\t\t\t\t\t\t\tNesta li\u00e7\u00e3o, apresentamos nossos exclusivos Rendimentos Kinesis (Kinesis Yields), o motivo por&hellip;\n\t\t\t\t\t\t\t\t\t\t\t\t\t\t<\/div>\n\t\t\t\t\t\t\t\t\t\t\t\t\t<\/div>\n\t\t\t\t\t\t\t\t\t\t\t\t<\/div>\n\t\t\t\t\t\t\t\t\t\t\t<\/div>\n\t\t\t\t\t\t\t\t\t\t\n\t\t\t\t\t\t\t\t\t\t\t\t\t\t\t\t\t\t\t\t\t\t\t\t\t\t\t\t\t\t\t\t\t\t\t\t\t\t\t\t\t\t\t\t\t\t\t\t\t\t\t\t\t\t\t\n\n\t\t\t\t\t\t\t\t\t\t\t<div class=\"w-full md:w-1\/2 lg:w-1\/3 xl:w-1\/4 p-4\">\n\t\t\t\t\t\t\t\t\t\t\t\t<div class=\"item cursor-pointer bg-white h-full rounded-lg shadow-md overflow-hidden \" data-video-id=\"\" data-title=\"Li\u00e7\u00e3o 7\" data-subheading=\"Rendimento do Cunhador\" data-content=\"Nesta li\u00e7\u00e3o, aprenderemos sobre o Rendimento do Cunhador. Um de nossos cinco rendimentos que lhe d\u00e1 um retorno proporcional de todas as receitas de taxas de transa\u00e7\u00e3o da Kinesis, para criar, enviar e gastar ouro Kinesis (KAU) &#038; prata (KAG).\">\n\t\t\t\t\t\t\t\t\t\t\t\t\t\n\t\t\t\t\t\t\t\t\t\t\t\t\t<div class=\"poster hidden\">\n\t\t\t\t\t\t\t\t\t\t\t\t\t\t\n\t\t\t\t\t\t\t\t\t\t\t\t\t<\/div>\n\t\t\t\t\t\t\t\t\t\t\t\t\t<div class=\"pt-8 pb-6 px-6\">\n\t\t\t\t\t\t\t\t\t\t\t\t\t\t<p class=\"pb-4 body-md loud\">Rendimento do Cunhador<\/p>\n\t\t\t\t\t\t\t\t\t\t\t\t\t\t<div class=\"p-container body-md neutral\">\n\t\t\t\t\t\t\t\t\t\t\t\t\t\t\tNesta li\u00e7\u00e3o, aprenderemos sobre o Rendimento do Cunhador. Um de nossos cinco&hellip;\n\t\t\t\t\t\t\t\t\t\t\t\t\t\t<\/div>\n\t\t\t\t\t\t\t\t\t\t\t\t\t<\/div>\n\t\t\t\t\t\t\t\t\t\t\t\t<\/div>\n\t\t\t\t\t\t\t\t\t\t\t<\/div>\n\t\t\t\t\t\t\t\t\t\t\n\t\t\t\t\t\t\t\t\t\t\t\t\t\t\t\t\t\t\t\t\t\t\t\t\t\t\t\t\t\t\t\t\t\t\t\t\t\t\t\t\t\t\t\t\t\t\t\t\t\t\t\t\t\t\t\n\n\t\t\t\t\t\t\t\t\t\t\t<div class=\"w-full md:w-1\/2 lg:w-1\/3 xl:w-1\/4 p-4\">\n\t\t\t\t\t\t\t\t\t\t\t\t<div class=\"item cursor-pointer bg-white h-full rounded-lg shadow-md overflow-hidden \" data-video-id=\"\" data-title=\"Li\u00e7\u00e3o 8\" data-subheading=\"Rendimento do Titular\" data-content=\"Nesta li\u00e7\u00e3o, apresentaremos o Rendimento do Titular. Saiba como manter suas economias e investimentos em ouro e prata pode recompens\u00e1-lo mensalmente.\">\n\t\t\t\t\t\t\t\t\t\t\t\t\t\n\t\t\t\t\t\t\t\t\t\t\t\t\t<div class=\"poster hidden\">\n\t\t\t\t\t\t\t\t\t\t\t\t\t\t\n\t\t\t\t\t\t\t\t\t\t\t\t\t<\/div>\n\t\t\t\t\t\t\t\t\t\t\t\t\t<div class=\"pt-8 pb-6 px-6\">\n\t\t\t\t\t\t\t\t\t\t\t\t\t\t<p class=\"pb-4 body-md loud\">Rendimento do Titular<\/p>\n\t\t\t\t\t\t\t\t\t\t\t\t\t\t<div class=\"p-container body-md neutral\">\n\t\t\t\t\t\t\t\t\t\t\t\t\t\t\tNesta li\u00e7\u00e3o, apresentaremos o Rendimento do Titular. Saiba como manter suas economias&hellip;\n\t\t\t\t\t\t\t\t\t\t\t\t\t\t<\/div>\n\t\t\t\t\t\t\t\t\t\t\t\t\t<\/div>\n\t\t\t\t\t\t\t\t\t\t\t\t<\/div>\n\t\t\t\t\t\t\t\t\t\t\t<\/div>\n\t\t\t\t\t\t\t\t\t\t\n\t\t\t\t\t\t\t\t\t\t\t\t\t\t\t\t\t\t\t\t\t\t\t\t\t\t\t\t\t\t\t\t\t\t\t\t\t\t\t\t\t\t\t\t\t\t\t\t\t\t\t\t\t\t\t\n\n\t\t\t\t\t\t\t\t\t\t\t<div class=\"w-full md:w-1\/2 lg:w-1\/3 xl:w-1\/4 p-4\">\n\t\t\t\t\t\t\t\t\t\t\t\t<div class=\"item cursor-pointer bg-white h-full rounded-lg shadow-md overflow-hidden \" data-video-id=\"\" data-title=\"Li\u00e7\u00e3o 9\" data-subheading=\"Referenciador\" data-content=\"Nesta li\u00e7\u00e3o, saiba mais sobre o programa de indica\u00e7\u00e3o da Kinesis. Nosso programa de indica\u00e7\u00e3o, assim como outros programas de indica\u00e7\u00e3o plana, s\u00f3 beneficia voc\u00ea por meio daqueles que voc\u00ea indica. No entanto, o Rendimento do Referenciador \u00e9 pago todo m\u00eas em cada transa\u00e7\u00e3o realizada.\">\n\t\t\t\t\t\t\t\t\t\t\t\t\t\n\t\t\t\t\t\t\t\t\t\t\t\t\t<div class=\"poster hidden\">\n\t\t\t\t\t\t\t\t\t\t\t\t\t\t\n\t\t\t\t\t\t\t\t\t\t\t\t\t<\/div>\n\t\t\t\t\t\t\t\t\t\t\t\t\t<div class=\"pt-8 pb-6 px-6\">\n\t\t\t\t\t\t\t\t\t\t\t\t\t\t<p class=\"pb-4 body-md loud\">Referenciador<\/p>\n\t\t\t\t\t\t\t\t\t\t\t\t\t\t<div class=\"p-container body-md neutral\">\n\t\t\t\t\t\t\t\t\t\t\t\t\t\t\tNesta li\u00e7\u00e3o, saiba mais sobre o programa de indica\u00e7\u00e3o da Kinesis. Nosso&hellip;\n\t\t\t\t\t\t\t\t\t\t\t\t\t\t<\/div>\n\t\t\t\t\t\t\t\t\t\t\t\t\t<\/div>\n\t\t\t\t\t\t\t\t\t\t\t\t<\/div>\n\t\t\t\t\t\t\t\t\t\t\t<\/div>\n\t\t\t\t\t\t\t\t\t\t\n\t\t\t\t\t\t\t\t\t\t\t\t\t\t\t\t\t\t\t\t\t\t\t\t\t\t\t\t\t\t\t\t\t\t\t\t\t\t\t\t\t\t\t\t\t\t\t\t\t\t\t\t\t\t\t\n\n\t\t\t\t\t\t\t\t\t\t\t<div class=\"w-full md:w-1\/2 lg:w-1\/3 xl:w-1\/4 p-4\">\n\t\t\t\t\t\t\t\t\t\t\t\t<div class=\"item cursor-pointer bg-white h-full rounded-lg shadow-md overflow-hidden \" data-video-id=\"\" data-title=\"Li\u00e7\u00e3o 10\" data-subheading=\"Rendimento de Velocidade\" data-content=\"Nesta li\u00e7\u00e3o, explicaremos o Rendimento de Velocidade. Saiba mais sobre como voc\u00ea pode obter um rendimento mensal, simplesmente negociando ou gastando seu ouro e prata.\">\n\t\t\t\t\t\t\t\t\t\t\t\t\t\n\t\t\t\t\t\t\t\t\t\t\t\t\t<div class=\"poster hidden\">\n\t\t\t\t\t\t\t\t\t\t\t\t\t\t\n\t\t\t\t\t\t\t\t\t\t\t\t\t<\/div>\n\t\t\t\t\t\t\t\t\t\t\t\t\t<div class=\"pt-8 pb-6 px-6\">\n\t\t\t\t\t\t\t\t\t\t\t\t\t\t<p class=\"pb-4 body-md loud\">Rendimento de Velocidade<\/p>\n\t\t\t\t\t\t\t\t\t\t\t\t\t\t<div class=\"p-container body-md neutral\">\n\t\t\t\t\t\t\t\t\t\t\t\t\t\t\tNesta li\u00e7\u00e3o, explicaremos o Rendimento de Velocidade. Saiba mais sobre como voc\u00ea&hellip;\n\t\t\t\t\t\t\t\t\t\t\t\t\t\t<\/div>\n\t\t\t\t\t\t\t\t\t\t\t\t\t<\/div>\n\t\t\t\t\t\t\t\t\t\t\t\t<\/div>\n\t\t\t\t\t\t\t\t\t\t\t<\/div>\n\t\t\t\t\t\t\t\t\t\t\n\t\t\t\t\t\t\t\t\t\t\t\t\t\t\t\t\t\t\t\t\t\t\t\t\t\t\t\t\t\t\t\t\t\t\t\t\t\t\t\t\t\t\t\t\t\t\t\t\t\t\t\t\t\t\t\n\n\t\t\t\t\t\t\t\t\t\t\t<div class=\"w-full md:w-1\/2 lg:w-1\/3 xl:w-1\/4 p-4\">\n\t\t\t\t\t\t\t\t\t\t\t\t<div class=\"item cursor-pointer bg-white h-full rounded-lg shadow-md overflow-hidden \" data-video-id=\"\" data-title=\"Li\u00e7\u00e3o 11\" data-subheading=\"KVT\" data-content=\"Nesta li\u00e7\u00e3o, explicamos nosso exclusivo Kinesis Velocity Token. Com uma oferta extremamente limitada, esses poderosos tokens lhe d\u00e3o direito ao maior de todos os rendimentos de compartilhamento de taxas oferecidos pela Kinesis.\n\n*A negocia\u00e7\u00e3o de KVTs na exchange est\u00e1 suspensa no momento, mas voc\u00ea ainda pode compr\u00e1-los por meio da plataforma Kinesis.\">\n\t\t\t\t\t\t\t\t\t\t\t\t\t\n\t\t\t\t\t\t\t\t\t\t\t\t\t<div class=\"poster hidden\">\n\t\t\t\t\t\t\t\t\t\t\t\t\t\t\n\t\t\t\t\t\t\t\t\t\t\t\t\t<\/div>\n\t\t\t\t\t\t\t\t\t\t\t\t\t<div class=\"pt-8 pb-6 px-6\">\n\t\t\t\t\t\t\t\t\t\t\t\t\t\t<p class=\"pb-4 body-md loud\">KVT<\/p>\n\t\t\t\t\t\t\t\t\t\t\t\t\t\t<div class=\"p-container body-md neutral\">\n\t\t\t\t\t\t\t\t\t\t\t\t\t\t\tNesta li\u00e7\u00e3o, explicamos nosso exclusivo Kinesis Velocity Token. Com uma oferta extremamente&hellip;\n\t\t\t\t\t\t\t\t\t\t\t\t\t\t<\/div>\n\t\t\t\t\t\t\t\t\t\t\t\t\t<\/div>\n\t\t\t\t\t\t\t\t\t\t\t\t<\/div>\n\t\t\t\t\t\t\t\t\t\t\t<\/div>\n\t\t\t\t\t\t\t\t\t\t\t\t\t\t\t\t\t\t\t<\/div>\n\t\t\t\t\t\t\t\t<\/div>\n\t\t\t\t\t\t\t<\/div>\n\t\t\t\t\t\t<\/div>\n\t\t\t\t\t<\/div>\n\t\t\t\t<\/div>\n\t\t\t\t\t<\/div>\n\t<\/section>\n","protected":false},"excerpt":{"rendered":"<p>Saiba tudo o que o Sistema Monet\u00e1rio Kinesis tem a oferecer em nossa s\u00e9rie educacional.<\/p>\n","protected":false},"author":1,"featured_media":0,"parent":0,"menu_order":0,"comment_status":"closed","ping_status":"closed","template":"","meta":{"_acf_changed":false,"footnotes":""},"class_list":["post-117567","page","type-page","status-publish","hentry"],"acf":[],"yoast_head":"<!-- This site is optimized with the Yoast SEO Premium plugin v27.2 (Yoast SEO v27.2) - https:\/\/yoast.com\/product\/yoast-seo-premium-wordpress\/ -->\n<title>Aulas em V\u00eddeo - Kinesis Money<\/title>\n<meta name=\"description\" content=\"Aprenda tudo o que o Sistema Monet\u00e1rio Kinesis tem a oferecer em nossa s\u00e9rie de v\u00eddeos educacionais, explicando rendimentos, cunhagem e ouro digital.\" \/>\n<meta name=\"robots\" content=\"index, follow, max-snippet:-1, max-image-preview:large, max-video-preview:-1\" \/>\n<meta property=\"og:locale\" content=\"pt_BR\" \/>\n<meta property=\"og:type\" content=\"article\" \/>\n<meta property=\"og:title\" content=\"Aulas em v\u00eddeo\" \/>\n<meta property=\"og:description\" content=\"Aprenda tudo o que o Sistema Monet\u00e1rio Kinesis tem a oferecer em nossa s\u00e9rie de v\u00eddeos educacionais, explicando rendimentos, cunhagem e ouro digital.\" \/>\n<meta property=\"og:url\" content=\"https:\/\/kinesis.money\/pt-br\/aulas-em-video\/\" \/>\n<meta property=\"og:site_name\" content=\"Kinesis\" \/>\n<meta property=\"article:modified_time\" content=\"2024-04-03T10:41:57+00:00\" \/>\n<meta name=\"twitter:card\" content=\"summary_large_image\" \/>\n<meta name=\"twitter:description\" content=\"Aprenda tudo o que o Sistema Monet\u00e1rio Kinesis tem a oferecer em nossa s\u00e9rie de v\u00eddeos educacionais, explicando rendimentos, cunhagem e ouro digital.\" \/>\n<script type=\"application\/ld+json\" class=\"yoast-schema-graph\">{\"@context\":\"https:\/\/schema.org\",\"@graph\":[{\"@type\":\"WebPage\",\"@id\":\"https:\/\/kinesis.money\/pt-br\/aulas-em-video\/\",\"url\":\"https:\/\/kinesis.money\/pt-br\/aulas-em-video\/\",\"name\":\"Aulas em V\u00eddeo - Kinesis Money\",\"isPartOf\":{\"@id\":\"https:\/\/kinesis.money\/#website\"},\"datePublished\":\"2021-07-04T15:12:50+00:00\",\"dateModified\":\"2024-04-03T10:41:57+00:00\",\"description\":\"Aprenda tudo o que o Sistema Monet\u00e1rio Kinesis tem a oferecer em nossa s\u00e9rie de v\u00eddeos educacionais, explicando rendimentos, cunhagem e ouro digital.\",\"breadcrumb\":{\"@id\":\"https:\/\/kinesis.money\/pt-br\/aulas-em-video\/#breadcrumb\"},\"inLanguage\":\"pt-BR\",\"potentialAction\":[{\"@type\":\"ReadAction\",\"target\":[\"https:\/\/kinesis.money\/pt-br\/aulas-em-video\/\"]}]},{\"@type\":\"BreadcrumbList\",\"@id\":\"https:\/\/kinesis.money\/pt-br\/aulas-em-video\/#breadcrumb\",\"itemListElement\":[{\"@type\":\"ListItem\",\"position\":1,\"name\":\"Home\",\"item\":\"https:\/\/kinesis.money\/pt-br\/\"},{\"@type\":\"ListItem\",\"position\":2,\"name\":\"Aulas em v\u00eddeo\"}]},{\"@type\":\"WebSite\",\"@id\":\"https:\/\/kinesis.money\/#website\",\"url\":\"https:\/\/kinesis.money\/\",\"name\":\"Kinesis\",\"description\":\"\",\"potentialAction\":[{\"@type\":\"SearchAction\",\"target\":{\"@type\":\"EntryPoint\",\"urlTemplate\":\"https:\/\/kinesis.money\/?s={search_term_string}\"},\"query-input\":{\"@type\":\"PropertyValueSpecification\",\"valueRequired\":true,\"valueName\":\"search_term_string\"}}],\"inLanguage\":\"pt-BR\"}]}<\/script>\n<!-- \/ Yoast SEO Premium plugin. -->","yoast_head_json":{"title":"Aulas em V\u00eddeo - Kinesis Money","description":"Aprenda tudo o que o Sistema Monet\u00e1rio Kinesis tem a oferecer em nossa s\u00e9rie de v\u00eddeos educacionais, explicando rendimentos, cunhagem e ouro digital.","robots":{"index":"index","follow":"follow","max-snippet":"max-snippet:-1","max-image-preview":"max-image-preview:large","max-video-preview":"max-video-preview:-1"},"og_locale":"pt_BR","og_type":"article","og_title":"Aulas em v\u00eddeo","og_description":"Aprenda tudo o que o Sistema Monet\u00e1rio Kinesis tem a oferecer em nossa s\u00e9rie de v\u00eddeos educacionais, explicando rendimentos, cunhagem e ouro digital.","og_url":"https:\/\/kinesis.money\/pt-br\/aulas-em-video\/","og_site_name":"Kinesis","article_modified_time":"2024-04-03T10:41:57+00:00","twitter_card":"summary_large_image","twitter_description":"Aprenda tudo o que o Sistema Monet\u00e1rio Kinesis tem a oferecer em nossa s\u00e9rie de v\u00eddeos educacionais, explicando rendimentos, cunhagem e ouro digital.","schema":{"@context":"https:\/\/schema.org","@graph":[{"@type":"WebPage","@id":"https:\/\/kinesis.money\/pt-br\/aulas-em-video\/","url":"https:\/\/kinesis.money\/pt-br\/aulas-em-video\/","name":"Aulas em V\u00eddeo - Kinesis Money","isPartOf":{"@id":"https:\/\/kinesis.money\/#website"},"datePublished":"2021-07-04T15:12:50+00:00","dateModified":"2024-04-03T10:41:57+00:00","description":"Aprenda tudo o que o Sistema Monet\u00e1rio Kinesis tem a oferecer em nossa s\u00e9rie de v\u00eddeos educacionais, explicando rendimentos, cunhagem e ouro digital.","breadcrumb":{"@id":"https:\/\/kinesis.money\/pt-br\/aulas-em-video\/#breadcrumb"},"inLanguage":"pt-BR","potentialAction":[{"@type":"ReadAction","target":["https:\/\/kinesis.money\/pt-br\/aulas-em-video\/"]}]},{"@type":"BreadcrumbList","@id":"https:\/\/kinesis.money\/pt-br\/aulas-em-video\/#breadcrumb","itemListElement":[{"@type":"ListItem","position":1,"name":"Home","item":"https:\/\/kinesis.money\/pt-br\/"},{"@type":"ListItem","position":2,"name":"Aulas em v\u00eddeo"}]},{"@type":"WebSite","@id":"https:\/\/kinesis.money\/#website","url":"https:\/\/kinesis.money\/","name":"Kinesis","description":"","potentialAction":[{"@type":"SearchAction","target":{"@type":"EntryPoint","urlTemplate":"https:\/\/kinesis.money\/?s={search_term_string}"},"query-input":{"@type":"PropertyValueSpecification","valueRequired":true,"valueName":"search_term_string"}}],"inLanguage":"pt-BR"}]}},"_links":{"self":[{"href":"https:\/\/kinesis.money\/pt-br\/wp-json\/wp\/v2\/pages\/117567","targetHints":{"allow":["GET"]}}],"collection":[{"href":"https:\/\/kinesis.money\/pt-br\/wp-json\/wp\/v2\/pages"}],"about":[{"href":"https:\/\/kinesis.money\/pt-br\/wp-json\/wp\/v2\/types\/page"}],"author":[{"embeddable":true,"href":"https:\/\/kinesis.money\/pt-br\/wp-json\/wp\/v2\/users\/1"}],"replies":[{"embeddable":true,"href":"https:\/\/kinesis.money\/pt-br\/wp-json\/wp\/v2\/comments?post=117567"}],"version-history":[{"count":0,"href":"https:\/\/kinesis.money\/pt-br\/wp-json\/wp\/v2\/pages\/117567\/revisions"}],"wp:attachment":[{"href":"https:\/\/kinesis.money\/pt-br\/wp-json\/wp\/v2\/media?parent=117567"}],"curies":[{"name":"wp","href":"https:\/\/api.w.org\/{rel}","templated":true}]}}