{"id":83603,"date":"2023-03-16T12:04:48","date_gmt":"2023-03-16T12:04:48","guid":{"rendered":"https:\/\/kinesis.money\/?page_id=83603"},"modified":"2023-12-04T09:29:06","modified_gmt":"2023-12-04T09:29:06","slug":"wybor-jezykow","status":"publish","type":"page","link":"https:\/\/kinesis.money\/pl\/wybor-jezykow\/","title":{"rendered":"Wyb\u00f3r j\u0119zyk\u00f3w"},"content":{"rendered":"\n\t\t\t<section class=\"ktp-block\">\n\t\t\t<div class=\"py-16 md:py-20\">\n\t\t\t\t<div class=\"ktp-container\">\n\t\t\t\t\t<div>\n\t\t\t\t\t\t<div class=\"mb-10 lg:mb-20\">\n\t\t\t\t\t\t\t<div class=\"flex flex-col w-full items-center text-center max-w-[840px] w-full mx-auto\">\n\t\t\t\t\t\t\t\t<h1 class=\"h2\">Wybierz sw\u00f3j kraj lub region<\/h1>\n\t\t\t\t\t\t\t<\/div>\n\t\t\t\t\t\t<\/div>\n\n\t\t\t\t\t\t\t\t\t\t\t\t\t<div class=\"max-w-[1060px] w-full mx-auto\">\n\t\t\t\t\t\t\t\t<div>\n\t\t\t\t\t\t\t\t\t\t\t\t\t\t\t\t\t\t\t<div class=\"\">\n\t\t\t\t\t\t\t\t\t\t\t\t\t\t\t\t\t\t\t\t\t\t<div class=\"languages-selection flex flex-wrap md:-mx-3 lg:-mx-5\">\n\t\t\t\t\t\t\t\t\t\t\t\t\t\t\t\t\t\t\t\t\t\t\t\t\t\t\t\t\t\t\t\t\t\t\t\t\t\t<div class=\"w-full md:w-1\/3 lg:w-1\/4\">\n\t\t\t\t\t\t\t\t\t\t\t\t\t\t<div class=\"rounded-lg md:px-3 lg:px-5 sm:pb-4\">\n\t\t\t\t\t\t\t\t\t\t\t\t\t\t\t<a href=\"#\" onclick=\"return false;\" data-lang-url=\"https:\/\/kinesis.money\/es\" data-lang-code=\"es\" class=\"flex py-4 px-6 rounded-lg items-center hover:bg-midnight-97 transition-colors duration-200 ease-in-out text-primary-base\">\n\t\t\t\t\t\t\t\t\t\t\t\t\t\t\t\t<div>\n\t\t\t\t\t\t\t\t\t\t\t\t\t\t\t\t\t\t\t\t\t\t\t\t\t\t\t\t\t\t\t\t\t\t\t<div class=\"bg-center bg-no-repeat bg-cover w-[48px] h-[48px] rounded-full\" style=\"background-image: url('https:\/\/kinesis.money\/wp-content\/plugins\/kinesis-marketing-tailwind-blocks_2.0\/assets\/images\/flags\/4x3\/es.svg');\"><\/div>\n\t\t\t\t\t\t\t\t\t\t\t\t\t\t\t\t\t\t\t\t\t\t\t\t\t\t\t\t\t\t\t\t\t<\/div>\n\t\t\t\t\t\t\t\t\t\t\t\t\t\t\t\t<div class=\"w-full\">\n\t\t\t\t\t\t\t\t\t\t\t\t\t\t\t\t\t<div class=\"flex items-center justify-between\">\n\t\t\t\t\t\t\t\t\t\t\t\t\t\t\t\t\t\t<div class=\"pl-6 large medium\">Hiszpa\u0144ski<\/div>\n\t\t\t\t\t\t\t\t\t\t\t\t\t\t\t\t\t\t<div class=\"opacity-0\"><i class=\"icon icon-tick text-md relative top-1.5 text-success-base\"><svg class=\"\" ><use xlink:href=\"https:\/\/kinesis.money\/wp-content\/plugins\/kinesis-marketing-tailwind-blocks_2.0\/assets\/fonts\/icons.svg?v=1.1.4#icon-tick\"><\/use><\/svg><\/i><\/div>\n\t\t\t\t\t\t\t\t\t\t\t\t\t\t\t\t\t<\/div>\n\t\t\t\t\t\t\t\t\t\t\t\t\t\t\t\t<\/div>\n\t\t\t\t\t\t\t\t\t\t\t\t\t\t\t<\/a>\n\t\t\t\t\t\t\t\t\t\t\t\t\t\t<\/div>\n\t\t\t\t\t\t\t\t\t\t\t\t\t<\/div>\n\t\t\t\t\t\t\t\t\t\t\t\t\t\t\t\t\t\t\t\t\t\t\t\t\t\t\t\t\t\t\t\t\t\t\t\t\t\t<div class=\"w-full md:w-1\/3 lg:w-1\/4\">\n\t\t\t\t\t\t\t\t\t\t\t\t\t\t<div class=\"rounded-lg md:px-3 lg:px-5 sm:pb-4\">\n\t\t\t\t\t\t\t\t\t\t\t\t\t\t\t<a href=\"#\" onclick=\"return false;\" data-lang-url=\"https:\/\/kinesis.money\/de\" data-lang-code=\"de\" class=\"flex py-4 px-6 rounded-lg items-center hover:bg-midnight-97 transition-colors duration-200 ease-in-out text-primary-base\">\n\t\t\t\t\t\t\t\t\t\t\t\t\t\t\t\t<div>\n\t\t\t\t\t\t\t\t\t\t\t\t\t\t\t\t\t\t\t\t\t\t\t\t\t\t\t\t\t\t\t\t\t\t\t<div class=\"bg-center bg-no-repeat bg-cover w-[48px] h-[48px] rounded-full\" style=\"background-image: url('https:\/\/kinesis.money\/wp-content\/plugins\/kinesis-marketing-tailwind-blocks_2.0\/assets\/images\/flags\/4x3\/de.svg');\"><\/div>\n\t\t\t\t\t\t\t\t\t\t\t\t\t\t\t\t\t\t\t\t\t\t\t\t\t\t\t\t\t\t\t\t\t<\/div>\n\t\t\t\t\t\t\t\t\t\t\t\t\t\t\t\t<div class=\"w-full\">\n\t\t\t\t\t\t\t\t\t\t\t\t\t\t\t\t\t<div class=\"flex items-center justify-between\">\n\t\t\t\t\t\t\t\t\t\t\t\t\t\t\t\t\t\t<div class=\"pl-6 large medium\">Niemiecki<\/div>\n\t\t\t\t\t\t\t\t\t\t\t\t\t\t\t\t\t\t<div class=\"opacity-0\"><i class=\"icon icon-tick text-md relative top-1.5 text-success-base\"><svg class=\"\" ><use xlink:href=\"https:\/\/kinesis.money\/wp-content\/plugins\/kinesis-marketing-tailwind-blocks_2.0\/assets\/fonts\/icons.svg?v=1.1.4#icon-tick\"><\/use><\/svg><\/i><\/div>\n\t\t\t\t\t\t\t\t\t\t\t\t\t\t\t\t\t<\/div>\n\t\t\t\t\t\t\t\t\t\t\t\t\t\t\t\t<\/div>\n\t\t\t\t\t\t\t\t\t\t\t\t\t\t\t<\/a>\n\t\t\t\t\t\t\t\t\t\t\t\t\t\t<\/div>\n\t\t\t\t\t\t\t\t\t\t\t\t\t<\/div>\n\t\t\t\t\t\t\t\t\t\t\t\t\t\t\t\t\t\t\t\t\t\t\t\t\t\t\t\t\t\t\t\t\t\t\t\t\t\t<div class=\"w-full md:w-1\/3 lg:w-1\/4\">\n\t\t\t\t\t\t\t\t\t\t\t\t\t\t<div class=\"rounded-lg md:px-3 lg:px-5 sm:pb-4\">\n\t\t\t\t\t\t\t\t\t\t\t\t\t\t\t<a href=\"#\" onclick=\"return false;\" data-lang-url=\"https:\/\/kinesis.money\/en\" data-lang-code=\"gb\" class=\"flex py-4 px-6 rounded-lg items-center hover:bg-midnight-97 transition-colors duration-200 ease-in-out text-primary-base\">\n\t\t\t\t\t\t\t\t\t\t\t\t\t\t\t\t<div>\n\t\t\t\t\t\t\t\t\t\t\t\t\t\t\t\t\t\t\t\t\t\t\t\t\t\t\t\t\t\t\t\t\t\t\t<div class=\"bg-center bg-no-repeat bg-cover w-[48px] h-[48px] rounded-full\" style=\"background-image: url('https:\/\/kinesis.money\/wp-content\/plugins\/kinesis-marketing-tailwind-blocks_2.0\/assets\/images\/flags\/4x3\/en.svg');\"><\/div>\n\t\t\t\t\t\t\t\t\t\t\t\t\t\t\t\t\t\t\t\t\t\t\t\t\t\t\t\t\t\t\t\t\t<\/div>\n\t\t\t\t\t\t\t\t\t\t\t\t\t\t\t\t<div class=\"w-full\">\n\t\t\t\t\t\t\t\t\t\t\t\t\t\t\t\t\t<div class=\"flex items-center justify-between\">\n\t\t\t\t\t\t\t\t\t\t\t\t\t\t\t\t\t\t<div class=\"pl-6 large medium\">Angielski<\/div>\n\t\t\t\t\t\t\t\t\t\t\t\t\t\t\t\t\t\t<div class=\"opacity-0\"><i class=\"icon icon-tick text-md relative top-1.5 text-success-base\"><svg class=\"\" ><use xlink:href=\"https:\/\/kinesis.money\/wp-content\/plugins\/kinesis-marketing-tailwind-blocks_2.0\/assets\/fonts\/icons.svg?v=1.1.4#icon-tick\"><\/use><\/svg><\/i><\/div>\n\t\t\t\t\t\t\t\t\t\t\t\t\t\t\t\t\t<\/div>\n\t\t\t\t\t\t\t\t\t\t\t\t\t\t\t\t<\/div>\n\t\t\t\t\t\t\t\t\t\t\t\t\t\t\t<\/a>\n\t\t\t\t\t\t\t\t\t\t\t\t\t\t<\/div>\n\t\t\t\t\t\t\t\t\t\t\t\t\t<\/div>\n\t\t\t\t\t\t\t\t\t\t\t\t\t\t\t\t\t\t\t\t\t\t\t\t\t\t\t\t\t\t\t\t\t\t\t\t\t\t<div class=\"w-full md:w-1\/3 lg:w-1\/4\">\n\t\t\t\t\t\t\t\t\t\t\t\t\t\t<div class=\"rounded-lg md:px-3 lg:px-5 sm:pb-4\">\n\t\t\t\t\t\t\t\t\t\t\t\t\t\t\t<a href=\"#\" onclick=\"return false;\" data-lang-url=\"https:\/\/kinesis.money\/tr\" data-lang-code=\"tr\" class=\"flex py-4 px-6 rounded-lg items-center hover:bg-midnight-97 transition-colors duration-200 ease-in-out text-primary-base\">\n\t\t\t\t\t\t\t\t\t\t\t\t\t\t\t\t<div>\n\t\t\t\t\t\t\t\t\t\t\t\t\t\t\t\t\t\t\t\t\t\t\t\t\t\t\t\t\t\t\t\t\t\t\t<div class=\"bg-center bg-no-repeat bg-cover w-[48px] h-[48px] rounded-full\" style=\"background-image: url('https:\/\/kinesis.money\/wp-content\/plugins\/kinesis-marketing-tailwind-blocks_2.0\/assets\/images\/flags\/4x3\/tr.svg');\"><\/div>\n\t\t\t\t\t\t\t\t\t\t\t\t\t\t\t\t\t\t\t\t\t\t\t\t\t\t\t\t\t\t\t\t\t<\/div>\n\t\t\t\t\t\t\t\t\t\t\t\t\t\t\t\t<div class=\"w-full\">\n\t\t\t\t\t\t\t\t\t\t\t\t\t\t\t\t\t<div class=\"flex items-center justify-between\">\n\t\t\t\t\t\t\t\t\t\t\t\t\t\t\t\t\t\t<div class=\"pl-6 large medium\">Turecki<\/div>\n\t\t\t\t\t\t\t\t\t\t\t\t\t\t\t\t\t\t<div class=\"opacity-0\"><i class=\"icon icon-tick text-md relative top-1.5 text-success-base\"><svg class=\"\" ><use xlink:href=\"https:\/\/kinesis.money\/wp-content\/plugins\/kinesis-marketing-tailwind-blocks_2.0\/assets\/fonts\/icons.svg?v=1.1.4#icon-tick\"><\/use><\/svg><\/i><\/div>\n\t\t\t\t\t\t\t\t\t\t\t\t\t\t\t\t\t<\/div>\n\t\t\t\t\t\t\t\t\t\t\t\t\t\t\t\t<\/div>\n\t\t\t\t\t\t\t\t\t\t\t\t\t\t\t<\/a>\n\t\t\t\t\t\t\t\t\t\t\t\t\t\t<\/div>\n\t\t\t\t\t\t\t\t\t\t\t\t\t<\/div>\n\t\t\t\t\t\t\t\t\t\t\t\t\t\t\t\t\t\t\t\t\t\t\t\t\t\t\t\t\t\t\t\t\t\t\t\t\t\t<div class=\"w-full md:w-1\/3 lg:w-1\/4\">\n\t\t\t\t\t\t\t\t\t\t\t\t\t\t<div class=\"rounded-lg md:px-3 lg:px-5 sm:pb-4\">\n\t\t\t\t\t\t\t\t\t\t\t\t\t\t\t<a href=\"#\" onclick=\"return false;\" data-lang-url=\"https:\/\/kinesis.money\" data-lang-code=\"pl\" class=\"flex py-4 px-6 rounded-lg items-center hover:bg-midnight-97 transition-colors duration-200 ease-in-out bg-midnight-97 text-midnight-base active\">\n\t\t\t\t\t\t\t\t\t\t\t\t\t\t\t\t<div>\n\t\t\t\t\t\t\t\t\t\t\t\t\t\t\t\t\t\t\t\t\t\t\t\t\t\t\t\t\t\t\t\t\t\t\t<div class=\"bg-center bg-no-repeat bg-cover w-[48px] h-[48px] rounded-full\" style=\"background-image: url('https:\/\/kinesis.money\/wp-content\/plugins\/kinesis-marketing-tailwind-blocks_2.0\/assets\/images\/flags\/4x3\/pl.svg');\"><\/div>\n\t\t\t\t\t\t\t\t\t\t\t\t\t\t\t\t\t\t\t\t\t\t\t\t\t\t\t\t\t\t\t\t\t<\/div>\n\t\t\t\t\t\t\t\t\t\t\t\t\t\t\t\t<div class=\"w-full\">\n\t\t\t\t\t\t\t\t\t\t\t\t\t\t\t\t\t<div class=\"flex items-center justify-between\">\n\t\t\t\t\t\t\t\t\t\t\t\t\t\t\t\t\t\t<div class=\"pl-6 large medium\">Polski<\/div>\n\t\t\t\t\t\t\t\t\t\t\t\t\t\t\t\t\t\t<div class=\"opacity-100\"><i class=\"icon icon-tick text-md relative top-1.5 text-success-base\"><svg class=\"\" ><use xlink:href=\"https:\/\/kinesis.money\/wp-content\/plugins\/kinesis-marketing-tailwind-blocks_2.0\/assets\/fonts\/icons.svg?v=1.1.4#icon-tick\"><\/use><\/svg><\/i><\/div>\n\t\t\t\t\t\t\t\t\t\t\t\t\t\t\t\t\t<\/div>\n\t\t\t\t\t\t\t\t\t\t\t\t\t\t\t\t<\/div>\n\t\t\t\t\t\t\t\t\t\t\t\t\t\t\t<\/a>\n\t\t\t\t\t\t\t\t\t\t\t\t\t\t<\/div>\n\t\t\t\t\t\t\t\t\t\t\t\t\t<\/div>\n\t\t\t\t\t\t\t\t\t\t\t\t\t\t\t\t\t\t\t\t\t\t\t\t\t\t\t\t\t\t\t\t\t\t\t\t\t\t<div class=\"w-full md:w-1\/3 lg:w-1\/4\">\n\t\t\t\t\t\t\t\t\t\t\t\t\t\t<div class=\"rounded-lg md:px-3 lg:px-5 sm:pb-4\">\n\t\t\t\t\t\t\t\t\t\t\t\t\t\t\t<a href=\"#\" onclick=\"return false;\" data-lang-url=\"https:\/\/kinesis.money\/fr\" data-lang-code=\"fr\" class=\"flex py-4 px-6 rounded-lg items-center hover:bg-midnight-97 transition-colors duration-200 ease-in-out text-primary-base\">\n\t\t\t\t\t\t\t\t\t\t\t\t\t\t\t\t<div>\n\t\t\t\t\t\t\t\t\t\t\t\t\t\t\t\t\t\t\t\t\t\t\t\t\t\t\t\t\t\t\t\t\t\t\t<div class=\"bg-center bg-no-repeat bg-cover w-[48px] h-[48px] rounded-full\" style=\"background-image: url('https:\/\/kinesis.money\/wp-content\/plugins\/kinesis-marketing-tailwind-blocks_2.0\/assets\/images\/flags\/4x3\/fr.svg');\"><\/div>\n\t\t\t\t\t\t\t\t\t\t\t\t\t\t\t\t\t\t\t\t\t\t\t\t\t\t\t\t\t\t\t\t\t<\/div>\n\t\t\t\t\t\t\t\t\t\t\t\t\t\t\t\t<div class=\"w-full\">\n\t\t\t\t\t\t\t\t\t\t\t\t\t\t\t\t\t<div class=\"flex items-center justify-between\">\n\t\t\t\t\t\t\t\t\t\t\t\t\t\t\t\t\t\t<div class=\"pl-6 large medium\">Francuski<\/div>\n\t\t\t\t\t\t\t\t\t\t\t\t\t\t\t\t\t\t<div class=\"opacity-0\"><i class=\"icon icon-tick text-md relative top-1.5 text-success-base\"><svg class=\"\" ><use xlink:href=\"https:\/\/kinesis.money\/wp-content\/plugins\/kinesis-marketing-tailwind-blocks_2.0\/assets\/fonts\/icons.svg?v=1.1.4#icon-tick\"><\/use><\/svg><\/i><\/div>\n\t\t\t\t\t\t\t\t\t\t\t\t\t\t\t\t\t<\/div>\n\t\t\t\t\t\t\t\t\t\t\t\t\t\t\t\t<\/div>\n\t\t\t\t\t\t\t\t\t\t\t\t\t\t\t<\/a>\n\t\t\t\t\t\t\t\t\t\t\t\t\t\t<\/div>\n\t\t\t\t\t\t\t\t\t\t\t\t\t<\/div>\n\t\t\t\t\t\t\t\t\t\t\t\t\t\t\t\t\t\t\t\t\t\t\t\t\t\t\t\t\t\t\t\t\t\t\t\t\t\t<div class=\"w-full md:w-1\/3 lg:w-1\/4\">\n\t\t\t\t\t\t\t\t\t\t\t\t\t\t<div class=\"rounded-lg md:px-3 lg:px-5 sm:pb-4\">\n\t\t\t\t\t\t\t\t\t\t\t\t\t\t\t<a href=\"#\" onclick=\"return false;\" data-lang-url=\"https:\/\/kinesis.money\/it\" data-lang-code=\"it\" class=\"flex py-4 px-6 rounded-lg items-center hover:bg-midnight-97 transition-colors duration-200 ease-in-out text-primary-base\">\n\t\t\t\t\t\t\t\t\t\t\t\t\t\t\t\t<div>\n\t\t\t\t\t\t\t\t\t\t\t\t\t\t\t\t\t\t\t\t\t\t\t\t\t\t\t\t\t\t\t\t\t\t\t<div class=\"bg-center bg-no-repeat bg-cover w-[48px] h-[48px] rounded-full\" style=\"background-image: url('https:\/\/kinesis.money\/wp-content\/plugins\/kinesis-marketing-tailwind-blocks_2.0\/assets\/images\/flags\/4x3\/it.svg');\"><\/div>\n\t\t\t\t\t\t\t\t\t\t\t\t\t\t\t\t\t\t\t\t\t\t\t\t\t\t\t\t\t\t\t\t\t<\/div>\n\t\t\t\t\t\t\t\t\t\t\t\t\t\t\t\t<div class=\"w-full\">\n\t\t\t\t\t\t\t\t\t\t\t\t\t\t\t\t\t<div class=\"flex items-center justify-between\">\n\t\t\t\t\t\t\t\t\t\t\t\t\t\t\t\t\t\t<div class=\"pl-6 large medium\">W\u0142oski<\/div>\n\t\t\t\t\t\t\t\t\t\t\t\t\t\t\t\t\t\t<div class=\"opacity-0\"><i class=\"icon icon-tick text-md relative top-1.5 text-success-base\"><svg class=\"\" ><use xlink:href=\"https:\/\/kinesis.money\/wp-content\/plugins\/kinesis-marketing-tailwind-blocks_2.0\/assets\/fonts\/icons.svg?v=1.1.4#icon-tick\"><\/use><\/svg><\/i><\/div>\n\t\t\t\t\t\t\t\t\t\t\t\t\t\t\t\t\t<\/div>\n\t\t\t\t\t\t\t\t\t\t\t\t\t\t\t\t<\/div>\n\t\t\t\t\t\t\t\t\t\t\t\t\t\t\t<\/a>\n\t\t\t\t\t\t\t\t\t\t\t\t\t\t<\/div>\n\t\t\t\t\t\t\t\t\t\t\t\t\t<\/div>\n\t\t\t\t\t\t\t\t\t\t\t\t\t\t\t\t\t\t\t\t\t\t\t\t\t\t\t\t\t\t\t\t\t\t\t\t\t\t<div class=\"w-full md:w-1\/3 lg:w-1\/4\">\n\t\t\t\t\t\t\t\t\t\t\t\t\t\t<div class=\"rounded-lg md:px-3 lg:px-5 sm:pb-4\">\n\t\t\t\t\t\t\t\t\t\t\t\t\t\t\t<a href=\"#\" onclick=\"return false;\" data-lang-url=\"https:\/\/kinesis.money\/nl\" data-lang-code=\"nl\" class=\"flex py-4 px-6 rounded-lg items-center hover:bg-midnight-97 transition-colors duration-200 ease-in-out text-primary-base\">\n\t\t\t\t\t\t\t\t\t\t\t\t\t\t\t\t<div>\n\t\t\t\t\t\t\t\t\t\t\t\t\t\t\t\t\t\t\t\t\t\t\t\t\t\t\t\t\t\t\t\t\t\t\t<div class=\"bg-center bg-no-repeat bg-cover w-[48px] h-[48px] rounded-full\" style=\"background-image: url('https:\/\/kinesis.money\/wp-content\/plugins\/kinesis-marketing-tailwind-blocks_2.0\/assets\/images\/flags\/4x3\/nl.svg');\"><\/div>\n\t\t\t\t\t\t\t\t\t\t\t\t\t\t\t\t\t\t\t\t\t\t\t\t\t\t\t\t\t\t\t\t\t<\/div>\n\t\t\t\t\t\t\t\t\t\t\t\t\t\t\t\t<div class=\"w-full\">\n\t\t\t\t\t\t\t\t\t\t\t\t\t\t\t\t\t<div class=\"flex items-center justify-between\">\n\t\t\t\t\t\t\t\t\t\t\t\t\t\t\t\t\t\t<div class=\"pl-6 large medium\">Niderlandzki<\/div>\n\t\t\t\t\t\t\t\t\t\t\t\t\t\t\t\t\t\t<div class=\"opacity-0\"><i class=\"icon icon-tick text-md relative top-1.5 text-success-base\"><svg class=\"\" ><use xlink:href=\"https:\/\/kinesis.money\/wp-content\/plugins\/kinesis-marketing-tailwind-blocks_2.0\/assets\/fonts\/icons.svg?v=1.1.4#icon-tick\"><\/use><\/svg><\/i><\/div>\n\t\t\t\t\t\t\t\t\t\t\t\t\t\t\t\t\t<\/div>\n\t\t\t\t\t\t\t\t\t\t\t\t\t\t\t\t<\/div>\n\t\t\t\t\t\t\t\t\t\t\t\t\t\t\t<\/a>\n\t\t\t\t\t\t\t\t\t\t\t\t\t\t<\/div>\n\t\t\t\t\t\t\t\t\t\t\t\t\t<\/div>\n\t\t\t\t\t\t\t\t\t\t\t\t\t\t\t\t\t\t\t\t\t\t\t<\/div>\n\t\t\t\t\t\t\t\t\t\t<\/div>\n\t\t\t\t\t\t\t\t\t\t\t\t\t\t\t\t\t<\/div>\n\t\t\t\t\t\t\t\t\t\t\t\t\t\t<div class=\"sm:-mt-4\">\n\t\t\t\t\t\t\t\t\t\t\t\t\t\t\t<\/div>\n\t\t\t\t\t\t<\/div>\n\t\t\t\t\t<\/div>\n\t\t\t\t<\/div>\n\t\t\t<\/div>\n\t\t<\/section>\n\t","protected":false},"excerpt":{"rendered":"","protected":false},"author":39,"featured_media":0,"parent":0,"menu_order":0,"comment_status":"closed","ping_status":"closed","template":"","meta":{"_acf_changed":false,"footnotes":""},"class_list":["post-83603","page","type-page","status-publish","hentry"],"acf":[],"yoast_head":"<!-- This site is optimized with the Yoast SEO Premium plugin v27.4 (Yoast SEO v27.5) - https:\/\/yoast.com\/product\/yoast-seo-premium-wordpress\/ -->\n<title>Wyb\u00f3r j\u0119zyk\u00f3w - Kinesis<\/title>\n<meta name=\"robots\" content=\"index, follow, max-snippet:-1, max-image-preview:large, max-video-preview:-1\" \/>\n<meta property=\"og:locale\" content=\"pl_PL\" \/>\n<meta property=\"og:type\" content=\"article\" \/>\n<meta property=\"og:title\" content=\"Wyb\u00f3r j\u0119zyk\u00f3w\" \/>\n<meta property=\"og:url\" content=\"https:\/\/kinesis.money\/pl\/wybor-jezykow\/\" \/>\n<meta property=\"og:site_name\" content=\"Kinesis\" \/>\n<meta property=\"article:modified_time\" content=\"2023-12-04T09:29:06+00:00\" \/>\n<meta name=\"twitter:card\" content=\"summary_large_image\" \/>\n<script type=\"application\/ld+json\" class=\"yoast-schema-graph\">{\"@context\":\"https:\\\/\\\/schema.org\",\"@graph\":[{\"@type\":\"WebPage\",\"@id\":\"https:\\\/\\\/kinesis.money\\\/pl\\\/wybor-jezykow\\\/\",\"url\":\"https:\\\/\\\/kinesis.money\\\/pl\\\/wybor-jezykow\\\/\",\"name\":\"Wyb\u00f3r j\u0119zyk\u00f3w - Kinesis\",\"isPartOf\":{\"@id\":\"https:\\\/\\\/kinesis.money\\\/#website\"},\"datePublished\":\"2023-03-16T12:04:48+00:00\",\"dateModified\":\"2023-12-04T09:29:06+00:00\",\"breadcrumb\":{\"@id\":\"https:\\\/\\\/kinesis.money\\\/pl\\\/wybor-jezykow\\\/#breadcrumb\"},\"inLanguage\":\"pl-PL\",\"potentialAction\":[{\"@type\":\"ReadAction\",\"target\":[\"https:\\\/\\\/kinesis.money\\\/pl\\\/wybor-jezykow\\\/\"]}]},{\"@type\":\"BreadcrumbList\",\"@id\":\"https:\\\/\\\/kinesis.money\\\/pl\\\/wybor-jezykow\\\/#breadcrumb\",\"itemListElement\":[{\"@type\":\"ListItem\",\"position\":1,\"name\":\"Home\",\"item\":\"https:\\\/\\\/kinesis.money\\\/pl\\\/\"},{\"@type\":\"ListItem\",\"position\":2,\"name\":\"Wyb\u00f3r j\u0119zyk\u00f3w\"}]},{\"@type\":\"WebSite\",\"@id\":\"https:\\\/\\\/kinesis.money\\\/#website\",\"url\":\"https:\\\/\\\/kinesis.money\\\/\",\"name\":\"Kinesis\",\"description\":\"\",\"potentialAction\":[{\"@type\":\"SearchAction\",\"target\":{\"@type\":\"EntryPoint\",\"urlTemplate\":\"https:\\\/\\\/kinesis.money\\\/?s={search_term_string}\"},\"query-input\":{\"@type\":\"PropertyValueSpecification\",\"valueRequired\":true,\"valueName\":\"search_term_string\"}}],\"inLanguage\":\"pl-PL\"}]}<\/script>\n<!-- \/ Yoast SEO Premium plugin. -->","yoast_head_json":{"title":"Wyb\u00f3r j\u0119zyk\u00f3w - Kinesis","robots":{"index":"index","follow":"follow","max-snippet":"max-snippet:-1","max-image-preview":"max-image-preview:large","max-video-preview":"max-video-preview:-1"},"og_locale":"pl_PL","og_type":"article","og_title":"Wyb\u00f3r j\u0119zyk\u00f3w","og_url":"https:\/\/kinesis.money\/pl\/wybor-jezykow\/","og_site_name":"Kinesis","article_modified_time":"2023-12-04T09:29:06+00:00","twitter_card":"summary_large_image","schema":{"@context":"https:\/\/schema.org","@graph":[{"@type":"WebPage","@id":"https:\/\/kinesis.money\/pl\/wybor-jezykow\/","url":"https:\/\/kinesis.money\/pl\/wybor-jezykow\/","name":"Wyb\u00f3r j\u0119zyk\u00f3w - Kinesis","isPartOf":{"@id":"https:\/\/kinesis.money\/#website"},"datePublished":"2023-03-16T12:04:48+00:00","dateModified":"2023-12-04T09:29:06+00:00","breadcrumb":{"@id":"https:\/\/kinesis.money\/pl\/wybor-jezykow\/#breadcrumb"},"inLanguage":"pl-PL","potentialAction":[{"@type":"ReadAction","target":["https:\/\/kinesis.money\/pl\/wybor-jezykow\/"]}]},{"@type":"BreadcrumbList","@id":"https:\/\/kinesis.money\/pl\/wybor-jezykow\/#breadcrumb","itemListElement":[{"@type":"ListItem","position":1,"name":"Home","item":"https:\/\/kinesis.money\/pl\/"},{"@type":"ListItem","position":2,"name":"Wyb\u00f3r j\u0119zyk\u00f3w"}]},{"@type":"WebSite","@id":"https:\/\/kinesis.money\/#website","url":"https:\/\/kinesis.money\/","name":"Kinesis","description":"","potentialAction":[{"@type":"SearchAction","target":{"@type":"EntryPoint","urlTemplate":"https:\/\/kinesis.money\/?s={search_term_string}"},"query-input":{"@type":"PropertyValueSpecification","valueRequired":true,"valueName":"search_term_string"}}],"inLanguage":"pl-PL"}]}},"_links":{"self":[{"href":"https:\/\/kinesis.money\/pl\/wp-json\/wp\/v2\/pages\/83603","targetHints":{"allow":["GET"]}}],"collection":[{"href":"https:\/\/kinesis.money\/pl\/wp-json\/wp\/v2\/pages"}],"about":[{"href":"https:\/\/kinesis.money\/pl\/wp-json\/wp\/v2\/types\/page"}],"author":[{"embeddable":true,"href":"https:\/\/kinesis.money\/pl\/wp-json\/wp\/v2\/users\/39"}],"replies":[{"embeddable":true,"href":"https:\/\/kinesis.money\/pl\/wp-json\/wp\/v2\/comments?post=83603"}],"version-history":[{"count":0,"href":"https:\/\/kinesis.money\/pl\/wp-json\/wp\/v2\/pages\/83603\/revisions"}],"wp:attachment":[{"href":"https:\/\/kinesis.money\/pl\/wp-json\/wp\/v2\/media?parent=83603"}],"curies":[{"name":"wp","href":"https:\/\/api.w.org\/{rel}","templated":true}]}}