{"id":83458,"date":"2023-04-20T13:19:39","date_gmt":"2023-04-20T13:19:39","guid":{"rendered":"https:\/\/kinesis.money\/?page_id=83458"},"modified":"2023-10-02T08:27:22","modified_gmt":"2023-10-02T08:27:22","slug":"kariera","status":"publish","type":"page","link":"https:\/\/kinesis.money\/pl\/kariera\/","title":{"rendered":"Oferty pracy"},"content":{"rendered":"\t<section class=\"ktp-block ktp2_0-block\">\n\n\t\t<div class=\"hero-centered   text-center\">\n\n\n\t\t\t<div class=\"ktp-container\">\n\t\t\t\t<div class=\"ktp-grid py-16 md:pt-20 \">\n\n\t\t\t\t\t<div class=\"col-span-4 md:col-span-8 lg:col-start-3 xl:col-start-3\">\n\n\t\t\t\t\t\t\n\n\t\t\t\t\t\t\t\t\t\t\t\t\t<h1 class=\"mb-6 md neutral text-brand-primary-midnight-500\">\n\t\t\t\t\t\t\t\tKariera w Kinesis\n\t\t\t\t\t\t\t<\/h1>\n\t\t\t\t\t\t\n\t\t\t\t\t<\/div>\n\n\t\t\t\t\t<div class=\"col-span-4 md:col-span-8 lg:col-start-3 xl:col-span-6 xl:col-start-4\">\n\t\t\t\t\t\t\t\t\t\t\t\t\t<div class=\"text-brand-primary-midnight-325\">\n\t\t\t\t\t\t\t\t<div class=\"p-container body-md\">\n\t\t\t\t\t\t\t\t\t<p>Do\u0142\u0105cz do globalnego zespo\u0142u, kt\u00f3ry przyspiesza przej\u015bcie \u015bwiata na zr\u00f3wnowa\u017cone pieni\u0105dze.<\/p>\n\t\t\t\t\t\t\t\t<\/div>\n\t\t\t\t\t\t\t<\/div>\n\t\t\t\t\t\t\t\t\t\t\t<\/div>\n\n\t\t\t\t\t\t\t\t\t\t\t\t\t\t\t\t\t\t<div class=\"col-span-4 md:col-span-8 lg:col-span-12 flex justify-center items-center mb-0 mt-8 md:mt-10\">\n\t\t\t\t\t\t\t\t<div class=\"ktp-btns-group\"><div class=\"ktp-btns-group-inner -m-1 flex flex-wrap -mx-1 -my-1 flex-col md:flex-row\"><div class=\"p-1 justify-center md:justify-normal \">\t\n\t\n\t\t\t\t\n\t\t\t<a href=\"https:\/\/ky.linkedin.com\/company\/kinesismoney\" class=\"ktp-btn btn  primary  inline-flex items-center items-center justify-center normal-case \" target=\"_blank\">\n\t\t\t<span>Join us<\/span>\n\t\t<\/a>\n\t<\/div><\/div><\/div>\n\t\t\t\t\t\t\t<\/div>\n\t\t\t\t\t\t\t\t\t\t\t\n\n\t\t\t\t<\/div>\n\t\t\t<\/div>\n\n\t\t\t<div class=\"flex justify-center relative \">\n\t\t\t\t\t\t\t\t<div class=\" md:max-w-3xl lg:max-w-7xl relative\">\n\t\t\t\t\t\t<picture>\n\t\t\t\t\t\t\t\t<source media=\"(min-width: 1024px)\" type=\"image\/webp\" srcset=\"https:\/\/kinesis.money\/wp-content\/uploads\/2022\/09\/careers-hero-desktop.webp\">\n\t\t\t\t\t\t\t\t\t\t\t\t<source media=\"(min-width: 768px)\" type=\"image\/webp\" srcset=\"https:\/\/kinesis.money\/wp-content\/uploads\/2022\/09\/careers-hero-tablet.webp\">\n\t\t\t\t\t\t\t\t\t\t<source media=\"(max-width: 767px)\" type=\"image\/webp\" srcset=\"https:\/\/kinesis.money\/wp-content\/uploads\/2022\/09\/careers-hero-mobile.webp\">\n\t\t\t\t\t\t\t<img width=\"720\" height=\"600\" src=\"https:\/\/kinesis.money\/wp-content\/uploads\/2022\/09\/careers-hero-mobile.png\" alt=\"\" class=\"img-responsive w-full h-auto \" >\n\t\t\t<\/picture>\n    \n\t\t\t\t<\/div>\n\t\t\t<\/div>\n\t\t<\/div>\n\n\t<\/section>\n\n\t<section class=\"ktp-block ktp2_0-block\" id=\"nasza-misja\">\n\t\t<div class=\"kinesis-zigzag mini bg-brand-primary-midnight-10\">\n\t\t\t<div class=\"ktp-container relative\">\n\t\t\t\t<div\n\t\t\t\t\tclass=\"ktp-grid items-center\">\n\t\t\t\t\t\t\t\t\t\t<div class=\"col-span-4 md:col-span-6 md:col-start-2 lg:col-span-5 lg:col-start-auto xl:col-span-4 xl:col-start-2 lg:order-first \">\n\t\t\t\t\t\t<div class=\"zz-min-textwrap pt-16 pb-8 md:pt-20 md:pb-10 lg:pb-20\">\n\t\t\t\t\t\t\t\t\t\t\t\t\t\t\t<div class=\"mb-2\"><\/div>\n\t\t\t\t\t\t\t\t\t\t\t\t\t\t\t\t\t\t\t\t\t\t\t\t\t\t\t\t\t\t\t<h2 class=\"xl neutral text-brand-primary-midnight-500\">Nasza misja<\/h2>\n\t\t\t\t\t\t\t\t\t\t\t\t\t\t\t\t\t\t\t\t\t\t\t\t\t\t\t\t\t\t<div class=\"mt-4 md:mt-6 p-container body-md neutral text-brand-primary-midnight-325\"><p>Kinesis zmienia inwestycje w metale szlachetne na lepsze, u\u0142atwiaj\u0105c ka\u017cdemu i wsz\u0119dzie dost\u0119p do korzy\u015bci p\u0142yn\u0105cych ze z\u0142ota i srebra. Zak\u0142\u00f3camy tradycyjny system finansowy, wyobra\u017caj\u0105c sobie \u015bwiat, w kt\u00f3rym pieni\u0105dze maj\u0105 uniwersaln\u0105 warto\u015b\u0107, chroni\u0105 bogactwo i nagradzaj\u0105 ka\u017cdego, kto z nich korzysta. Razem mo\u017cemy sprawi\u0107, \u017ce b\u0119dzie to mo\u017cliwe.<\/p>\n<\/div>\n\t\t\t\t\t\t\t\t\t\t\t\t\t\t\t\t\t\t\t\t\t\t<div class=\"mt-8 md:mt-10\">\n\t\t\t\t\t\t\t\t\t<div class=\"ktp-btns-group\"><div class=\"ktp-btns-group-inner -m-1 flex flex-wrap \"><div class=\"p-1 justify-center md:justify-normal \"><\/div><\/div><\/div>\n\t\t\t\t\t\t\t\t<\/div>\n\t\t\t\t\t\t\t\t\t\t\t\t\t<\/div>\n\t\t\t\t\t<\/div>\n\t\t\t\t\t\t\t\t\t\t<div class=\"col-span-4 md:col-span-8 lg:col-span-7 xl:col-span-6 relative lg:order-last xl:col-start-7 \">\n\t\t\t\t\t\t\t\t\t\t\t\t\t\t<picture>\n\t\t\t\t\t\t\t\t<source media=\"(min-width: 1024px)\" type=\"image\/webp\" srcset=\"https:\/\/kinesis.money\/wp-content\/uploads\/2023\/04\/Careers@2x.webp\">\n\t\t\t\t\t\t\t\t\t\t\t\t<source media=\"(min-width: 768px)\" type=\"image\/webp\" srcset=\"https:\/\/kinesis.money\/wp-content\/uploads\/2023\/04\/Careers@1x.webp\">\n\t\t\t\t\t\t\t\t\t\t<source media=\"(max-width: 767px)\" type=\"image\/webp\" srcset=\"https:\/\/kinesis.money\/wp-content\/uploads\/2023\/04\/Careers-section-m@2x.webp\">\n\t\t\t\t\t\t\t<img width=\"752\" height=\"492\" src=\"https:\/\/kinesis.money\/wp-content\/uploads\/2023\/04\/Careers-section-m@2x.png\" alt=\"\" class=\"img-responsive w-full h-auto \"  loading=\"lazy\">\n\t\t\t<\/picture>\n    \n\t\t\t\t\t\t\t\t\t\t\t<\/div>\n\t\t\t\t<\/div>\n\t\t\t<\/div>\n\t\t<\/div>\n\t<\/section>\n\n\n\t\n\t\t<section class=\"ktp-block ktp2_0-block\">\n\t\t\t<div class=\"py-10 sm:py-16 bg-brand-primary-midnight-500 dark\">\n\t\t\t\t\t\t\t\t\t<div class=\"ktp-container mb-10 md:mb-12 lg:mb-14\">\n\t\t\t\t\t\t<div class=\"ktp-grid\">\n\t\t\t\t\t\t\t<div class=\"col-span-4 md:col-span-8 lg:col-start-3 text-center justify-center max-w-[840px] mx-auto\">\n\t\t\t\t\t\t\t\t<h2 class=\"xl neutral  text-white\">Jeste\u015bmy globalnym zespo\u0142em<\/h2>\n\t\t\t\t\t\t\t<\/div>\n\t\t\t\t\t\t<\/div>\n\t\t\t\t\t<\/div>\n\t\t\t\t\t\t\t\t<div class=\"ktp-container xl:ktp-grid xl:grid-px-0\">\n\t\t\t\t\t<div class=\"ktp-grid md:!flex xl:!col-start-2 xl:col-span-10 xl:!px-0 gap-y-10 \">\n\n\t\t\t\t\t\t\t\t\t\t\t\t\t\t\t\t\t\t\t\t\t<div class=\"col-span-4 md:w-1\/3  text-center justify-center\">\n\t\t\t\t\t\t\t\t\t<div>\n\t\t\t\t\t\t\t\t\t\t\t\t\t\t\t\t\t\t\t\t\t<div class=\"pb-2\">\n\t\t\t\t\t\t\t\t\t\t\t\t\n\t\t\t\t\t\t\t\t\t\t\t<\/div>\n\t\t\t\t\t\t\t\t\t\t\t\t\t\t\t\t\t\t\t\t<div class=\"body-3xl loud text-white\">250+<\/div>\n\t\t\t\t\t\t\t\t\t\t\t\t\t\t\t\t\t\t\t\t\t<div class=\"pt-2 body-lg neutral text-brand-primary-midnight-30\">pracownicy<\/div>\n\t\t\t\t\t\t\t\t\t\t\t\t\t\t\t\t\t\t\t<\/div>\n\t\t\t\t\t\t\t\t<\/div>\n\t\t\t\t\t\t\t\t\t\t\t\t\t\t\t\t\t\t\t\t\t\t\t\t\t\t\t\t<div class=\"col-span-4 md:w-1\/3  text-center justify-center\">\n\t\t\t\t\t\t\t\t\t<div>\n\t\t\t\t\t\t\t\t\t\t\t\t\t\t\t\t\t\t\t\t\t<div class=\"pb-2\">\n\t\t\t\t\t\t\t\t\t\t\t\t\n\t\t\t\t\t\t\t\t\t\t\t<\/div>\n\t\t\t\t\t\t\t\t\t\t\t\t\t\t\t\t\t\t\t\t<div class=\"body-3xl loud text-white\">10+<\/div>\n\t\t\t\t\t\t\t\t\t\t\t\t\t\t\t\t\t\t\t\t\t<div class=\"pt-2 body-lg neutral text-brand-primary-midnight-30\">lat do\u015bwiadczenia w bran\u017cy<\/div>\n\t\t\t\t\t\t\t\t\t\t\t\t\t\t\t\t\t\t\t<\/div>\n\t\t\t\t\t\t\t\t<\/div>\n\t\t\t\t\t\t\t\t\t\t\t\t\t\t\t\t\t\t\t\t\t\t\t\t\t\t\t\t<div class=\"col-span-4 md:w-1\/3  text-center justify-center\">\n\t\t\t\t\t\t\t\t\t<div>\n\t\t\t\t\t\t\t\t\t\t\t\t\t\t\t\t\t\t\t\t\t<div class=\"pb-2\">\n\t\t\t\t\t\t\t\t\t\t\t\t\n\t\t\t\t\t\t\t\t\t\t\t<\/div>\n\t\t\t\t\t\t\t\t\t\t\t\t\t\t\t\t\t\t\t\t<div class=\"body-3xl loud text-white\">150,000+<\/div>\n\t\t\t\t\t\t\t\t\t\t\t\t\t\t\t\t\t\t\t\t\t<div class=\"pt-2 body-lg neutral text-brand-primary-midnight-30\">u\u017cytkownicy<\/div>\n\t\t\t\t\t\t\t\t\t\t\t\t\t\t\t\t\t\t\t<\/div>\n\t\t\t\t\t\t\t\t<\/div>\n\t\t\t\t\t\t\t\t\t\t\t\t\t\n\t\t\t\t\t<\/div>\n\t\t\t\t<\/div>\n\t\t\t\t\t\t\t<\/div>\n\t\t<\/section>\n\t\n\t<section class=\"ktp-block ktp2_0-block\" id=\"praca-w-kinesis\">\n\t\t<div class=\"kinesis-zigzag mini \">\n\t\t\t<div class=\"ktp-container relative\">\n\t\t\t\t<div\n\t\t\t\t\tclass=\"ktp-grid items-center\">\n\t\t\t\t\t\t\t\t\t\t<div class=\"col-span-4 md:col-span-6 md:col-start-2 lg:col-span-5 lg:col-start-auto xl:col-span-4 xl:col-start-2 lg:order-first \">\n\t\t\t\t\t\t<div class=\"zz-min-textwrap pt-16 pb-8 md:pt-20 md:pb-10 lg:pb-20\">\n\t\t\t\t\t\t\t\t\t\t\t\t\t\t\t<div class=\"mb-2\"><\/div>\n\t\t\t\t\t\t\t\t\t\t\t\t\t\t\t\t\t\t\t\t\t\t\t\t\t\t\t\t\t\t\t<h2 class=\"xl neutral text-brand-primary-midnight-500\">Praca w Kinesis<\/h2>\n\t\t\t\t\t\t\t\t\t\t\t\t\t\t\t\t\t\t\t\t\t\t\t\t\t\t\t\t\t\t<div class=\"mt-4 md:mt-6 p-container body-md neutral text-brand-primary-midnight-325\"><p>Tutaj b\u0119dziesz cz\u0119\u015bci\u0105 wszechstronnie utalentowanego zespo\u0142u ekspert\u00f3w bran\u017cowych, pracuj\u0105cych nad urzeczywistnieniem wizji Kinesis.<\/p>\n<p>Oferujemy Ci mo\u017cliwo\u015b\u0107 wywarcia wp\u0142ywu na najnowocze\u015bniejszy sektor FinTech, w kt\u00f3rym Tw\u00f3j talent, energia i umiej\u0119tno\u015b\u0107 pracy w dynamicznym \u015brodowisku b\u0119d\u0105 si\u0119 rozwija\u0107.<\/p>\n<p>Czy jeste\u015b gotowy, aby rozpocz\u0105\u0107 swoj\u0105 przygod\u0119 z Kinesis?<\/p>\n<\/div>\n\t\t\t\t\t\t\t\t\t\t\t\t\t\t\t\t\t\t\t\t\t\t<div class=\"mt-8 md:mt-10\">\n\t\t\t\t\t\t\t\t\t<div class=\"ktp-btns-group\"><div class=\"ktp-btns-group-inner -m-1 flex flex-wrap \"><div class=\"p-1 justify-center md:justify-normal \">\t\n\t\n\t\t\t\t\n\t\t\t<a href=\"https:\/\/ky.linkedin.com\/company\/kinesismoney\" class=\"ktp-btn btn  primary  inline-flex items-center items-center justify-center normal-case \" target=\"_blank\">\n\t\t\t<span>Join Kinesis<\/span>\n\t\t<\/a>\n\t<\/div><\/div><\/div>\n\t\t\t\t\t\t\t\t<\/div>\n\t\t\t\t\t\t\t\t\t\t\t\t\t<\/div>\n\t\t\t\t\t<\/div>\n\t\t\t\t\t\t\t\t\t\t<div class=\"col-span-4 md:col-span-8 lg:col-span-7 xl:col-span-6 relative lg:order-last xl:col-start-7 \">\n\t\t\t\t\t\t\t\t\t\t\t\t\t\t<picture>\n\t\t\t\t\t\t\t\t<source media=\"(min-width: 1024px)\" type=\"image\/webp\" srcset=\"https:\/\/kinesis.money\/wp-content\/uploads\/2023\/04\/Careers-Content.webp\">\n\t\t\t\t\t\t\t\t\t\t\t\t<source media=\"(min-width: 768px)\" type=\"image\/webp\" srcset=\"https:\/\/kinesis.money\/wp-content\/uploads\/2023\/04\/Careers-Content.webp\">\n\t\t\t\t\t\t\t\t\t\t<source media=\"(max-width: 767px)\" type=\"image\/webp\" srcset=\"https:\/\/kinesis.money\/wp-content\/uploads\/2023\/07\/Content-M-2-copy.webp\">\n\t\t\t\t\t\t\t<img width=\"486\" height=\"1475\" src=\"https:\/\/kinesis.money\/wp-content\/uploads\/2023\/07\/Content-M-2-copy.jpg\" alt=\"\" class=\"img-responsive w-full h-auto \"  loading=\"lazy\">\n\t\t\t<\/picture>\n    \n\t\t\t\t\t\t\t\t\t\t\t<\/div>\n\t\t\t\t<\/div>\n\t\t\t<\/div>\n\t\t<\/div>\n\t<\/section>\n\n\t\t\t<section class=\"ktp-block ktp2_0-block\">\n\n\t\t<div class=\"overflow-hidden\">\n\t\t\t<div class=\"kinesis-cta flex flex-wrap items-center relative lg:py-[43px] dark bg-brand-primary-midnight-500 lazy-background\" data-bg-src=\"https:\/\/kinesis.money\/wp-content\/uploads\/2023\/04\/KAUKAG@1x.png\">\n\n\n\t\t\t\t<figure class=\"kinesis-cta--image sm:absolute sm:left-0 sm:top-1\/2 sm:-translate-y-1\/2\">\n\t\t\t\t\t\t\t\t\t\t\t<img class=\"block sm:hidden\" src=\"https:\/\/kinesis.money\/wp-content\/uploads\/2023\/04\/KAUKAG@2x.png\" alt=\"\" loading=\"lazy\"\/>\n\t\t\t\t\t\t\t\t\t<\/figure>\n\t\t\t\t<div class=\"ktp-container w-full z-10\">\n\t\t\t\t\t<div class=\"ktp-grid\">\n\t\t\t\t\t\t<div class=\"col-span-4 lg:col-span-5 lg:col-start-2 pb-16 sm:py-20\">\n\t\t\t\t\t\t\t\t\t\t\t\t\t\t\t<h2 class=\"xl neutral text-product-neutral-white\">Do\u0142\u0105cz do nas<\/h2>\n\t\t\t\t\t\t\t\n\t\t\t\t\t\t\t\t\t\t\t\t\t\t\t<div class=\"mt-4 md:mt-6 p-container body-md neutral text-brand-primary-midnight-90\"><p>Wy\u015blij swoje CV i list motywacyjny na adres careers@kinesis.money<\/p>\n<\/div>\n\t\t\t\t\t\t\t\n\t\t\t\t\t\t\t\t\t\t\t\t\t\t\t<div class=\"mt-10\">\n\t\t\t\t\t\t\t\t\t<div class=\"flex justify-start\"><div class=\"ktp-btns-group\"><div class=\"ktp-btns-group-inner -m-1 flex flex-wrap \"><div class=\"p-1 justify-center md:justify-normal \">\t\n\t\n\t\t\t\t\n\t\t\t<a href=\"mailto:%20careers@kinesis.money\" class=\"ktp-btn btn  primary  inline-flex items-center items-center justify-center normal-case \" target=\"_blank\">\n\t\t\t<span>Contact us today<\/span>\n\t\t<\/a>\n\t<\/div><\/div><\/div><\/div>\n\t\t\t\t\t\t\t\t<\/div>\n\t\t\t\t\t\t\t\n\t\t\t\t\t\t\t\t\t\t\t\t\t<\/div>\n\t\t\t\t\t<\/div>\n\t\t\t\t<\/div>\n\t\t\t<\/div>\n\t\t<\/div>\n\t<\/section>\n\n","protected":false},"excerpt":{"rendered":"","protected":false},"author":1,"featured_media":0,"parent":0,"menu_order":0,"comment_status":"closed","ping_status":"closed","template":"","meta":{"_acf_changed":false,"footnotes":""},"class_list":["post-83458","page","type-page","status-publish","hentry"],"acf":[],"yoast_head":"<!-- This site is optimized with the Yoast SEO Premium plugin v27.4 (Yoast SEO v27.4) - https:\/\/yoast.com\/product\/yoast-seo-premium-wordpress\/ -->\n<title>Kinesis Kariera | Kinesis Pieni\u0105dze<\/title>\n<meta name=\"description\" content=\"Do\u0142\u0105cz do globalnego zespo\u0142u, kt\u00f3ry przyspiesza przej\u015bcie \u015bwiata na zr\u00f3wnowa\u017cone pieni\u0105dze. Razem mo\u017cemy urzeczywistni\u0107 wizj\u0119 Kinesis.\" \/>\n<meta name=\"robots\" content=\"index, follow, max-snippet:-1, max-image-preview:large, max-video-preview:-1\" \/>\n<meta property=\"og:locale\" content=\"pl_PL\" \/>\n<meta property=\"og:type\" content=\"article\" \/>\n<meta property=\"og:title\" content=\"Kinesis Kariera | Kinesis Pieni\u0105dze\" \/>\n<meta property=\"og:description\" content=\"Do\u0142\u0105cz do globalnego zespo\u0142u, kt\u00f3ry przyspiesza przej\u015bcie \u015bwiata na zr\u00f3wnowa\u017cone pieni\u0105dze. Razem mo\u017cemy urzeczywistni\u0107 wizj\u0119 Kinesis.\" \/>\n<meta property=\"og:url\" content=\"https:\/\/kinesis.money\/pl\/kariera\/\" \/>\n<meta property=\"og:site_name\" content=\"Kinesis\" \/>\n<meta property=\"article:modified_time\" content=\"2023-10-02T08:27:22+00:00\" \/>\n<meta property=\"og:image\" content=\"https:\/\/kinesis.money\/wp-content\/uploads\/2022\/09\/careers-hero-mobile.png\" \/>\n<meta name=\"twitter:card\" content=\"summary_large_image\" \/>\n<meta name=\"twitter:title\" content=\"Kinesis Kariera | Kinesis Pieni\u0105dze\" \/>\n<meta name=\"twitter:description\" content=\"Do\u0142\u0105cz do globalnego zespo\u0142u, kt\u00f3ry przyspiesza przej\u015bcie \u015bwiata na zr\u00f3wnowa\u017cone pieni\u0105dze. Razem mo\u017cemy urzeczywistni\u0107 wizj\u0119 Kinesis.\" \/>\n<meta name=\"twitter:image\" content=\"https:\/\/kinesis.money\/wp-content\/uploads\/2022\/09\/careers-hero-mobile.png\" \/>\n<script type=\"application\/ld+json\" class=\"yoast-schema-graph\">{\"@context\":\"https:\\\/\\\/schema.org\",\"@graph\":[{\"@type\":\"WebPage\",\"@id\":\"https:\\\/\\\/kinesis.money\\\/pl\\\/kariera\\\/\",\"url\":\"https:\\\/\\\/kinesis.money\\\/pl\\\/kariera\\\/\",\"name\":\"Kinesis Kariera | Kinesis Pieni\u0105dze\",\"isPartOf\":{\"@id\":\"https:\\\/\\\/kinesis.money\\\/#website\"},\"datePublished\":\"2023-04-20T13:19:39+00:00\",\"dateModified\":\"2023-10-02T08:27:22+00:00\",\"description\":\"Do\u0142\u0105cz do globalnego zespo\u0142u, kt\u00f3ry przyspiesza przej\u015bcie \u015bwiata na zr\u00f3wnowa\u017cone pieni\u0105dze. Razem mo\u017cemy urzeczywistni\u0107 wizj\u0119 Kinesis.\",\"breadcrumb\":{\"@id\":\"https:\\\/\\\/kinesis.money\\\/pl\\\/kariera\\\/#breadcrumb\"},\"inLanguage\":\"pl-PL\",\"potentialAction\":[{\"@type\":\"ReadAction\",\"target\":[\"https:\\\/\\\/kinesis.money\\\/pl\\\/kariera\\\/\"]}]},{\"@type\":\"BreadcrumbList\",\"@id\":\"https:\\\/\\\/kinesis.money\\\/pl\\\/kariera\\\/#breadcrumb\",\"itemListElement\":[{\"@type\":\"ListItem\",\"position\":1,\"name\":\"Home\",\"item\":\"https:\\\/\\\/kinesis.money\\\/pl\\\/\"},{\"@type\":\"ListItem\",\"position\":2,\"name\":\"Oferty pracy\"}]},{\"@type\":\"WebSite\",\"@id\":\"https:\\\/\\\/kinesis.money\\\/#website\",\"url\":\"https:\\\/\\\/kinesis.money\\\/\",\"name\":\"Kinesis\",\"description\":\"\",\"potentialAction\":[{\"@type\":\"SearchAction\",\"target\":{\"@type\":\"EntryPoint\",\"urlTemplate\":\"https:\\\/\\\/kinesis.money\\\/?s={search_term_string}\"},\"query-input\":{\"@type\":\"PropertyValueSpecification\",\"valueRequired\":true,\"valueName\":\"search_term_string\"}}],\"inLanguage\":\"pl-PL\"}]}<\/script>\n<!-- \/ Yoast SEO Premium plugin. -->","yoast_head_json":{"title":"Kinesis Kariera | Kinesis Pieni\u0105dze","description":"Do\u0142\u0105cz do globalnego zespo\u0142u, kt\u00f3ry przyspiesza przej\u015bcie \u015bwiata na zr\u00f3wnowa\u017cone pieni\u0105dze. Razem mo\u017cemy urzeczywistni\u0107 wizj\u0119 Kinesis.","robots":{"index":"index","follow":"follow","max-snippet":"max-snippet:-1","max-image-preview":"max-image-preview:large","max-video-preview":"max-video-preview:-1"},"og_locale":"pl_PL","og_type":"article","og_title":"Kinesis Kariera | Kinesis Pieni\u0105dze","og_description":"Do\u0142\u0105cz do globalnego zespo\u0142u, kt\u00f3ry przyspiesza przej\u015bcie \u015bwiata na zr\u00f3wnowa\u017cone pieni\u0105dze. Razem mo\u017cemy urzeczywistni\u0107 wizj\u0119 Kinesis.","og_url":"https:\/\/kinesis.money\/pl\/kariera\/","og_site_name":"Kinesis","article_modified_time":"2023-10-02T08:27:22+00:00","og_image":[{"url":"https:\/\/kinesis.money\/wp-content\/uploads\/2022\/09\/careers-hero-mobile.png","type":"","width":"","height":""}],"twitter_card":"summary_large_image","twitter_title":"Kinesis Kariera | Kinesis Pieni\u0105dze","twitter_description":"Do\u0142\u0105cz do globalnego zespo\u0142u, kt\u00f3ry przyspiesza przej\u015bcie \u015bwiata na zr\u00f3wnowa\u017cone pieni\u0105dze. Razem mo\u017cemy urzeczywistni\u0107 wizj\u0119 Kinesis.","twitter_image":"https:\/\/kinesis.money\/wp-content\/uploads\/2022\/09\/careers-hero-mobile.png","schema":{"@context":"https:\/\/schema.org","@graph":[{"@type":"WebPage","@id":"https:\/\/kinesis.money\/pl\/kariera\/","url":"https:\/\/kinesis.money\/pl\/kariera\/","name":"Kinesis Kariera | Kinesis Pieni\u0105dze","isPartOf":{"@id":"https:\/\/kinesis.money\/#website"},"datePublished":"2023-04-20T13:19:39+00:00","dateModified":"2023-10-02T08:27:22+00:00","description":"Do\u0142\u0105cz do globalnego zespo\u0142u, kt\u00f3ry przyspiesza przej\u015bcie \u015bwiata na zr\u00f3wnowa\u017cone pieni\u0105dze. Razem mo\u017cemy urzeczywistni\u0107 wizj\u0119 Kinesis.","breadcrumb":{"@id":"https:\/\/kinesis.money\/pl\/kariera\/#breadcrumb"},"inLanguage":"pl-PL","potentialAction":[{"@type":"ReadAction","target":["https:\/\/kinesis.money\/pl\/kariera\/"]}]},{"@type":"BreadcrumbList","@id":"https:\/\/kinesis.money\/pl\/kariera\/#breadcrumb","itemListElement":[{"@type":"ListItem","position":1,"name":"Home","item":"https:\/\/kinesis.money\/pl\/"},{"@type":"ListItem","position":2,"name":"Oferty pracy"}]},{"@type":"WebSite","@id":"https:\/\/kinesis.money\/#website","url":"https:\/\/kinesis.money\/","name":"Kinesis","description":"","potentialAction":[{"@type":"SearchAction","target":{"@type":"EntryPoint","urlTemplate":"https:\/\/kinesis.money\/?s={search_term_string}"},"query-input":{"@type":"PropertyValueSpecification","valueRequired":true,"valueName":"search_term_string"}}],"inLanguage":"pl-PL"}]}},"_links":{"self":[{"href":"https:\/\/kinesis.money\/pl\/wp-json\/wp\/v2\/pages\/83458","targetHints":{"allow":["GET"]}}],"collection":[{"href":"https:\/\/kinesis.money\/pl\/wp-json\/wp\/v2\/pages"}],"about":[{"href":"https:\/\/kinesis.money\/pl\/wp-json\/wp\/v2\/types\/page"}],"author":[{"embeddable":true,"href":"https:\/\/kinesis.money\/pl\/wp-json\/wp\/v2\/users\/1"}],"replies":[{"embeddable":true,"href":"https:\/\/kinesis.money\/pl\/wp-json\/wp\/v2\/comments?post=83458"}],"version-history":[{"count":0,"href":"https:\/\/kinesis.money\/pl\/wp-json\/wp\/v2\/pages\/83458\/revisions"}],"wp:attachment":[{"href":"https:\/\/kinesis.money\/pl\/wp-json\/wp\/v2\/media?parent=83458"}],"curies":[{"name":"wp","href":"https:\/\/api.w.org\/{rel}","templated":true}]}}