{"id":83415,"date":"2021-06-17T10:57:31","date_gmt":"2021-06-17T10:57:31","guid":{"rendered":"https:\/\/kinesis.money\/?page_id=83415"},"modified":"2023-10-10T12:06:55","modified_gmt":"2023-10-10T12:06:55","slug":"zasoby-materialy","status":"publish","type":"page","link":"https:\/\/kinesis.money\/pl\/o-nas\/zasoby-materialy\/","title":{"rendered":"Materia\u0142y i Zasoby"},"content":{"rendered":"\t<section class=\"ktp-block ktp2_0-block\">\n\n\t\t<div class=\"hero-centered dark bg-brand-primary-midnight-500 text-center\">\n\n\n\t\t\t<div class=\"ktp-container\">\n\t\t\t\t<div class=\"ktp-grid py-16 md:pt-20 \">\n\n\t\t\t\t\t<div class=\"col-span-4 md:col-span-8 lg:col-start-3 xl:col-start-3\">\n\n\t\t\t\t\t\t\n\n\t\t\t\t\t\t\t\t\t\t\t\t\t<h1 class=\"mb-6 md neutral text-product-neutral-white\">\n\t\t\t\t\t\t\t\tZasoby marki\n\t\t\t\t\t\t\t<\/h1>\n\t\t\t\t\t\t\n\t\t\t\t\t<\/div>\n\n\t\t\t\t\t<div class=\"col-span-4 md:col-span-8 lg:col-start-3 xl:col-span-6 xl:col-start-4\">\n\t\t\t\t\t\t\t\t\t\t\t\t\t<div class=\"text-brand-primary-midnight-90\">\n\t\t\t\t\t\t\t\t<div class=\"p-container body-md\">\n\t\t\t\t\t\t\t\t\t<p>Je\u015bli chcesz promowa\u0107 Kinesis, chcemy Ci pom\u00f3c. Poni\u017cej znajduj\u0105 si\u0119 elementy sk\u0142adowe naszej marki.<\/p>\n\t\t\t\t\t\t\t\t<\/div>\n\t\t\t\t\t\t\t<\/div>\n\t\t\t\t\t\t\t\t\t\t\t<\/div>\n\n\t\t\t\t\t\t\t\t\t\t\t\t\t\t\t\t\n\n\t\t\t\t<\/div>\n\t\t\t<\/div>\n\n\t\t\t<div class=\"flex justify-center relative \">\n\t\t\t\t\t\t\t\t<div class=\" md:max-w-3xl lg:max-w-7xl relative\">\n\t\t\t\t\t\t<picture>\n\t\t\t\t\t\t\t\t\t\t\t<\/picture>\n    \n\t\t\t\t<\/div>\n\t\t\t<\/div>\n\t\t<\/div>\n\n\t<\/section>\n\n\n\n\t\t\t<section class=\"ktp-block ktp2_0-block\" id=\"\">\n\n\t\t\t<div class=\"pt-16 pb-6 md:py-20 lg:pt-20 lg:pb-10 bg-brand-primary-midnight-10 \">\n\n\t\t\t\t\n\t\t\t\t<div class=\"ktp-container thin\">\n\t\t\t\t\t<div class=\"ktp-grid\">\n\t\t\t\t\t\t<div class=\"col-span-4 md:col-span-8 lg:col-span-10 lg:col-start-2 md:flex xl:flex-col gap-6 xl:gap-0\">\n\n\t\t\t\t\t\t\t\n\t\t\t\t\t\t\t\t\n\t\t\t\t\t\t\t\t<div class=\"tw-tile-container lg:min-h-[434px] flex items-center w-full md:w-1\/2 lg:w-full mb-10 md:mb-0 lg:mb-10 mx-auto\">\n\t\t\t\t\t\t\t\t\t<div class=\"h-full w-full\">\n\t\t\t\t\t\t\t\t\t\t<div class=\"round-lg overflow-hidden hover:shadows-large-1 transition-shadow duration-300 ease-in-out h-full bg-product-neutral-white text-brand-primary-midnight-325\">\n\t\t\t\t\t\t\t\t\t\t\t<div class=\"h-full flex justify-between flex-col-reverse lg:items-stretch xl:flex-row\">\n\t\t\t\t\t\t\t\t\t\t\t\t<div class=\"inline-block xl:flex xl:items-center text-center relative w-full xl:w-1\/2 xl:text-left\">\n\t\t\t\t\t\t\t\t\t\t\t\t\t<div class=\"pt-6 pb-8 px-6 xl:py-10 xl:pl-14 xl:pr-10\">\n\t\t\t\t\t\t\t\t\t\t\t\t\t\t\t\t\t\t\t\t\t\t\t\t\t\t\t\t\t\n\t\t\t\t\t\t\t\t\t\t\t\t\t\t\t\t\t\t\t\t\t\t\t\t\t\t\t\t\t\t\t\t\t\t\t\t\t\t\t\t\t\t\t<h2 class=\"md neutral mb-4 md:mb-6 text-brand-primary-midnight-500\">Wytyczne dotycz\u0105ce marki<\/h2>\n\t\t\t\t\t\t\t\t\t\t\t\t\t\t\t\t\t\t\t\t\t\t\t\t\t\t\t\t<p class=\"body-md neutral\">Wytyczne dotycz\u0105ce marki okre\u015blaj\u0105 og\u00f3lne zasady korzystania z zasob\u00f3w marki Kinesis i prezentowania tre\u015bci. Konsekwentne korzystanie z tych zasob\u00f3w pomaga ludziom \u0142atwo rozpozna\u0107 odniesienia do Kinesis.<\/p>\n\t\t\t\t\t\t\t\t\t\t\t\t\t\t\t\t\t\t\t\t\t\t\t\t\t\t\t\t\t<div class=\"mt-8 md:mt-10 flex justify-center xl:justify-start\">\n\t\t\t\t\t\t\t\t\t\t\t\t\t\t\t\t<div class=\"ktp-btns-group\"><div class=\"ktp-btns-group-inner -m-1 flex flex-wrap flex-col xl:flex-row\"><div class=\"p-1 justify-center md:justify-normal \">\t\n\t\n\t\t\t\t\n\t\t\t<a href=\"https:\/\/kinesis.money\/wp-content\/uploads\/2021\/07\/Kinesis_BrandGuidelines-1.zip\" class=\"ktp-btn btn  primary  inline-flex items-center items-center justify-center normal-case \" >\n\t\t\t<span>Pobierz<\/span>\n\t\t<\/a>\n\t<\/div><\/div><\/div>\n\t\t\t\t\t\t\t\t\t\t\t\t\t\t\t<\/div>\n\t\t\t\t\t\t\t\t\t\t\t\t\t\t\t\t\t\t\t\t\t\t\t\t\t\t\t<\/div>\n\t\t\t\t\t\t\t\t\t\t\t\t<\/div>\n\t\t\t\t\t\t\t\t\t\t\t\t<div class=\"tw-tile-image min-h-[218px] inline-block w-full h-auto xl:w-1\/2 relative overflow-hidden\">\n\t\t\t\t\t\t\t\t\t\t\t\t\t\t\t\t<picture>\n\t\t<source srcset=\"https:\/\/kinesis.money\/wp-content\/uploads\/2023\/04\/Guidelines@2x.webp\" type=\"image\/webp\"  loading=\"lazy\">\n\t\t<img width=\"1012\" height=\"672\" src=\"https:\/\/kinesis.money\/wp-content\/uploads\/2023\/04\/Guidelines@2x.png\" alt=\"\"   loading=\"lazy\">\n\t<\/picture>\n\n\t\t\t\t\t\t\t\t\t\t\t\t<\/div>\n\t\t\t\t\t\t\t\t\t\t\t<\/div>\n\t\t\t\t\t\t\t\t\t\t<\/div>\n\t\t\t\t\t\t\t\t\t<\/div>\n\t\t\t\t\t\t\t\t<\/div>\n\n\t\t\t\t\t\t\t\n\t\t\t\t\t\t\t\t\n\t\t\t\t\t\t\t\t<div class=\"tw-tile-container lg:min-h-[434px] flex items-center w-full md:w-1\/2 lg:w-full mb-10 md:mb-0 lg:mb-10 mx-auto\">\n\t\t\t\t\t\t\t\t\t<div class=\"h-full w-full\">\n\t\t\t\t\t\t\t\t\t\t<div class=\"round-lg overflow-hidden hover:shadows-large-1 transition-shadow duration-300 ease-in-out h-full bg-product-neutral-white text-brand-primary-midnight-325\">\n\t\t\t\t\t\t\t\t\t\t\t<div class=\"h-full flex justify-between flex-col-reverse lg:items-stretch xl:flex-row\">\n\t\t\t\t\t\t\t\t\t\t\t\t<div class=\"inline-block xl:flex xl:items-center text-center relative w-full xl:w-1\/2 xl:text-left\">\n\t\t\t\t\t\t\t\t\t\t\t\t\t<div class=\"pt-6 pb-8 px-6 xl:py-10 xl:pl-14 xl:pr-10\">\n\t\t\t\t\t\t\t\t\t\t\t\t\t\t\t\t\t\t\t\t\t\t\t\t\t\t\t\t\t\n\t\t\t\t\t\t\t\t\t\t\t\t\t\t\t\t\t\t\t\t\t\t\t\t\t\t\t\t\t\t\t\t\t\t\t\t\t\t\t\t\t\t\t<h2 class=\"md neutral mb-4 md:mb-6 text-brand-primary-midnight-500\">Logo<\/h2>\n\t\t\t\t\t\t\t\t\t\t\t\t\t\t\t\t\t\t\t\t\t\t\t\t\t\t\t\t<p class=\"body-md neutral\">Mo\u017cesz u\u017cywa\u0107 nazwy, logo i ikony Kinesis pod warunkiem przestrzegania wytycznych dotycz\u0105cych u\u017cywania logo i ikon. Je\u015bli korzystasz z naszych zasob\u00f3w, powiniene\u015b u\u017cywa\u0107 wy\u0142\u0105cznie logo i zrzut\u00f3w ekranu znajduj\u0105cych si\u0119 tutaj.<\/p>\n\t\t\t\t\t\t\t\t\t\t\t\t\t\t\t\t\t\t\t\t\t\t\t\t\t\t\t\t\t<div class=\"mt-8 md:mt-10 flex justify-center xl:justify-start\">\n\t\t\t\t\t\t\t\t\t\t\t\t\t\t\t\t<div class=\"ktp-btns-group\"><div class=\"ktp-btns-group-inner -m-1 flex flex-wrap flex-col xl:flex-row\"><div class=\"p-1 justify-center md:justify-normal \">\t\n\t\n\t\t\t\t\n\t\t\t<a href=\"https:\/\/kinesis.money\/wp-content\/uploads\/2021\/07\/Kinesis_Logos-1.zip\" class=\"ktp-btn btn  primary  inline-flex items-center items-center justify-center normal-case \" >\n\t\t\t<span>Pobierz<\/span>\n\t\t<\/a>\n\t<\/div><\/div><\/div>\n\t\t\t\t\t\t\t\t\t\t\t\t\t\t\t<\/div>\n\t\t\t\t\t\t\t\t\t\t\t\t\t\t\t\t\t\t\t\t\t\t\t\t\t\t\t<\/div>\n\t\t\t\t\t\t\t\t\t\t\t\t<\/div>\n\t\t\t\t\t\t\t\t\t\t\t\t<div class=\"tw-tile-image min-h-[218px] inline-block w-full h-auto xl:w-1\/2 relative overflow-hidden\">\n\t\t\t\t\t\t\t\t\t\t\t\t\t\t\t\t<picture>\n\t\t<source srcset=\"https:\/\/kinesis.money\/wp-content\/uploads\/2023\/04\/Logos@2x.webp\" type=\"image\/webp\"  loading=\"lazy\">\n\t\t<img width=\"1012\" height=\"672\" src=\"https:\/\/kinesis.money\/wp-content\/uploads\/2023\/04\/Logos@2x.png\" alt=\"\"   loading=\"lazy\">\n\t<\/picture>\n\n\t\t\t\t\t\t\t\t\t\t\t\t<\/div>\n\t\t\t\t\t\t\t\t\t\t\t<\/div>\n\t\t\t\t\t\t\t\t\t\t<\/div>\n\t\t\t\t\t\t\t\t\t<\/div>\n\t\t\t\t\t\t\t\t<\/div>\n\n\t\t\t\t\t\t\t\t\t\t\t\t\t<\/div>\n\t\t\t\t\t<\/div>\n\t\t\t\t<\/div>\n\t\t\t<\/div>\n\t\t<\/section>\n\t\n\n\n\t\t\t<section class=\"ktp-block ktp2_0-block\">\n\t\t\t<div class=\"bg-brand-primary-midnight-10\">\n\t\t\t\t<div class=\"ktp-container\">\n\t\t\t\t\t<div class=\"ktp-grid\">\n\t\t\t\t\t\t<div class=\"col-span-4 md:col-span-8 lg:col-span-10 lg:col-start-2  pb-4\">\n\t\t\t\t\t\t\t<div class=\"p-container body-2xs neutral text-brand-primary-midnight-275 \">\n\t\t\t\t\t\t\t\t<p>Kinesis u\u017cywa czcionki HarmonyOS Sans w swoich aplikacjach. Czcionka pozostaje niezmodyfikowana i nierozpowszechniana zgodnie z umow\u0105 licencyjn\u0105. Copyright 2021 Huawei Device Co. Ltd. Licencja na podstawie umowy licencyjnej HarmonyOS Sans Fonts.<\/p>\n\n\t\t\t\t\t\t\t<\/div>\n\t\t\t\t\t\t<\/div>\n\t\t\t\t\t<\/div>\n\t\t\t\t<\/div>\n\t\t\t<\/div>\n\t\t<\/section>\n\t","protected":false},"excerpt":{"rendered":"","protected":false},"author":1,"featured_media":0,"parent":83459,"menu_order":0,"comment_status":"closed","ping_status":"closed","template":"","meta":{"_acf_changed":false,"footnotes":""},"class_list":["post-83415","page","type-page","status-publish","hentry"],"acf":[],"yoast_head":"<!-- This site is optimized with the Yoast SEO Premium plugin v27.4 (Yoast SEO v27.5) - https:\/\/yoast.com\/product\/yoast-seo-premium-wordpress\/ -->\n<title>Wytyczne dotycz\u0105ce marki, zasoby i zasoby | Promuj Kinesis<\/title>\n<meta name=\"description\" content=\"Pomo\u017cemy Ci w promowaniu Kinesis za pomoc\u0105 naszych wytycznych dotycz\u0105cych marki, logo i innych dost\u0119pnych zasob\u00f3w. Pobierz ju\u017c dzi\u015b za darmo.\" \/>\n<meta name=\"robots\" content=\"index, follow, max-snippet:-1, max-image-preview:large, max-video-preview:-1\" \/>\n<meta property=\"og:locale\" content=\"pl_PL\" \/>\n<meta property=\"og:type\" content=\"article\" \/>\n<meta property=\"og:title\" content=\"Wytyczne dotycz\u0105ce marki, zasoby i zasoby | Promuj Kinesis\" \/>\n<meta property=\"og:description\" content=\"Pomo\u017cemy Ci w promowaniu Kinesis za pomoc\u0105 naszych wytycznych dotycz\u0105cych marki, logo i innych dost\u0119pnych zasob\u00f3w. Pobierz ju\u017c dzi\u015b za darmo.\" \/>\n<meta property=\"og:url\" content=\"https:\/\/kinesis.money\/pl\/o-nas\/zasoby-materialy\/\" \/>\n<meta property=\"og:site_name\" content=\"Kinesis\" \/>\n<meta property=\"article:modified_time\" content=\"2023-10-10T12:06:55+00:00\" \/>\n<meta property=\"og:image\" content=\"https:\/\/kinesis.money\/wp-content\/uploads\/2023\/04\/Guidelines@2x.png\" \/>\n\t<meta property=\"og:image:width\" content=\"1012\" \/>\n\t<meta property=\"og:image:height\" content=\"672\" \/>\n\t<meta property=\"og:image:type\" content=\"image\/png\" \/>\n<meta name=\"twitter:card\" content=\"summary_large_image\" \/>\n<meta name=\"twitter:title\" content=\"Wytyczne dotycz\u0105ce marki, zasoby i zasoby | Promuj Kinesis\" \/>\n<meta name=\"twitter:description\" content=\"Pomo\u017cemy Ci w promowaniu Kinesis za pomoc\u0105 naszych wytycznych dotycz\u0105cych marki, logo i innych dost\u0119pnych zasob\u00f3w. Pobierz ju\u017c dzi\u015b za darmo.\" \/>\n<script type=\"application\/ld+json\" class=\"yoast-schema-graph\">{\"@context\":\"https:\\\/\\\/schema.org\",\"@graph\":[{\"@type\":\"WebPage\",\"@id\":\"https:\\\/\\\/kinesis.money\\\/pl\\\/o-nas\\\/zasoby-materialy\\\/\",\"url\":\"https:\\\/\\\/kinesis.money\\\/pl\\\/o-nas\\\/zasoby-materialy\\\/\",\"name\":\"Wytyczne dotycz\u0105ce marki, zasoby i zasoby | Promuj Kinesis\",\"isPartOf\":{\"@id\":\"https:\\\/\\\/kinesis.money\\\/#website\"},\"datePublished\":\"2021-06-17T10:57:31+00:00\",\"dateModified\":\"2023-10-10T12:06:55+00:00\",\"description\":\"Pomo\u017cemy Ci w promowaniu Kinesis za pomoc\u0105 naszych wytycznych dotycz\u0105cych marki, logo i innych dost\u0119pnych zasob\u00f3w. Pobierz ju\u017c dzi\u015b za darmo.\",\"breadcrumb\":{\"@id\":\"https:\\\/\\\/kinesis.money\\\/pl\\\/o-nas\\\/zasoby-materialy\\\/#breadcrumb\"},\"inLanguage\":\"pl-PL\",\"potentialAction\":[{\"@type\":\"ReadAction\",\"target\":[\"https:\\\/\\\/kinesis.money\\\/pl\\\/o-nas\\\/zasoby-materialy\\\/\"]}]},{\"@type\":\"BreadcrumbList\",\"@id\":\"https:\\\/\\\/kinesis.money\\\/pl\\\/o-nas\\\/zasoby-materialy\\\/#breadcrumb\",\"itemListElement\":[{\"@type\":\"ListItem\",\"position\":1,\"name\":\"Home\",\"item\":\"https:\\\/\\\/kinesis.money\\\/pl\\\/\"},{\"@type\":\"ListItem\",\"position\":2,\"name\":\"O nas\",\"item\":\"https:\\\/\\\/kinesis.money\\\/pl\\\/o-nas\\\/\"},{\"@type\":\"ListItem\",\"position\":3,\"name\":\"Materia\u0142y i Zasoby\"}]},{\"@type\":\"WebSite\",\"@id\":\"https:\\\/\\\/kinesis.money\\\/#website\",\"url\":\"https:\\\/\\\/kinesis.money\\\/\",\"name\":\"Kinesis\",\"description\":\"\",\"potentialAction\":[{\"@type\":\"SearchAction\",\"target\":{\"@type\":\"EntryPoint\",\"urlTemplate\":\"https:\\\/\\\/kinesis.money\\\/?s={search_term_string}\"},\"query-input\":{\"@type\":\"PropertyValueSpecification\",\"valueRequired\":true,\"valueName\":\"search_term_string\"}}],\"inLanguage\":\"pl-PL\"}]}<\/script>\n<!-- \/ Yoast SEO Premium plugin. -->","yoast_head_json":{"title":"Wytyczne dotycz\u0105ce marki, zasoby i zasoby | Promuj Kinesis","description":"Pomo\u017cemy Ci w promowaniu Kinesis za pomoc\u0105 naszych wytycznych dotycz\u0105cych marki, logo i innych dost\u0119pnych zasob\u00f3w. Pobierz ju\u017c dzi\u015b za darmo.","robots":{"index":"index","follow":"follow","max-snippet":"max-snippet:-1","max-image-preview":"max-image-preview:large","max-video-preview":"max-video-preview:-1"},"og_locale":"pl_PL","og_type":"article","og_title":"Wytyczne dotycz\u0105ce marki, zasoby i zasoby | Promuj Kinesis","og_description":"Pomo\u017cemy Ci w promowaniu Kinesis za pomoc\u0105 naszych wytycznych dotycz\u0105cych marki, logo i innych dost\u0119pnych zasob\u00f3w. Pobierz ju\u017c dzi\u015b za darmo.","og_url":"https:\/\/kinesis.money\/pl\/o-nas\/zasoby-materialy\/","og_site_name":"Kinesis","article_modified_time":"2023-10-10T12:06:55+00:00","og_image":[{"width":1012,"height":672,"url":"https:\/\/kinesis.money\/wp-content\/uploads\/2023\/04\/Guidelines@2x.png","type":"image\/png"}],"twitter_card":"summary_large_image","twitter_title":"Wytyczne dotycz\u0105ce marki, zasoby i zasoby | Promuj Kinesis","twitter_description":"Pomo\u017cemy Ci w promowaniu Kinesis za pomoc\u0105 naszych wytycznych dotycz\u0105cych marki, logo i innych dost\u0119pnych zasob\u00f3w. Pobierz ju\u017c dzi\u015b za darmo.","schema":{"@context":"https:\/\/schema.org","@graph":[{"@type":"WebPage","@id":"https:\/\/kinesis.money\/pl\/o-nas\/zasoby-materialy\/","url":"https:\/\/kinesis.money\/pl\/o-nas\/zasoby-materialy\/","name":"Wytyczne dotycz\u0105ce marki, zasoby i zasoby | Promuj Kinesis","isPartOf":{"@id":"https:\/\/kinesis.money\/#website"},"datePublished":"2021-06-17T10:57:31+00:00","dateModified":"2023-10-10T12:06:55+00:00","description":"Pomo\u017cemy Ci w promowaniu Kinesis za pomoc\u0105 naszych wytycznych dotycz\u0105cych marki, logo i innych dost\u0119pnych zasob\u00f3w. Pobierz ju\u017c dzi\u015b za darmo.","breadcrumb":{"@id":"https:\/\/kinesis.money\/pl\/o-nas\/zasoby-materialy\/#breadcrumb"},"inLanguage":"pl-PL","potentialAction":[{"@type":"ReadAction","target":["https:\/\/kinesis.money\/pl\/o-nas\/zasoby-materialy\/"]}]},{"@type":"BreadcrumbList","@id":"https:\/\/kinesis.money\/pl\/o-nas\/zasoby-materialy\/#breadcrumb","itemListElement":[{"@type":"ListItem","position":1,"name":"Home","item":"https:\/\/kinesis.money\/pl\/"},{"@type":"ListItem","position":2,"name":"O nas","item":"https:\/\/kinesis.money\/pl\/o-nas\/"},{"@type":"ListItem","position":3,"name":"Materia\u0142y i Zasoby"}]},{"@type":"WebSite","@id":"https:\/\/kinesis.money\/#website","url":"https:\/\/kinesis.money\/","name":"Kinesis","description":"","potentialAction":[{"@type":"SearchAction","target":{"@type":"EntryPoint","urlTemplate":"https:\/\/kinesis.money\/?s={search_term_string}"},"query-input":{"@type":"PropertyValueSpecification","valueRequired":true,"valueName":"search_term_string"}}],"inLanguage":"pl-PL"}]}},"_links":{"self":[{"href":"https:\/\/kinesis.money\/pl\/wp-json\/wp\/v2\/pages\/83415","targetHints":{"allow":["GET"]}}],"collection":[{"href":"https:\/\/kinesis.money\/pl\/wp-json\/wp\/v2\/pages"}],"about":[{"href":"https:\/\/kinesis.money\/pl\/wp-json\/wp\/v2\/types\/page"}],"author":[{"embeddable":true,"href":"https:\/\/kinesis.money\/pl\/wp-json\/wp\/v2\/users\/1"}],"replies":[{"embeddable":true,"href":"https:\/\/kinesis.money\/pl\/wp-json\/wp\/v2\/comments?post=83415"}],"version-history":[{"count":0,"href":"https:\/\/kinesis.money\/pl\/wp-json\/wp\/v2\/pages\/83415\/revisions"}],"up":[{"embeddable":true,"href":"https:\/\/kinesis.money\/pl\/wp-json\/wp\/v2\/pages\/83459"}],"wp:attachment":[{"href":"https:\/\/kinesis.money\/pl\/wp-json\/wp\/v2\/media?parent=83415"}],"curies":[{"name":"wp","href":"https:\/\/api.w.org\/{rel}","templated":true}]}}