{"id":83288,"date":"2023-04-20T13:19:39","date_gmt":"2023-04-20T13:19:39","guid":{"rendered":"https:\/\/kinesis.money\/?page_id=83288"},"modified":"2023-11-24T11:33:57","modified_gmt":"2023-11-24T11:33:57","slug":"emplois","status":"publish","type":"page","link":"https:\/\/kinesis.money\/fr\/emplois\/","title":{"rendered":"Emplois"},"content":{"rendered":"\t<section class=\"ktp-block ktp2_0-block\">\n\n\t\t<div class=\"hero-centered   text-center\">\n\n\n\t\t\t<div class=\"ktp-container\">\n\t\t\t\t<div class=\"ktp-grid py-16 md:pt-20 \">\n\n\t\t\t\t\t<div class=\"col-span-4 md:col-span-8 lg:col-start-3 xl:col-start-3\">\n\n\t\t\t\t\t\t\n\n\t\t\t\t\t\t\t\t\t\t\t\t\t<h1 class=\"mb-6 md neutral text-brand-primary-midnight-500\">\n\t\t\t\t\t\t\t\tEmplois Kinesis\n\t\t\t\t\t\t\t<\/h1>\n\t\t\t\t\t\t\n\t\t\t\t\t<\/div>\n\n\t\t\t\t\t<div class=\"col-span-4 md:col-span-8 lg:col-start-3 xl:col-span-6 xl:col-start-4\">\n\t\t\t\t\t\t\t\t\t\t\t\t\t<div class=\"text-brand-primary-midnight-325\">\n\t\t\t\t\t\t\t\t<div class=\"p-container body-md\">\n\t\t\t\t\t\t\t\t\t<p>Rejoignez une \u00e9quipe mondiale qui acc\u00e9l\u00e8re la transition vers l&rsquo;argent durable.<\/p>\n\t\t\t\t\t\t\t\t<\/div>\n\t\t\t\t\t\t\t<\/div>\n\t\t\t\t\t\t\t\t\t\t\t<\/div>\n\n\t\t\t\t\t\t\t\t\t\t\t\t\t\t\t\t\t\t<div class=\"col-span-4 md:col-span-8 lg:col-span-12 flex justify-center items-center mb-0 mt-8 md:mt-10\">\n\t\t\t\t\t\t\t\t<div class=\"ktp-btns-group\"><div class=\"ktp-btns-group-inner -m-1 flex flex-wrap -mx-1 -my-1 flex-col md:flex-row\"><div class=\"p-1 justify-center md:justify-normal \">\t\n\t\n\t\t\t\t\n\t\t\t<a href=\"https:\/\/ky.linkedin.com\/company\/kinesismoney\" class=\"ktp-btn btn  primary  inline-flex items-center items-center justify-center normal-case \" target=\"_blank\">\n\t\t\t<span>Rejoignez-nous<\/span>\n\t\t<\/a>\n\t<\/div><\/div><\/div>\n\t\t\t\t\t\t\t<\/div>\n\t\t\t\t\t\t\t\t\t\t\t\n\n\t\t\t\t<\/div>\n\t\t\t<\/div>\n\n\t\t\t<div class=\"flex justify-center relative \">\n\t\t\t\t\t\t\t\t<div class=\" md:max-w-3xl lg:max-w-7xl relative\">\n\t\t\t\t\t\t<picture>\n\t\t\t\t\t\t\t\t<source media=\"(min-width: 1024px)\" type=\"image\/webp\" srcset=\"https:\/\/kinesis.money\/wp-content\/uploads\/2022\/09\/careers-hero-desktop.webp\">\n\t\t\t\t\t\t\t\t\t\t\t\t<source media=\"(min-width: 768px)\" type=\"image\/webp\" srcset=\"https:\/\/kinesis.money\/wp-content\/uploads\/2022\/09\/careers-hero-tablet.webp\">\n\t\t\t\t\t\t\t\t\t\t<source media=\"(max-width: 767px)\" type=\"image\/webp\" srcset=\"https:\/\/kinesis.money\/wp-content\/uploads\/2022\/09\/careers-hero-mobile.webp\">\n\t\t\t\t\t\t\t<img width=\"720\" height=\"600\" src=\"https:\/\/kinesis.money\/wp-content\/uploads\/2022\/09\/careers-hero-mobile.png\" alt=\"Kinesis Careers | Kinesis Money\" class=\"img-responsive w-full h-auto \" >\n\t\t\t<\/picture>\n    \n\t\t\t\t<\/div>\n\t\t\t<\/div>\n\t\t<\/div>\n\n\t<\/section>\n\n\n\n\t<section class=\"ktp-block ktp2_0-block\" id=\"notre-mission\">\n\t\t<div class=\"kinesis-zigzag mini bg-brand-primary-midnight-10\">\n\t\t\t<div class=\"ktp-container relative\">\n\t\t\t\t<div\n\t\t\t\t\tclass=\"ktp-grid items-center\">\n\t\t\t\t\t\t\t\t\t\t<div class=\"col-span-4 md:col-span-6 md:col-start-2 lg:col-span-5 lg:col-start-auto xl:col-span-4 xl:col-start-2 lg:order-first \">\n\t\t\t\t\t\t<div class=\"zz-min-textwrap pt-16 pb-8 md:pt-20 md:pb-10 lg:pb-20\">\n\t\t\t\t\t\t\t\t\t\t\t\t\t\t\t<div class=\"mb-2\"><\/div>\n\t\t\t\t\t\t\t\t\t\t\t\t\t\t\t\t\t\t\t\t\t\t\t\t\t\t\t\t\t\t\t<h2 class=\"xl neutral text-brand-primary-midnight-500\">Notre mission<\/h2>\n\t\t\t\t\t\t\t\t\t\t\t\t\t\t\t\t\t\t\t\t\t\t\t\t\t\t\t\t\t\t<div class=\"mt-4 md:mt-6 p-container body-md neutral text-brand-primary-midnight-325\"><p>Kinesis change l&rsquo;investissement dans les m\u00e9taux pr\u00e9cieux pour le meilleur, en facilitant l&rsquo;acc\u00e8s aux avantages de l&rsquo;or et de l&rsquo;argent pour tout le monde, o\u00f9 que ce soit. Nous bouleversons le syst\u00e8me financier traditionnel en imaginant un monde o\u00f9 l&rsquo;argent a une valeur universelle, prot\u00e8ge la richesse et r\u00e9compense tous ceux qui l&rsquo;utilisent. Ensemble, nous pouvons rendre cela possible.<\/p>\n<\/div>\n\t\t\t\t\t\t\t\t\t\t\t\t\t\t\t\t\t\t\t\t\t\t<div class=\"mt-8 md:mt-10\">\n\t\t\t\t\t\t\t\t\t<div class=\"ktp-btns-group\"><div class=\"ktp-btns-group-inner -m-1 flex flex-wrap \"><div class=\"p-1 justify-center md:justify-normal \"><\/div><\/div><\/div>\n\t\t\t\t\t\t\t\t<\/div>\n\t\t\t\t\t\t\t\t\t\t\t\t\t<\/div>\n\t\t\t\t\t<\/div>\n\t\t\t\t\t\t\t\t\t\t<div class=\"col-span-4 md:col-span-8 lg:col-span-7 xl:col-span-6 relative lg:order-last xl:col-start-7 \">\n\t\t\t\t\t\t\t\t\t\t\t\t\t\t<picture>\n\t\t\t\t\t\t\t\t<source media=\"(min-width: 1024px)\" type=\"image\/webp\" srcset=\"https:\/\/kinesis.money\/wp-content\/uploads\/2023\/04\/Careers@2x.webp\">\n\t\t\t\t\t\t\t\t\t\t\t\t<source media=\"(min-width: 768px)\" type=\"image\/webp\" srcset=\"https:\/\/kinesis.money\/wp-content\/uploads\/2023\/04\/Careers@1x.webp\">\n\t\t\t\t\t\t\t\t\t\t<source media=\"(max-width: 767px)\" type=\"image\/webp\" srcset=\"https:\/\/kinesis.money\/wp-content\/uploads\/2023\/04\/Careers-section-m@2x.webp\">\n\t\t\t\t\t\t\t<img width=\"752\" height=\"492\" src=\"https:\/\/kinesis.money\/wp-content\/uploads\/2023\/04\/Careers-section-m@2x.png\" alt=\"\" class=\"img-responsive w-full h-auto \"  loading=\"lazy\">\n\t\t\t<\/picture>\n    \n\t\t\t\t\t\t\t\t\t\t\t<\/div>\n\t\t\t\t<\/div>\n\t\t\t<\/div>\n\t\t<\/div>\n\t<\/section>\n\n\n\n\n\t\n\t\t<section class=\"ktp-block ktp2_0-block\">\n\t\t\t<div class=\"py-10 sm:py-16 bg-brand-primary-midnight-500 dark\">\n\t\t\t\t\t\t\t\t\t<div class=\"ktp-container mb-10 md:mb-12 lg:mb-14\">\n\t\t\t\t\t\t<div class=\"ktp-grid\">\n\t\t\t\t\t\t\t<div class=\"col-span-4 md:col-span-8 lg:col-start-3 text-center justify-center max-w-[840px] mx-auto\">\n\t\t\t\t\t\t\t\t<h2 class=\"xl neutral  text-white\">Nous sommes une \u00e9quipe mondiale<\/h2>\n\t\t\t\t\t\t\t<\/div>\n\t\t\t\t\t\t<\/div>\n\t\t\t\t\t<\/div>\n\t\t\t\t\t\t\t\t<div class=\"ktp-container xl:ktp-grid xl:grid-px-0\">\n\t\t\t\t\t<div class=\"ktp-grid md:!flex xl:!col-start-2 xl:col-span-10 xl:!px-0 gap-y-10 \">\n\n\t\t\t\t\t\t\t\t\t\t\t\t\t\t\t\t\t\t\t\t\t<div class=\"col-span-4 md:w-1\/3  text-center justify-center\">\n\t\t\t\t\t\t\t\t\t<div>\n\t\t\t\t\t\t\t\t\t\t\t\t\t\t\t\t\t\t\t\t\t<div class=\"pb-2\">\n\t\t\t\t\t\t\t\t\t\t\t\t\n\t\t\t\t\t\t\t\t\t\t\t<\/div>\n\t\t\t\t\t\t\t\t\t\t\t\t\t\t\t\t\t\t\t\t<div class=\"body-3xl loud text-white\">250+<\/div>\n\t\t\t\t\t\t\t\t\t\t\t\t\t\t\t\t\t\t\t\t\t<div class=\"pt-2 body-lg neutral text-brand-primary-midnight-30\">employ\u00e9s<\/div>\n\t\t\t\t\t\t\t\t\t\t\t\t\t\t\t\t\t\t\t<\/div>\n\t\t\t\t\t\t\t\t<\/div>\n\t\t\t\t\t\t\t\t\t\t\t\t\t\t\t\t\t\t\t\t\t\t\t\t\t\t\t\t<div class=\"col-span-4 md:w-1\/3  text-center justify-center\">\n\t\t\t\t\t\t\t\t\t<div>\n\t\t\t\t\t\t\t\t\t\t\t\t\t\t\t\t\t\t\t\t\t<div class=\"pb-2\">\n\t\t\t\t\t\t\t\t\t\t\t\t\n\t\t\t\t\t\t\t\t\t\t\t<\/div>\n\t\t\t\t\t\t\t\t\t\t\t\t\t\t\t\t\t\t\t\t<div class=\"body-3xl loud text-white\">10+<\/div>\n\t\t\t\t\t\t\t\t\t\t\t\t\t\t\t\t\t\t\t\t\t<div class=\"pt-2 body-lg neutral text-brand-primary-midnight-30\">ann\u00e9es d&rsquo;exp\u00e9rience dans l&rsquo;industrie<\/div>\n\t\t\t\t\t\t\t\t\t\t\t\t\t\t\t\t\t\t\t<\/div>\n\t\t\t\t\t\t\t\t<\/div>\n\t\t\t\t\t\t\t\t\t\t\t\t\t\t\t\t\t\t\t\t\t\t\t\t\t\t\t\t<div class=\"col-span-4 md:w-1\/3  text-center justify-center\">\n\t\t\t\t\t\t\t\t\t<div>\n\t\t\t\t\t\t\t\t\t\t\t\t\t\t\t\t\t\t\t\t\t<div class=\"pb-2\">\n\t\t\t\t\t\t\t\t\t\t\t\t\n\t\t\t\t\t\t\t\t\t\t\t<\/div>\n\t\t\t\t\t\t\t\t\t\t\t\t\t\t\t\t\t\t\t\t<div class=\"body-3xl loud text-white\">150,000+<\/div>\n\t\t\t\t\t\t\t\t\t\t\t\t\t\t\t\t\t\t\t\t\t<div class=\"pt-2 body-lg neutral text-brand-primary-midnight-30\">utilisateurs<\/div>\n\t\t\t\t\t\t\t\t\t\t\t\t\t\t\t\t\t\t\t<\/div>\n\t\t\t\t\t\t\t\t<\/div>\n\t\t\t\t\t\t\t\t\t\t\t\t\t\n\t\t\t\t\t<\/div>\n\t\t\t\t<\/div>\n\t\t\t\t\t\t\t<\/div>\n\t\t<\/section>\n\t\n\n\n\t<section class=\"ktp-block ktp2_0-block\" id=\"travailler-chez-kinesis\">\n\t\t<div class=\"kinesis-zigzag mini \">\n\t\t\t<div class=\"ktp-container relative\">\n\t\t\t\t<div\n\t\t\t\t\tclass=\"ktp-grid items-center\">\n\t\t\t\t\t\t\t\t\t\t<div class=\"col-span-4 md:col-span-6 md:col-start-2 lg:col-span-5 lg:col-start-auto xl:col-span-4 xl:col-start-2 lg:order-first \">\n\t\t\t\t\t\t<div class=\"zz-min-textwrap pt-16 pb-8 md:pt-20 md:pb-10 lg:pb-20\">\n\t\t\t\t\t\t\t\t\t\t\t\t\t\t\t<div class=\"mb-2\"><\/div>\n\t\t\t\t\t\t\t\t\t\t\t\t\t\t\t\t\t\t\t\t\t\t\t\t\t\t\t\t\t\t\t<h2 class=\"xl neutral text-brand-primary-midnight-500\">Travailler chez Kinesis<\/h2>\n\t\t\t\t\t\t\t\t\t\t\t\t\t\t\t\t\t\t\t\t\t\t\t\t\t\t\t\t\t\t<div class=\"mt-4 md:mt-6 p-container body-md neutral text-brand-primary-midnight-325\"><p>Ici, vous ferez partie d&rsquo;une \u00e9quipe polyvalente d&rsquo;experts de l&rsquo;industrie, travaillant \u00e0 faire de la vision de Kinesis une r\u00e9alit\u00e9.<\/p>\n<p>Nous vous offrons la possibilit\u00e9 d&rsquo;avoir un impact dans le secteur de pointe de la FinTech, o\u00f9 votre talent, votre \u00e9nergie et votre capacit\u00e9 \u00e0 travailler dans des environnements dynamiques s&rsquo;\u00e9panouiront.<\/p>\n<p>\u00cates-vous pr\u00eat \u00e0 commencer votre voyage Kinesis?<\/p>\n<\/div>\n\t\t\t\t\t\t\t\t\t\t\t\t\t\t\t\t\t\t\t\t\t\t<div class=\"mt-8 md:mt-10\">\n\t\t\t\t\t\t\t\t\t<div class=\"ktp-btns-group\"><div class=\"ktp-btns-group-inner -m-1 flex flex-wrap \"><div class=\"p-1 justify-center md:justify-normal \">\t\n\t\n\t\t\t\t\n\t\t\t<a href=\"https:\/\/ky.linkedin.com\/company\/kinesismoney\" class=\"ktp-btn btn  primary  inline-flex items-center items-center justify-center normal-case \" target=\"_blank\">\n\t\t\t<span>Rejoignez-nous<\/span>\n\t\t<\/a>\n\t<\/div><\/div><\/div>\n\t\t\t\t\t\t\t\t<\/div>\n\t\t\t\t\t\t\t\t\t\t\t\t\t<\/div>\n\t\t\t\t\t<\/div>\n\t\t\t\t\t\t\t\t\t\t<div class=\"col-span-4 md:col-span-8 lg:col-span-7 xl:col-span-6 relative lg:order-last xl:col-start-7 \">\n\t\t\t\t\t\t\t\t\t\t\t\t\t\t<picture>\n\t\t\t\t\t\t\t\t<source media=\"(min-width: 1024px)\" type=\"image\/webp\" srcset=\"https:\/\/kinesis.money\/wp-content\/uploads\/2023\/04\/Careers-Content.webp\">\n\t\t\t\t\t\t\t\t\t\t\t\t<source media=\"(min-width: 768px)\" type=\"image\/webp\" srcset=\"https:\/\/kinesis.money\/wp-content\/uploads\/2023\/04\/Careers-Content.webp\">\n\t\t\t\t\t\t\t\t\t\t<source media=\"(max-width: 767px)\" type=\"image\/webp\" srcset=\"https:\/\/kinesis.money\/wp-content\/uploads\/2023\/07\/Content-M-2-copy.webp\">\n\t\t\t\t\t\t\t<img width=\"486\" height=\"1475\" src=\"https:\/\/kinesis.money\/wp-content\/uploads\/2023\/07\/Content-M-2-copy.jpg\" alt=\"Blockchain\nBusiness Development\nCRM\nCommercial Strategy\nCompliance\nContent\nCreative Media\nCyber Security\nDelivery\nDesign (UI\/UX)\nDevOps\nFinance\nFront End Developers\nHuman Resources\nInformation Technology\nLegal\nMarketing\nOperations\nPayments\nProduct Management\nQuality Assurance\nResearch &#038; Development\nSales\nSocial Media\nSoftware Development\nSoftware Engineering\nTrading\" class=\"img-responsive w-full h-auto \"  loading=\"lazy\">\n\t\t\t<\/picture>\n    \n\t\t\t\t\t\t\t\t\t\t\t<\/div>\n\t\t\t\t<\/div>\n\t\t\t<\/div>\n\t\t<\/div>\n\t<\/section>\n\n\n\n\t\t\t<section class=\"ktp-block ktp2_0-block\">\n\n\t\t<div class=\"overflow-hidden\">\n\t\t\t<div class=\"kinesis-cta flex flex-wrap items-center relative lg:py-[43px] dark bg-brand-primary-midnight-500 lazy-background\" data-bg-src=\"https:\/\/kinesis.money\/wp-content\/uploads\/2023\/04\/KAUKAG@1x.png\">\n\n\n\t\t\t\t<figure class=\"kinesis-cta--image sm:absolute sm:left-0 sm:top-1\/2 sm:-translate-y-1\/2\">\n\t\t\t\t\t\t\t\t\t\t\t<img class=\"block sm:hidden\" src=\"https:\/\/kinesis.money\/wp-content\/uploads\/2023\/04\/KAUKAG@2x.png\" alt=\"\" loading=\"lazy\"\/>\n\t\t\t\t\t\t\t\t\t<\/figure>\n\t\t\t\t<div class=\"ktp-container w-full z-10\">\n\t\t\t\t\t<div class=\"ktp-grid\">\n\t\t\t\t\t\t<div class=\"col-span-4 lg:col-span-5 lg:col-start-2 pb-16 sm:py-20\">\n\t\t\t\t\t\t\t\t\t\t\t\t\t\t\t<h2 class=\"xl neutral text-product-neutral-white\">Rejoignez-nous<\/h2>\n\t\t\t\t\t\t\t\n\t\t\t\t\t\t\t\t\t\t\t\t\t\t\t<div class=\"mt-4 md:mt-6 p-container body-md neutral text-brand-primary-midnight-90\"><p>Envoyez votre CV et votre lettre de motivation \u00e0 careers@kinesis.money<\/p>\n<\/div>\n\t\t\t\t\t\t\t\n\t\t\t\t\t\t\t\t\t\t\t\t\t\t\t<div class=\"mt-10\">\n\t\t\t\t\t\t\t\t\t<div class=\"flex justify-start\"><div class=\"ktp-btns-group\"><div class=\"ktp-btns-group-inner -m-1 flex flex-wrap \"><div class=\"p-1 justify-center md:justify-normal \">\t\n\t\n\t\t\t\t\n\t\t\t<a href=\"mailto:%20careers@kinesis.money\" class=\"ktp-btn btn  primary  inline-flex items-center items-center justify-center normal-case \" target=\"_blank\">\n\t\t\t<span>Contactez-nous aujourd&rsquo;hui<\/span>\n\t\t<\/a>\n\t<\/div><\/div><\/div><\/div>\n\t\t\t\t\t\t\t\t<\/div>\n\t\t\t\t\t\t\t\n\t\t\t\t\t\t\t\t\t\t\t\t\t<\/div>\n\t\t\t\t\t<\/div>\n\t\t\t\t<\/div>\n\t\t\t<\/div>\n\t\t<\/div>\n\t<\/section>\n\n","protected":false},"excerpt":{"rendered":"","protected":false},"author":22,"featured_media":0,"parent":0,"menu_order":0,"comment_status":"closed","ping_status":"closed","template":"","meta":{"_acf_changed":false,"footnotes":""},"class_list":["post-83288","page","type-page","status-publish","hentry"],"acf":[],"yoast_head":"<!-- This site is optimized with the Yoast SEO Premium plugin v27.4 (Yoast SEO v27.4) - https:\/\/yoast.com\/product\/yoast-seo-premium-wordpress\/ -->\n<title>Emplois Kinesis | Kinesis Money<\/title>\n<meta name=\"description\" content=\"Rejoignez une \u00e9quipe mondiale qui acc\u00e9l\u00e8re la transition vers l&#039;argent durable. Ensemble, nous pouvons faire de la vision de Kinesis une r\u00e9alit\u00e9.\" \/>\n<meta name=\"robots\" content=\"index, follow, max-snippet:-1, max-image-preview:large, max-video-preview:-1\" \/>\n<meta property=\"og:locale\" content=\"fr_FR\" \/>\n<meta property=\"og:type\" content=\"article\" \/>\n<meta property=\"og:title\" content=\"Emplois Kinesis | Kinesis Money\" \/>\n<meta property=\"og:description\" content=\"Rejoignez une \u00e9quipe mondiale qui acc\u00e9l\u00e8re la transition vers l&#039;argent durable. Ensemble, nous pouvons faire de la vision de Kinesis une r\u00e9alit\u00e9.\" \/>\n<meta property=\"og:url\" content=\"https:\/\/kinesis.money\/fr\/emplois\/\" \/>\n<meta property=\"og:site_name\" content=\"Kinesis\" \/>\n<meta property=\"article:modified_time\" content=\"2023-11-24T11:33:57+00:00\" \/>\n<meta property=\"og:image\" content=\"https:\/\/kinesis.money\/wp-content\/uploads\/2022\/09\/careers-hero-mobile.png\" \/>\n<meta name=\"twitter:card\" content=\"summary_large_image\" \/>\n<meta name=\"twitter:title\" content=\"Emplois Kinesis | Kinesis Money\" \/>\n<meta name=\"twitter:description\" content=\"Rejoignez une \u00e9quipe mondiale qui acc\u00e9l\u00e8re la transition vers l&#039;argent durable. Ensemble, nous pouvons faire de la vision de Kinesis une r\u00e9alit\u00e9.\" \/>\n<meta name=\"twitter:image\" content=\"https:\/\/kinesis.money\/wp-content\/uploads\/2022\/09\/careers-hero-mobile.png\" \/>\n<script type=\"application\/ld+json\" class=\"yoast-schema-graph\">{\"@context\":\"https:\\\/\\\/schema.org\",\"@graph\":[{\"@type\":\"WebPage\",\"@id\":\"https:\\\/\\\/kinesis.money\\\/fr\\\/emplois\\\/\",\"url\":\"https:\\\/\\\/kinesis.money\\\/fr\\\/emplois\\\/\",\"name\":\"Emplois Kinesis | Kinesis Money\",\"isPartOf\":{\"@id\":\"https:\\\/\\\/kinesis.money\\\/#website\"},\"datePublished\":\"2023-04-20T13:19:39+00:00\",\"dateModified\":\"2023-11-24T11:33:57+00:00\",\"description\":\"Rejoignez une \u00e9quipe mondiale qui acc\u00e9l\u00e8re la transition vers l'argent durable. Ensemble, nous pouvons faire de la vision de Kinesis une r\u00e9alit\u00e9.\",\"breadcrumb\":{\"@id\":\"https:\\\/\\\/kinesis.money\\\/fr\\\/emplois\\\/#breadcrumb\"},\"inLanguage\":\"fr-FR\",\"potentialAction\":[{\"@type\":\"ReadAction\",\"target\":[\"https:\\\/\\\/kinesis.money\\\/fr\\\/emplois\\\/\"]}]},{\"@type\":\"BreadcrumbList\",\"@id\":\"https:\\\/\\\/kinesis.money\\\/fr\\\/emplois\\\/#breadcrumb\",\"itemListElement\":[{\"@type\":\"ListItem\",\"position\":1,\"name\":\"Home\",\"item\":\"https:\\\/\\\/kinesis.money\\\/fr\\\/\"},{\"@type\":\"ListItem\",\"position\":2,\"name\":\"Emplois\"}]},{\"@type\":\"WebSite\",\"@id\":\"https:\\\/\\\/kinesis.money\\\/#website\",\"url\":\"https:\\\/\\\/kinesis.money\\\/\",\"name\":\"Kinesis\",\"description\":\"\",\"potentialAction\":[{\"@type\":\"SearchAction\",\"target\":{\"@type\":\"EntryPoint\",\"urlTemplate\":\"https:\\\/\\\/kinesis.money\\\/?s={search_term_string}\"},\"query-input\":{\"@type\":\"PropertyValueSpecification\",\"valueRequired\":true,\"valueName\":\"search_term_string\"}}],\"inLanguage\":\"fr-FR\"}]}<\/script>\n<!-- \/ Yoast SEO Premium plugin. -->","yoast_head_json":{"title":"Emplois Kinesis | Kinesis Money","description":"Rejoignez une \u00e9quipe mondiale qui acc\u00e9l\u00e8re la transition vers l'argent durable. Ensemble, nous pouvons faire de la vision de Kinesis une r\u00e9alit\u00e9.","robots":{"index":"index","follow":"follow","max-snippet":"max-snippet:-1","max-image-preview":"max-image-preview:large","max-video-preview":"max-video-preview:-1"},"og_locale":"fr_FR","og_type":"article","og_title":"Emplois Kinesis | Kinesis Money","og_description":"Rejoignez une \u00e9quipe mondiale qui acc\u00e9l\u00e8re la transition vers l'argent durable. Ensemble, nous pouvons faire de la vision de Kinesis une r\u00e9alit\u00e9.","og_url":"https:\/\/kinesis.money\/fr\/emplois\/","og_site_name":"Kinesis","article_modified_time":"2023-11-24T11:33:57+00:00","og_image":[{"url":"https:\/\/kinesis.money\/wp-content\/uploads\/2022\/09\/careers-hero-mobile.png","type":"","width":"","height":""}],"twitter_card":"summary_large_image","twitter_title":"Emplois Kinesis | Kinesis Money","twitter_description":"Rejoignez une \u00e9quipe mondiale qui acc\u00e9l\u00e8re la transition vers l'argent durable. Ensemble, nous pouvons faire de la vision de Kinesis une r\u00e9alit\u00e9.","twitter_image":"https:\/\/kinesis.money\/wp-content\/uploads\/2022\/09\/careers-hero-mobile.png","schema":{"@context":"https:\/\/schema.org","@graph":[{"@type":"WebPage","@id":"https:\/\/kinesis.money\/fr\/emplois\/","url":"https:\/\/kinesis.money\/fr\/emplois\/","name":"Emplois Kinesis | Kinesis Money","isPartOf":{"@id":"https:\/\/kinesis.money\/#website"},"datePublished":"2023-04-20T13:19:39+00:00","dateModified":"2023-11-24T11:33:57+00:00","description":"Rejoignez une \u00e9quipe mondiale qui acc\u00e9l\u00e8re la transition vers l'argent durable. Ensemble, nous pouvons faire de la vision de Kinesis une r\u00e9alit\u00e9.","breadcrumb":{"@id":"https:\/\/kinesis.money\/fr\/emplois\/#breadcrumb"},"inLanguage":"fr-FR","potentialAction":[{"@type":"ReadAction","target":["https:\/\/kinesis.money\/fr\/emplois\/"]}]},{"@type":"BreadcrumbList","@id":"https:\/\/kinesis.money\/fr\/emplois\/#breadcrumb","itemListElement":[{"@type":"ListItem","position":1,"name":"Home","item":"https:\/\/kinesis.money\/fr\/"},{"@type":"ListItem","position":2,"name":"Emplois"}]},{"@type":"WebSite","@id":"https:\/\/kinesis.money\/#website","url":"https:\/\/kinesis.money\/","name":"Kinesis","description":"","potentialAction":[{"@type":"SearchAction","target":{"@type":"EntryPoint","urlTemplate":"https:\/\/kinesis.money\/?s={search_term_string}"},"query-input":{"@type":"PropertyValueSpecification","valueRequired":true,"valueName":"search_term_string"}}],"inLanguage":"fr-FR"}]}},"_links":{"self":[{"href":"https:\/\/kinesis.money\/fr\/wp-json\/wp\/v2\/pages\/83288","targetHints":{"allow":["GET"]}}],"collection":[{"href":"https:\/\/kinesis.money\/fr\/wp-json\/wp\/v2\/pages"}],"about":[{"href":"https:\/\/kinesis.money\/fr\/wp-json\/wp\/v2\/types\/page"}],"author":[{"embeddable":true,"href":"https:\/\/kinesis.money\/fr\/wp-json\/wp\/v2\/users\/22"}],"replies":[{"embeddable":true,"href":"https:\/\/kinesis.money\/fr\/wp-json\/wp\/v2\/comments?post=83288"}],"version-history":[{"count":0,"href":"https:\/\/kinesis.money\/fr\/wp-json\/wp\/v2\/pages\/83288\/revisions"}],"wp:attachment":[{"href":"https:\/\/kinesis.money\/fr\/wp-json\/wp\/v2\/media?parent=83288"}],"curies":[{"name":"wp","href":"https:\/\/api.w.org\/{rel}","templated":true}]}}