{"id":83257,"date":"2021-06-17T10:57:31","date_gmt":"2021-06-17T10:57:31","guid":{"rendered":"https:\/\/kinesis.money\/?page_id=83257"},"modified":"2023-11-28T20:53:42","modified_gmt":"2023-11-28T20:53:42","slug":"ressources-marque","status":"publish","type":"page","link":"https:\/\/kinesis.money\/fr\/a-propos-de-nous\/ressources-marque\/","title":{"rendered":"Ressources de la marque"},"content":{"rendered":"\t<section class=\"ktp-block ktp2_0-block\">\n\n\t\t<div class=\"hero-centered dark bg-brand-primary-midnight-500 text-center\">\n\n\n\t\t\t<div class=\"ktp-container\">\n\t\t\t\t<div class=\"ktp-grid py-16 md:pt-20 \">\n\n\t\t\t\t\t<div class=\"col-span-4 md:col-span-8 lg:col-start-3 xl:col-start-3\">\n\n\t\t\t\t\t\t\n\n\t\t\t\t\t\t\t\t\t\t\t\t\t<h1 class=\"mb-6 md neutral text-product-neutral-white\">\n\t\t\t\t\t\t\t\tRessources de la marque\n\t\t\t\t\t\t\t<\/h1>\n\t\t\t\t\t\t\n\t\t\t\t\t<\/div>\n\n\t\t\t\t\t<div class=\"col-span-4 md:col-span-8 lg:col-start-3 xl:col-span-6 xl:col-start-4\">\n\t\t\t\t\t\t\t\t\t\t\t\t\t<div class=\"text-brand-primary-midnight-90\">\n\t\t\t\t\t\t\t\t<div class=\"p-container body-md\">\n\t\t\t\t\t\t\t\t\t<p>Si vous souhaitez promouvoir Kinesis, nous pouvons vous aider. Vous trouverez ci-dessous les \u00e9l\u00e9ments constitutifs de notre marque.<\/p>\n\t\t\t\t\t\t\t\t<\/div>\n\t\t\t\t\t\t\t<\/div>\n\t\t\t\t\t\t\t\t\t\t\t<\/div>\n\n\t\t\t\t\t\t\t\t\t\t\t\t\t\t\t\t\n\n\t\t\t\t<\/div>\n\t\t\t<\/div>\n\n\t\t\t<div class=\"flex justify-center relative \">\n\t\t\t\t\t\t\t\t<div class=\" md:max-w-3xl lg:max-w-7xl relative\">\n\t\t\t\t\t\t<picture>\n\t\t\t\t\t\t\t\t\t\t\t<\/picture>\n    \n\t\t\t\t<\/div>\n\t\t\t<\/div>\n\t\t<\/div>\n\n\t<\/section>\n\n\n\n\t\t\t<section class=\"ktp-block ktp2_0-block\" id=\"\">\n\n\t\t\t<div class=\"pt-16 pb-6 md:py-20 lg:pt-20 lg:pb-10 bg-brand-primary-midnight-10 \">\n\n\t\t\t\t\n\t\t\t\t<div class=\"ktp-container thin\">\n\t\t\t\t\t<div class=\"ktp-grid\">\n\t\t\t\t\t\t<div class=\"col-span-4 md:col-span-8 lg:col-span-10 lg:col-start-2 md:flex xl:flex-col gap-6 xl:gap-0\">\n\n\t\t\t\t\t\t\t\n\t\t\t\t\t\t\t\t\n\t\t\t\t\t\t\t\t<div class=\"tw-tile-container lg:min-h-[434px] flex items-center w-full md:w-1\/2 lg:w-full mb-10 md:mb-0 lg:mb-10 mx-auto\">\n\t\t\t\t\t\t\t\t\t<div class=\"h-full w-full\">\n\t\t\t\t\t\t\t\t\t\t<div class=\"round-lg overflow-hidden hover:shadows-large-1 transition-shadow duration-300 ease-in-out h-full bg-product-neutral-white text-brand-primary-midnight-325\">\n\t\t\t\t\t\t\t\t\t\t\t<div class=\"h-full flex justify-between flex-col-reverse lg:items-stretch xl:flex-row\">\n\t\t\t\t\t\t\t\t\t\t\t\t<div class=\"inline-block xl:flex xl:items-center text-center relative w-full xl:w-1\/2 xl:text-left\">\n\t\t\t\t\t\t\t\t\t\t\t\t\t<div class=\"pt-6 pb-8 px-6 xl:py-10 xl:pl-14 xl:pr-10\">\n\t\t\t\t\t\t\t\t\t\t\t\t\t\t\t\t\t\t\t\t\t\t\t\t\t\t\t\t\t\n\t\t\t\t\t\t\t\t\t\t\t\t\t\t\t\t\t\t\t\t\t\t\t\t\t\t\t\t\t\t\t\t\t\t\t\t\t\t\t\t\t\t\t<h2 class=\"md neutral mb-4 md:mb-6 text-brand-primary-midnight-500\">Lignes directrices de la marque<\/h2>\n\t\t\t\t\t\t\t\t\t\t\t\t\t\t\t\t\t\t\t\t\t\t\t\t\t\t\t\t<p class=\"body-md neutral\">Les lignes directrices de la marque d\u00e9finissent les r\u00e8gles g\u00e9n\u00e9rales d&rsquo;utilisation des actifs de la marque Kinesis et de pr\u00e9sentation du contenu. L&rsquo;utilisation coh\u00e9rente de ces actifs aide les gens \u00e0 reconna\u00eetre facilement les r\u00e9f\u00e9rences \u00e0 Kinesis.<\/p>\n\t\t\t\t\t\t\t\t\t\t\t\t\t\t\t\t\t\t\t\t\t\t\t\t\t\t\t\t\t<div class=\"mt-8 md:mt-10 flex justify-center xl:justify-start\">\n\t\t\t\t\t\t\t\t\t\t\t\t\t\t\t\t<div class=\"ktp-btns-group\"><div class=\"ktp-btns-group-inner -m-1 flex flex-wrap flex-col xl:flex-row\"><div class=\"p-1 justify-center md:justify-normal \">\t\n\t\n\t\t\t\t\n\t\t\t<a href=\"https:\/\/kinesis.money\/wp-content\/uploads\/2021\/07\/Kinesis_BrandGuidelines-1.zip\" class=\"ktp-btn btn  primary  inline-flex items-center items-center justify-center normal-case \" target=\"_blank\">\n\t\t\t<span>T\u00e9l\u00e9charger<\/span>\n\t\t<\/a>\n\t<\/div><\/div><\/div>\n\t\t\t\t\t\t\t\t\t\t\t\t\t\t\t<\/div>\n\t\t\t\t\t\t\t\t\t\t\t\t\t\t\t\t\t\t\t\t\t\t\t\t\t\t\t<\/div>\n\t\t\t\t\t\t\t\t\t\t\t\t<\/div>\n\t\t\t\t\t\t\t\t\t\t\t\t<div class=\"tw-tile-image min-h-[218px] inline-block w-full h-auto xl:w-1\/2 relative overflow-hidden\">\n\t\t\t\t\t\t\t\t\t\t\t\t\t\t\t\t<picture>\n\t\t<source srcset=\"https:\/\/kinesis.money\/wp-content\/uploads\/2023\/04\/Guidelines@2x.webp\" type=\"image\/webp\"  loading=\"lazy\">\n\t\t<img width=\"1012\" height=\"672\" src=\"https:\/\/kinesis.money\/wp-content\/uploads\/2023\/04\/Guidelines@2x.png\" alt=\"\"   loading=\"lazy\">\n\t<\/picture>\n\n\t\t\t\t\t\t\t\t\t\t\t\t<\/div>\n\t\t\t\t\t\t\t\t\t\t\t<\/div>\n\t\t\t\t\t\t\t\t\t\t<\/div>\n\t\t\t\t\t\t\t\t\t<\/div>\n\t\t\t\t\t\t\t\t<\/div>\n\n\t\t\t\t\t\t\t\n\t\t\t\t\t\t\t\t\n\t\t\t\t\t\t\t\t<div class=\"tw-tile-container lg:min-h-[434px] flex items-center w-full md:w-1\/2 lg:w-full mb-10 md:mb-0 lg:mb-10 mx-auto\">\n\t\t\t\t\t\t\t\t\t<div class=\"h-full w-full\">\n\t\t\t\t\t\t\t\t\t\t<div class=\"round-lg overflow-hidden hover:shadows-large-1 transition-shadow duration-300 ease-in-out h-full bg-product-neutral-white text-brand-primary-midnight-325\">\n\t\t\t\t\t\t\t\t\t\t\t<div class=\"h-full flex justify-between flex-col-reverse lg:items-stretch xl:flex-row\">\n\t\t\t\t\t\t\t\t\t\t\t\t<div class=\"inline-block xl:flex xl:items-center text-center relative w-full xl:w-1\/2 xl:text-left\">\n\t\t\t\t\t\t\t\t\t\t\t\t\t<div class=\"pt-6 pb-8 px-6 xl:py-10 xl:pl-14 xl:pr-10\">\n\t\t\t\t\t\t\t\t\t\t\t\t\t\t\t\t\t\t\t\t\t\t\t\t\t\t\t\t\t\n\t\t\t\t\t\t\t\t\t\t\t\t\t\t\t\t\t\t\t\t\t\t\t\t\t\t\t\t\t\t\t\t\t\t\t\t\t\t\t\t\t\t\t<h2 class=\"md neutral mb-4 md:mb-6 text-brand-primary-midnight-500\">Logos<\/h2>\n\t\t\t\t\t\t\t\t\t\t\t\t\t\t\t\t\t\t\t\t\t\t\t\t\t\t\t\t<p class=\"body-md neutral\">Vous pouvez utiliser le nom, le logo et l&rsquo;ic\u00f4ne de Kinesis \u00e0 condition de respecter les directives d&rsquo;utilisation du logo et de l&rsquo;ic\u00f4ne. Toute personne utilisant nos actifs ne doit utiliser que les logos et les captures d&rsquo;\u00e9cran figurant ici.<\/p>\n\t\t\t\t\t\t\t\t\t\t\t\t\t\t\t\t\t\t\t\t\t\t\t\t\t\t\t\t\t<div class=\"mt-8 md:mt-10 flex justify-center xl:justify-start\">\n\t\t\t\t\t\t\t\t\t\t\t\t\t\t\t\t<div class=\"ktp-btns-group\"><div class=\"ktp-btns-group-inner -m-1 flex flex-wrap flex-col xl:flex-row\"><div class=\"p-1 justify-center md:justify-normal \">\t\n\t\n\t\t\t\t\n\t\t\t<a href=\"https:\/\/kinesis.money\/wp-content\/uploads\/2021\/07\/Kinesis_Logos-1.zip\" class=\"ktp-btn btn  primary  inline-flex items-center items-center justify-center normal-case \" target=\"_blank\">\n\t\t\t<span>T\u00e9l\u00e9charger<\/span>\n\t\t<\/a>\n\t<\/div><\/div><\/div>\n\t\t\t\t\t\t\t\t\t\t\t\t\t\t\t<\/div>\n\t\t\t\t\t\t\t\t\t\t\t\t\t\t\t\t\t\t\t\t\t\t\t\t\t\t\t<\/div>\n\t\t\t\t\t\t\t\t\t\t\t\t<\/div>\n\t\t\t\t\t\t\t\t\t\t\t\t<div class=\"tw-tile-image min-h-[218px] inline-block w-full h-auto xl:w-1\/2 relative overflow-hidden\">\n\t\t\t\t\t\t\t\t\t\t\t\t\t\t\t\t<picture>\n\t\t<source srcset=\"https:\/\/kinesis.money\/wp-content\/uploads\/2023\/04\/Logos@2x.webp\" type=\"image\/webp\"  loading=\"lazy\">\n\t\t<img width=\"1012\" height=\"672\" src=\"https:\/\/kinesis.money\/wp-content\/uploads\/2023\/04\/Logos@2x.png\" alt=\"\"   loading=\"lazy\">\n\t<\/picture>\n\n\t\t\t\t\t\t\t\t\t\t\t\t<\/div>\n\t\t\t\t\t\t\t\t\t\t\t<\/div>\n\t\t\t\t\t\t\t\t\t\t<\/div>\n\t\t\t\t\t\t\t\t\t<\/div>\n\t\t\t\t\t\t\t\t<\/div>\n\n\t\t\t\t\t\t\t\t\t\t\t\t\t<\/div>\n\t\t\t\t\t<\/div>\n\t\t\t\t<\/div>\n\t\t\t<\/div>\n\t\t<\/section>\n\t\n\n\n\t\t\t<section class=\"ktp-block ktp2_0-block\">\n\t\t\t<div class=\"bg-brand-primary-midnight-10\">\n\t\t\t\t<div class=\"ktp-container\">\n\t\t\t\t\t<div class=\"ktp-grid\">\n\t\t\t\t\t\t<div class=\"col-span-4 md:col-span-8 lg:col-span-10 lg:col-start-2  pb-4\">\n\t\t\t\t\t\t\t<div class=\"p-container body-2xs neutral text-brand-primary-midnight-275 \">\n\t\t\t\t\t\t\t\t<p>Kinesis utilise la police HarmonyOS Sans dans ses applications. La police reste non modifi\u00e9e et non distribu\u00e9e conform\u00e9ment \u00e0 l&rsquo;accord de licence. Copyright 2021 Huawei Device Co. Ltd. Licenci\u00e9 sous l&rsquo;accord de licence des polices sans HarmonyOS Sans.<\/p>\n\n\t\t\t\t\t\t\t<\/div>\n\t\t\t\t\t\t<\/div>\n\t\t\t\t\t<\/div>\n\t\t\t\t<\/div>\n\t\t\t<\/div>\n\t\t<\/section>\n\t","protected":false},"excerpt":{"rendered":"","protected":false},"author":5,"featured_media":0,"parent":105811,"menu_order":0,"comment_status":"closed","ping_status":"closed","template":"","meta":{"_acf_changed":false,"footnotes":""},"class_list":["post-83257","page","type-page","status-publish","hentry"],"acf":[],"yoast_head":"<!-- This site is optimized with the Yoast SEO Premium plugin v27.4 (Yoast SEO v27.4) - https:\/\/yoast.com\/product\/yoast-seo-premium-wordpress\/ -->\n<title>Lignes directrices de la marque, actifs &amp; Ressources | Kinesis<\/title>\n<meta name=\"description\" content=\"Nous pouvons vous aider \u00e0 promouvoir Kinesis \u00e0 l&#039;aide des lignes directrices de la marque, de nos logos et d&#039;autres ressources disponibles.\" \/>\n<meta name=\"robots\" content=\"index, follow, max-snippet:-1, max-image-preview:large, max-video-preview:-1\" \/>\n<meta property=\"og:locale\" content=\"fr_FR\" \/>\n<meta property=\"og:type\" content=\"article\" \/>\n<meta property=\"og:title\" content=\"Lignes directrices de la marque, actifs &amp; Ressources | Kinesis\" \/>\n<meta property=\"og:description\" content=\"Nous pouvons vous aider \u00e0 promouvoir Kinesis \u00e0 l&#039;aide des lignes directrices de la marque, de nos logos et d&#039;autres ressources disponibles.\" \/>\n<meta property=\"og:url\" content=\"https:\/\/kinesis.money\/fr\/a-propos-de-nous\/ressources-marque\/\" \/>\n<meta property=\"og:site_name\" content=\"Kinesis\" \/>\n<meta property=\"article:modified_time\" content=\"2023-11-28T20:53:42+00:00\" \/>\n<meta property=\"og:image\" content=\"https:\/\/kinesis.money\/wp-content\/uploads\/2023\/04\/Guidelines@2x.png\" \/>\n\t<meta property=\"og:image:width\" content=\"1012\" \/>\n\t<meta property=\"og:image:height\" content=\"672\" \/>\n\t<meta property=\"og:image:type\" content=\"image\/png\" \/>\n<meta name=\"twitter:card\" content=\"summary_large_image\" \/>\n<meta name=\"twitter:title\" content=\"Lignes directrices de la marque, actifs &amp; Ressources | Kinesis\" \/>\n<meta name=\"twitter:description\" content=\"Nous pouvons vous aider \u00e0 promouvoir Kinesis \u00e0 l&#039;aide des lignes directrices de la marque, de nos logos et d&#039;autres ressources disponibles.\" \/>\n<script type=\"application\/ld+json\" class=\"yoast-schema-graph\">{\"@context\":\"https:\\\/\\\/schema.org\",\"@graph\":[{\"@type\":\"WebPage\",\"@id\":\"https:\\\/\\\/kinesis.money\\\/fr\\\/a-propos-de-nous\\\/ressources-marque\\\/\",\"url\":\"https:\\\/\\\/kinesis.money\\\/fr\\\/a-propos-de-nous\\\/ressources-marque\\\/\",\"name\":\"Lignes directrices de la marque, actifs & Ressources | Kinesis\",\"isPartOf\":{\"@id\":\"https:\\\/\\\/kinesis.money\\\/#website\"},\"datePublished\":\"2021-06-17T10:57:31+00:00\",\"dateModified\":\"2023-11-28T20:53:42+00:00\",\"description\":\"Nous pouvons vous aider \u00e0 promouvoir Kinesis \u00e0 l'aide des lignes directrices de la marque, de nos logos et d'autres ressources disponibles.\",\"breadcrumb\":{\"@id\":\"https:\\\/\\\/kinesis.money\\\/fr\\\/a-propos-de-nous\\\/ressources-marque\\\/#breadcrumb\"},\"inLanguage\":\"fr-FR\",\"potentialAction\":[{\"@type\":\"ReadAction\",\"target\":[\"https:\\\/\\\/kinesis.money\\\/fr\\\/a-propos-de-nous\\\/ressources-marque\\\/\"]}]},{\"@type\":\"BreadcrumbList\",\"@id\":\"https:\\\/\\\/kinesis.money\\\/fr\\\/a-propos-de-nous\\\/ressources-marque\\\/#breadcrumb\",\"itemListElement\":[{\"@type\":\"ListItem\",\"position\":1,\"name\":\"Home\",\"item\":\"https:\\\/\\\/kinesis.money\\\/fr\\\/\"},{\"@type\":\"ListItem\",\"position\":2,\"name\":\"\u00c0 propos de nous\",\"item\":\"https:\\\/\\\/kinesis.money\\\/fr\\\/a-propos-de-nous\\\/\"},{\"@type\":\"ListItem\",\"position\":3,\"name\":\"Ressources de la marque\"}]},{\"@type\":\"WebSite\",\"@id\":\"https:\\\/\\\/kinesis.money\\\/#website\",\"url\":\"https:\\\/\\\/kinesis.money\\\/\",\"name\":\"Kinesis\",\"description\":\"\",\"potentialAction\":[{\"@type\":\"SearchAction\",\"target\":{\"@type\":\"EntryPoint\",\"urlTemplate\":\"https:\\\/\\\/kinesis.money\\\/?s={search_term_string}\"},\"query-input\":{\"@type\":\"PropertyValueSpecification\",\"valueRequired\":true,\"valueName\":\"search_term_string\"}}],\"inLanguage\":\"fr-FR\"}]}<\/script>\n<!-- \/ Yoast SEO Premium plugin. -->","yoast_head_json":{"title":"Lignes directrices de la marque, actifs & Ressources | Kinesis","description":"Nous pouvons vous aider \u00e0 promouvoir Kinesis \u00e0 l'aide des lignes directrices de la marque, de nos logos et d'autres ressources disponibles.","robots":{"index":"index","follow":"follow","max-snippet":"max-snippet:-1","max-image-preview":"max-image-preview:large","max-video-preview":"max-video-preview:-1"},"og_locale":"fr_FR","og_type":"article","og_title":"Lignes directrices de la marque, actifs & Ressources | Kinesis","og_description":"Nous pouvons vous aider \u00e0 promouvoir Kinesis \u00e0 l'aide des lignes directrices de la marque, de nos logos et d'autres ressources disponibles.","og_url":"https:\/\/kinesis.money\/fr\/a-propos-de-nous\/ressources-marque\/","og_site_name":"Kinesis","article_modified_time":"2023-11-28T20:53:42+00:00","og_image":[{"width":1012,"height":672,"url":"https:\/\/kinesis.money\/wp-content\/uploads\/2023\/04\/Guidelines@2x.png","type":"image\/png"}],"twitter_card":"summary_large_image","twitter_title":"Lignes directrices de la marque, actifs & Ressources | Kinesis","twitter_description":"Nous pouvons vous aider \u00e0 promouvoir Kinesis \u00e0 l'aide des lignes directrices de la marque, de nos logos et d'autres ressources disponibles.","schema":{"@context":"https:\/\/schema.org","@graph":[{"@type":"WebPage","@id":"https:\/\/kinesis.money\/fr\/a-propos-de-nous\/ressources-marque\/","url":"https:\/\/kinesis.money\/fr\/a-propos-de-nous\/ressources-marque\/","name":"Lignes directrices de la marque, actifs & Ressources | Kinesis","isPartOf":{"@id":"https:\/\/kinesis.money\/#website"},"datePublished":"2021-06-17T10:57:31+00:00","dateModified":"2023-11-28T20:53:42+00:00","description":"Nous pouvons vous aider \u00e0 promouvoir Kinesis \u00e0 l'aide des lignes directrices de la marque, de nos logos et d'autres ressources disponibles.","breadcrumb":{"@id":"https:\/\/kinesis.money\/fr\/a-propos-de-nous\/ressources-marque\/#breadcrumb"},"inLanguage":"fr-FR","potentialAction":[{"@type":"ReadAction","target":["https:\/\/kinesis.money\/fr\/a-propos-de-nous\/ressources-marque\/"]}]},{"@type":"BreadcrumbList","@id":"https:\/\/kinesis.money\/fr\/a-propos-de-nous\/ressources-marque\/#breadcrumb","itemListElement":[{"@type":"ListItem","position":1,"name":"Home","item":"https:\/\/kinesis.money\/fr\/"},{"@type":"ListItem","position":2,"name":"\u00c0 propos de nous","item":"https:\/\/kinesis.money\/fr\/a-propos-de-nous\/"},{"@type":"ListItem","position":3,"name":"Ressources de la marque"}]},{"@type":"WebSite","@id":"https:\/\/kinesis.money\/#website","url":"https:\/\/kinesis.money\/","name":"Kinesis","description":"","potentialAction":[{"@type":"SearchAction","target":{"@type":"EntryPoint","urlTemplate":"https:\/\/kinesis.money\/?s={search_term_string}"},"query-input":{"@type":"PropertyValueSpecification","valueRequired":true,"valueName":"search_term_string"}}],"inLanguage":"fr-FR"}]}},"_links":{"self":[{"href":"https:\/\/kinesis.money\/fr\/wp-json\/wp\/v2\/pages\/83257","targetHints":{"allow":["GET"]}}],"collection":[{"href":"https:\/\/kinesis.money\/fr\/wp-json\/wp\/v2\/pages"}],"about":[{"href":"https:\/\/kinesis.money\/fr\/wp-json\/wp\/v2\/types\/page"}],"author":[{"embeddable":true,"href":"https:\/\/kinesis.money\/fr\/wp-json\/wp\/v2\/users\/5"}],"replies":[{"embeddable":true,"href":"https:\/\/kinesis.money\/fr\/wp-json\/wp\/v2\/comments?post=83257"}],"version-history":[{"count":0,"href":"https:\/\/kinesis.money\/fr\/wp-json\/wp\/v2\/pages\/83257\/revisions"}],"up":[{"embeddable":true,"href":"https:\/\/kinesis.money\/fr\/wp-json\/wp\/v2\/pages\/105811"}],"wp:attachment":[{"href":"https:\/\/kinesis.money\/fr\/wp-json\/wp\/v2\/media?parent=83257"}],"curies":[{"name":"wp","href":"https:\/\/api.w.org\/{rel}","templated":true}]}}