{"id":41881,"date":"2022-11-03T12:38:32","date_gmt":"2022-11-03T12:38:32","guid":{"rendered":"https:\/\/kinesis.money\/?page_id=41881"},"modified":"2026-04-08T14:28:42","modified_gmt":"2026-04-08T14:28:42","slug":"metales-preciosos-de-kinesis","status":"publish","type":"page","link":"https:\/\/kinesis.money\/es\/metales-preciosos-de-kinesis\/","title":{"rendered":"Metales preciosos de Kinesis: la soluci\u00f3n del oro"},"content":{"rendered":"\n\n\n\n\t<section class=\"ktp-block ktp2_0-block\">\n\t\t<div class=\"w-full py-16 md:py-20 bg-brand-primary-midnight-10\">\n\t\t\t<div class=\"ktp-container\">\n\t\t\t\t<div class=\"w-full ktp-grid items-center\">\n\t\t\t\t\t<div class=\"col-span-4 md:col-span-8 lg:col-span-5\">\n\t\t\t\t\t\t<div class=\"w-full grid grid-cols-4 md:grid-cols-8 lg:grid-cols-5 gap-x-8 md:gap-x-6 lg:gap-x-10 items-center\">\n\t\t\t\t\t\t\t\t\t\t\t\t\t\t\t<div class=\"col-span-4 md:col-span-8 lg:col-span-5 text-center lg:text-left\">\n\t\t\t\t\t\t\t\t\t<h2 class=\"mb-4 md:mb-6 xl neutral text-brand-primary-midnight-500\">Gane rendimientos en oro con 0% de costos en b\u00f3vedas<\/h2>\n\t\t\t\t\t\t\t\t<\/div>\n\t\t\t\t\t\t\t\t\t\t\t\t\t\t\t\t\t\t\t\t\t\t<div class=\"col-span-4 md:col-span-6 md:col-start-2 lg:col-span-5 lg:col-start-1 text-center lg:text-left\">\n\t\t\t\t\t\t\t\t\t<div class=\"p-container body-md neutral mb-10 md:mb-16 lg:mb-0 text-brand-primary-midnight-325 pti_content\"><p><span data-sheets-value=\"{&quot;1&quot;:2,&quot;2&quot;:&quot;Kinesis es el \u00fanico servicio de inversiones en oro del mundo que comparte los ingresos con sus clientes, en la forma de un retorno mensual sobre las inversiones en oro y plata.&quot;}\" data-sheets-userformat=\"{&quot;2&quot;:14593,&quot;3&quot;:{&quot;1&quot;:0,&quot;3&quot;:1},&quot;11&quot;:4,&quot;14&quot;:{&quot;1&quot;:2,&quot;2&quot;:0},&quot;15&quot;:&quot;Avenir&quot;,&quot;16&quot;:10}\">Kinesis es el \u00fanico servicio de inversiones en oro del mundo que comparte los ingresos con sus clientes, en la forma de un retorno mensual sobre las inversiones en oro y plata.<\/span><\/p>\n<p><span data-sheets-value=\"{&quot;1&quot;:2,&quot;2&quot;:&quot;No le cobramos por servicios de almacenamiento, ya que podemos utilizar las b\u00f3vedas globales de nuestra empresa matriz, Allocated Bullion Exchange, un exchange l\u00edder que ha protegido los metales preciosos de diversas instituciones durante m\u00e1s de 10 a\u00f1os.&quot;}\" data-sheets-userformat=\"{&quot;2&quot;:14593,&quot;3&quot;:{&quot;1&quot;:0,&quot;3&quot;:1},&quot;11&quot;:4,&quot;14&quot;:{&quot;1&quot;:2,&quot;2&quot;:0},&quot;15&quot;:&quot;Avenir&quot;,&quot;16&quot;:10}\">No le cobramos por servicios de almacenamiento, ya que podemos utilizar las b\u00f3vedas globales de nuestra empresa matriz, Allocated Bullion Exchange, un exchange l\u00edder que ha protegido los metales preciosos de diversas instituciones durante m\u00e1s de 10 a\u00f1os.<\/span><\/p>\n<\/div>\n\t\t\t\t\t\t\t\t<\/div>\n\t\t\t\t\t\t\t\t\t\t\t\t\t<\/div>\n\t\t\t\t\t<\/div>\n\n\t\t\t\t\t<div class=\"col-span-4 md:col-span-6 md:col-start-2 lg:col-span-5 lg:col-start-7 text-center\">\n\t\t\t\t\t\t\t\t\t\t\t\t\t<div class=\"mb-4\">\n\t\t\t\t\t\t\t\t<span class=\"body-lg loud text-brand-primary-midnight-500\">Compre oro y plata al mejor precio, en 12 pa\u00edses<\/span>\n\t\t\t\t\t\t\t<\/div>\n\t\t\t\t\t\t\t\t\t\t\t\t\t\t\t\t\t\t\t<div class=\"flex flex-row justify-center flex-wrap w-full mb-10\">\n\t\t\t\t\t\t\t\t\t\t\t\t\t\t\t\t\t\t\t\t\t\t\t\t\t\t\t<div class=\"px-1\">\n\t\t\t\t\t\t\t\t\t\t\t<img src=\"https:\/\/kinesis.money\/wp-content\/uploads\/2022\/03\/Flag-American.svg\" alt=\"Flag-American\" class=\"w-[24px] md:w-auto\" loading=\"lazy\">\n\t\t\t\t\t\t\t\t\t\t<\/div>\n\t\t\t\t\t\t\t\t\t\t\t\t\t\t\t\t\t\t\t\t\t\t\t\t\t\t\t\t\t\t\t\t\t\t\t\t<div class=\"px-1\">\n\t\t\t\t\t\t\t\t\t\t\t<img src=\"https:\/\/kinesis.money\/wp-content\/uploads\/2022\/03\/Flag-Australia.svg\" alt=\"Flag-Australia\" class=\"w-[24px] md:w-auto\" loading=\"lazy\">\n\t\t\t\t\t\t\t\t\t\t<\/div>\n\t\t\t\t\t\t\t\t\t\t\t\t\t\t\t\t\t\t\t\t\t\t\t\t\t\t\t\t\t\t\t\t\t\t\t\t<div class=\"px-1\">\n\t\t\t\t\t\t\t\t\t\t\t<img src=\"https:\/\/kinesis.money\/wp-content\/uploads\/2022\/03\/Flag-British.svg\" alt=\"Flag-British\" class=\"w-[24px] md:w-auto\" loading=\"lazy\">\n\t\t\t\t\t\t\t\t\t\t<\/div>\n\t\t\t\t\t\t\t\t\t\t\t\t\t\t\t\t\t\t\t\t\t\t\t\t\t\t\t\t\t\t\t\t\t\t\t\t<div class=\"px-1\">\n\t\t\t\t\t\t\t\t\t\t\t<img src=\"https:\/\/kinesis.money\/wp-content\/uploads\/2022\/03\/Flag-HongKong.svg\" alt=\"Flag-HongKong\" class=\"w-[24px] md:w-auto\" loading=\"lazy\">\n\t\t\t\t\t\t\t\t\t\t<\/div>\n\t\t\t\t\t\t\t\t\t\t\t\t\t\t\t\t\t\t\t\t\t\t\t\t\t\t\t\t\t\t\t\t\t\t\t\t<div class=\"px-1\">\n\t\t\t\t\t\t\t\t\t\t\t<img src=\"https:\/\/kinesis.money\/wp-content\/uploads\/2022\/03\/Flag-Liechtenstein.svg\" alt=\"Flag-Liechtenstein\" class=\"w-[24px] md:w-auto\" loading=\"lazy\">\n\t\t\t\t\t\t\t\t\t\t<\/div>\n\t\t\t\t\t\t\t\t\t\t\t\t\t\t\t\t\t\t\t\t\t\t\t\t\t\t\t\t\t\t\t\t\t\t\t\t<div class=\"px-1\">\n\t\t\t\t\t\t\t\t\t\t\t<img src=\"https:\/\/kinesis.money\/wp-content\/uploads\/2022\/03\/Flag-Panama.svg\" alt=\"Flag-Panama\" class=\"w-[24px] md:w-auto\" loading=\"lazy\">\n\t\t\t\t\t\t\t\t\t\t<\/div>\n\t\t\t\t\t\t\t\t\t\t\t\t\t\t\t\t\t\t\t\t\t\t\t\t\t\t\t\t\t\t\t\t\t\t\t\t<div class=\"px-1\">\n\t\t\t\t\t\t\t\t\t\t\t<img src=\"https:\/\/kinesis.money\/wp-content\/uploads\/2022\/03\/Flag-Singapore.svg\" alt=\"Flag-Singapore\" class=\"w-[24px] md:w-auto\" loading=\"lazy\">\n\t\t\t\t\t\t\t\t\t\t<\/div>\n\t\t\t\t\t\t\t\t\t\t\t\t\t\t\t\t\t\t\t\t\t\t\t\t\t\t\t\t\t\t\t\t\t\t\t\t<div class=\"px-1\">\n\t\t\t\t\t\t\t\t\t\t\t<img src=\"https:\/\/kinesis.money\/wp-content\/uploads\/2022\/03\/Flag-Switzerland.svg\" alt=\"Flag-Switzerland\" class=\"w-[24px] md:w-auto\" loading=\"lazy\">\n\t\t\t\t\t\t\t\t\t\t<\/div>\n\t\t\t\t\t\t\t\t\t\t\t\t\t\t\t\t\t\t\t\t\t\t\t\t\t\t\t\t\t\t\t\t\t\t\t\t<div class=\"px-1\">\n\t\t\t\t\t\t\t\t\t\t\t<img src=\"https:\/\/kinesis.money\/wp-content\/uploads\/2022\/03\/Flag-UAE.svg\" alt=\"Flag-UAE\" class=\"w-[24px] md:w-auto\" loading=\"lazy\">\n\t\t\t\t\t\t\t\t\t\t<\/div>\n\t\t\t\t\t\t\t\t\t\t\t\t\t\t\t\t\t\t\t\t\t\t\t\t<\/div>\n\t\t\t\t\t\t\t\t\t\t\t\t<div class=\"pti_table\" data-id=\"block_67e5597e19876dcf66ab0b857db3af6b\">\n\t\t\t\t\t\t\t<div>\n\t\t\t\t\t\t\t\t<div class=\"pti_table_controlls flex flex-row items-center justify-center mb-4 w-auto md:w-full gap-x-2 md:gap-x-3 lg:gap-x-6\">\n\t\t\t\t\t\t\t\t\t\t\t\t\t\t\t\t\t\t\t<div class=\"-ml-1 md:mx-0\">\n\t\t\t\t\t\t\t\t\t\t\t<div class=\"pti_currencies h-full\">\n\t\t\t\t\t\t\t\t\t\t\t\t<div class=\"h-full\">\n\t\t\t\t\t\t\t\t\t\t\t\t\t<div class=\"tabs flex flex-row items-center h-full gap-x-1\">\n\t\t\t\t\t\t\t\t\t\t\t\t\t\t\t\t\t\t\t\t\t\t\t\t\t\t\t\t\t\t\t\t\t\t\t\t\t\t\t\t\t\t\t\t<div class=\"tab pti_currency cursor-pointer !m-0 active py-2.5 round-full px-3\" data-currency=\"C1USD\">C1USD<\/div>\n\t\t\t\t\t\t\t\t\t\t\t\t\t\t\t\t\t\t\t\t\t\t\t\t\t\t\t\t\t\t\t\t\t\t\t\t\t\t\t\t\t\t\t\t<div class=\"tab pti_currency cursor-pointer !m-0  py-2.5 round-full px-3\" data-currency=\"C1EUR\">C1EUR<\/div>\n\t\t\t\t\t\t\t\t\t\t\t\t\t\t\t\t\t\t\t\t\t\t\t\t\t\t\t\t\t\t\t\t\t\t\t\t\t\t\t\t\t\t\t\t<div class=\"tab pti_currency cursor-pointer !m-0  py-2.5 round-full px-3\" data-currency=\"C1GBP\">C1GBP<\/div>\n\t\t\t\t\t\t\t\t\t\t\t\t\t\t\t\t\t\t\t\t\t\t\t\t\t\t\t<\/div>\n\t\t\t\t\t\t\t\t\t\t\t\t<\/div>\t\t\t\t\t\t\t\t\t\t\t\t\n\t\t\t\t\t\t\t\t\t\t\t<\/div>\n\t\t\t\t\t\t\t\t\t\t<\/div>\n\t\t\t\t\t\t\t\t\t\t\t\t\t\t\t\t\t\t\t\t\t\t\t\t\t\t\t\t<div class=\"pti_weights relative hover:cursor-pointer md:0\">\n\t\t\t\t\t\t\t\t\t\t\t<select class=\"pti_weight px-4 py-1 round-xs h-[40px] w-[80px] text-brand-primary-midnight-500 border border-brand-primary-midnight-200 body-sm bg-white appearance-none focus:outline-none hover:border-brand-primary-midnight-250 hover: text-brand-primary-midnight-325\" onchange=\"this.blur()\">\n\t\t\t\t\t\t\t\t\t\t\t\t\t\t\t\t\t\t\t\t\t\t\t\t\t\t\t\t\t\t\t\t\t\t\t\t\t\t<option  value=\"G\" >G<\/option>\n\t\t\t\t\t\t\t\t\t\t\t\t\t\t\t\t\t\t\t\t\t\t\t\t\t\t\t\t\t\t\t\t\t\t\t\t\t\t<option  value=\"KG\" >KG<\/option>\n\t\t\t\t\t\t\t\t\t\t\t\t\t\t\t\t\t\t\t\t\t\t\t\t\t\t\t\t\t\t\t\t\t\t\t\t\t\t<option  value=\"OZ\" selected>OZ<\/option>\n\t\t\t\t\t\t\t\t\t\t\t\t\t\t\t\t\t\t\t\t\t\t\t<\/select>\n\t\t\t\t\t\t\t\t\t\t\t<div class=\"absolute top-0 right-0 h-[40px] pl-1.5 pr-4 flex items-center pointer-events-none  transition-all duration-300 ease-in-out\">\n\t\t\t\t\t\t\t\t\t\t\t\t<i class=\"icon icon-chevron-fill-down  text-xs \"><svg class=\"\" ><use xlink:href=\"https:\/\/kinesis.money\/wp-content\/plugins\/kinesis-marketing-tailwind-blocks_2.0\/assets\/fonts\/icons.svg?v=1.1.4#icon-chevron-fill-down \"><\/use><\/svg><\/i>\n\t\t\t\t\t\t\t\t\t\t\t<\/div>\n\t\t\t\t\t\t\t\t\t\t<\/div>\n\t\t\t\t\t\t\t\t\t\t\t\t\t\t\t\t\t<\/div>\n\t\t\t\t\t\t\t\t<div class=\"price_table_interactive pti_block_67e5597e19876dcf66ab0b857db3af6b w-full overflow-y-hidden overflow-auto md:overflow-visible\" currency=\"C1USD\" weight=\"OZ\">\n\t\t\t\t\t\t\t\t\t<div class=\"flex flex-col items-center\">\n\t\t\t\t\t\t\t\t\t\t<div class=\"flex h-[68px] w-auto md:w-full border-brand-primary-midnight-30\">\n\t\t\t\t\t\t\t\t\t\t\t<div class=\"sticky left-0 w-[107px] h-full md:w-1\/3 bg-white shadows-medium-1 md:shadows-none round-xs-tl\">\n\t\t\t\t\t\t\t\t\t\t\t\t<div class=\"h-full flex justify-center items-center border-brand-primary-midnight-30 border-line-r border-line-b px-6 py-4\">\n\t\t\t\t\t\t\t\t\t\t\t\t\t<i class=\"icon icon-kau inline-block align-middle mr-2 h-[22px] w-[22px] text-[22px] \"><svg class=\"\" >\n        <use xlink:href=\"https:\/\/kinesis.money\/wp-content\/plugins\/kinesis-marketing-tailwind-blocks_2.0\/assets\/fonts\/cryptos.svg?v=1.1.4#icon-kau\"><\/use>\n    <\/svg><\/i>\n\t\t\t\t\t\t\t\t\t\t\t\t\t<p class=\"body-xs loud inline-block align-middle\">Oro<\/p>\n\t\t\t\t\t\t\t\t\t\t\t\t<\/div>\n\t\t\t\t\t\t\t\t\t\t\t<\/div>\n\t\t\t\t\t\t\t\t\t\t\t<div class=\"w-[115px] md:w-1\/3 bg-white flex flex-col justify-center items-center border-brand-primary-midnight-30 border-line-r border-line-b px-6 py-4 bid_price\" symbol=\"KAU\">\n\t\t\t\t\t\t\t\t\t\t\t\t<p class=\"body-xs loud uppercase\">Comprar<\/p>\n\t\t\t\t\t\t\t\t\t\t\t\t<div class=\"w-full text-center body-xs loud flex items-center justify-center text-brand-primary-midnight-325 value\">\n\t\t\t\t\t\t\t\t\t\t\t\t\t<div class=\"icon-container h-[10px] w-[10px] mr-0.5\"><i class=\"icon icon-chevron-fill-up  \"><svg class=\"\" ><use xlink:href=\"https:\/\/kinesis.money\/wp-content\/plugins\/kinesis-marketing-tailwind-blocks_2.0\/assets\/fonts\/icons.svg?v=1.1.4#icon-chevron-fill-up\"><\/use><\/svg><\/i><\/div>\n\t\t\t\t\t\t\t\t\t\t\t\t\t<span><\/span>\n\t\t\t\t\t\t\t\t\t\t\t\t<\/div>\n\t\t\t\t\t\t\t\t\t\t\t<\/div>\n\t\t\t\t\t\t\t\t\t\t\t<div class=\"w-[115px] md:w-1\/3 bg-white flex flex-col justify-center items-center round-xs-tr border-brand-primary-midnight-30 border-line-b mr-4 md:mr-0 px-6 py-4 ask_price\" symbol=\"KAU\">\n\t\t\t\t\t\t\t\t\t\t\t\t<p class=\"body-xs loud uppercase\">Vender<\/p>\n\t\t\t\t\t\t\t\t\t\t\t\t<div class=\"w-full text-center body-xs loud flex items-center justify-center text-brand-primary-midnight-325 value\">\n\n\t\t\t\t\t\t\t\t\t\t\t\t\t<div class=\"icon-container h-[10px] w-[10px] mr-0.5\"><i class=\"icon icon-chevron-fill-up  \"><svg class=\"\" ><use xlink:href=\"https:\/\/kinesis.money\/wp-content\/plugins\/kinesis-marketing-tailwind-blocks_2.0\/assets\/fonts\/icons.svg?v=1.1.4#icon-chevron-fill-up\"><\/use><\/svg><\/i><\/div>\n\t\t\t\t\t\t\t\t\t\t\t\t\t<span><\/span>\n\t\t\t\t\t\t\t\t\t\t\t\t<\/div>\n\t\t\t\t\t\t\t\t\t\t\t<\/div>\n\t\t\t\t\t\t\t\t\t\t<\/div>\n\t\t\t\t\t\t\t\t\t\t<div class=\"flex h-[68px] w-auto md:w-full\">\n\t\t\t\t\t\t\t\t\t\t\t<div class=\"sticky left-0 w-[107px] h-full md:w-1\/3 bg-white shadows-medium-1 md:shadows-none round-xs-bl\">\n\t\t\t\t\t\t\t\t\t\t\t\t<div class=\"h-full flex justify-center items-center border-brand-primary-midnight-30 border-line-r px-6 py-4\">\n\t\t\t\t\t\t\t\t\t\t\t\t\t<i class=\"icon icon-kag mr-2 h-[22px] w-[22px] text-[22px] \"><svg class=\"\" >\n        <use xlink:href=\"https:\/\/kinesis.money\/wp-content\/plugins\/kinesis-marketing-tailwind-blocks_2.0\/assets\/fonts\/cryptos.svg?v=1.1.4#icon-kag\"><\/use>\n    <\/svg><\/i>\n\t\t\t\t\t\t\t\t\t\t\t\t\t<p class=\"body-xs loud\">Plata<\/p>\n\t\t\t\t\t\t\t\t\t\t\t\t<\/div>\n\t\t\t\t\t\t\t\t\t\t\t<\/div>\n\t\t\t\t\t\t\t\t\t\t\t<div class=\"w-[115px] md:w-1\/3 bg-white flex flex-col justify-center items-center border-brand-primary-midnight-30 border-line-r px-6 py-4 bid_price\" symbol=\"KAG\">\n\t\t\t\t\t\t\t\t\t\t\t\t<p class=\"body-xs loud uppercase\">Comprar<\/p>\n\t\t\t\t\t\t\t\t\t\t\t\t<div class=\"w-full text-center body-xs loud flex items-center justify-center text-brand-primary-midnight-325 value\">\n\t\t\t\t\t\t\t\t\t\t\t\t\t<div class=\"icon-container h-[10px] w-[10px] mr-0.5\"><i class=\"icon icon-chevron-fill-up  \"><svg class=\"\" ><use xlink:href=\"https:\/\/kinesis.money\/wp-content\/plugins\/kinesis-marketing-tailwind-blocks_2.0\/assets\/fonts\/icons.svg?v=1.1.4#icon-chevron-fill-up\"><\/use><\/svg><\/i><\/div>\n\t\t\t\t\t\t\t\t\t\t\t\t\t<span><\/span>\n\t\t\t\t\t\t\t\t\t\t\t\t<\/div>\n\t\t\t\t\t\t\t\t\t\t\t<\/div>\n\t\t\t\t\t\t\t\t\t\t\t<div class=\"w-[115px] md:w-1\/3 bg-white flex flex-col justify-center items-center round-xs-br mr-4 md:mr-0 px-6 py-4 ask_price\" symbol=\"KAG\">\n\t\t\t\t\t\t\t\t\t\t\t\t<p class=\"body-xs loud uppercase\">Vender<\/p>\n\t\t\t\t\t\t\t\t\t\t\t\t<div class=\"w-full text-center body-xs loud flex items-center justify-center text-brand-primary-midnight-325 value\">\n\t\t\t\t\t\t\t\t\t\t\t\t\t<div class=\"icon-container h-[10px] w-[10px] mr-0.5\"><i class=\"icon icon-chevron-fill-up  \"><svg class=\"\" ><use xlink:href=\"https:\/\/kinesis.money\/wp-content\/plugins\/kinesis-marketing-tailwind-blocks_2.0\/assets\/fonts\/icons.svg?v=1.1.4#icon-chevron-fill-up\"><\/use><\/svg><\/i><\/div>\n\t\t\t\t\t\t\t\t\t\t\t\t\t<span><\/span>\n\t\t\t\t\t\t\t\t\t\t\t\t<\/div>\n\t\t\t\t\t\t\t\t\t\t\t<\/div>\n\t\t\t\t\t\t\t\t\t\t<\/div>\n\t\t\t\t\t\t\t\t\t<\/div>\n\t\t\t\t\t\t\t\t<\/div>\n\t\t\t\t\t\t\t<\/div>\n\t\t\t\t\t\t\t\t\t\t\t\t\t\t\t<div class=\"w-full mt-10\">\n\t\t\t\t\t\t\t\t\t<div class=\"flex justify-center\">\n\t\t\t\t\t\t\t\t\t\t<div class=\"ktp-btns-group\"><div class=\"ktp-btns-group-inner -m-1 flex flex-wrap \"><div class=\"p-1 justify-center md:justify-normal \">\t\n\t\n\t\t\t\t\n\t\t\t<a href=\"https:\/\/kms.kinesis.money\/signup\" class=\"ktp-btn btn  primary  inline-flex items-center items-center justify-center normal-case \" target=\"_blank\">\n\t\t\t<span>Comprar oro y plata<\/span>\n\t\t<\/a>\n\t<\/div><\/div><\/div>\n\t\t\t\t\t\t\t\t\t<\/div>\n\t\t\t\t\t\t\t\t<\/div>\n\t\t\t\t\t\t\t\t\t\t\t\t\t<\/div>\n\t\t\t\t\t<\/div>\n\t\t\t\t<\/div>\n\t\t\t<\/div>\n\t\t<\/div>\n\t<\/section>\n\n\n\n\n\n\n\n\n\n\n","protected":false},"excerpt":{"rendered":"","protected":false},"author":6,"featured_media":0,"parent":0,"menu_order":0,"comment_status":"closed","ping_status":"closed","template":"","meta":{"_acf_changed":true,"footnotes":""},"class_list":["post-41881","page","type-page","status-publish","hentry"],"acf":[],"yoast_head":"<!-- This site is optimized with the Yoast SEO Premium plugin v27.4 (Yoast SEO v27.5) - https:\/\/yoast.com\/product\/yoast-seo-premium-wordpress\/ -->\n<title>Metales preciosos de Kinesis | Kinesis<\/title>\n<meta name=\"description\" content=\"Kinesis es un sistema monetario revolucionario, basado en un esquema 1:1 respaldado por dep\u00f3sitos f\u00edsicos de oro y plata asignados.\" \/>\n<meta name=\"robots\" content=\"index, follow, max-snippet:-1, max-image-preview:large, max-video-preview:-1\" \/>\n<meta property=\"og:locale\" content=\"es_ES\" \/>\n<meta property=\"og:type\" content=\"article\" \/>\n<meta property=\"og:title\" content=\"Metales preciosos de Kinesis | Kinesis\" \/>\n<meta property=\"og:description\" content=\"Kinesis es un sistema monetario revolucionario, basado en un esquema 1:1 respaldado por dep\u00f3sitos f\u00edsicos de oro y plata asignados.\" \/>\n<meta property=\"og:url\" content=\"https:\/\/kinesis.money\/es\/metales-preciosos-de-kinesis\/\" \/>\n<meta property=\"og:site_name\" content=\"Kinesis\" \/>\n<meta property=\"article:modified_time\" content=\"2026-04-08T14:28:42+00:00\" \/>\n<meta property=\"og:image\" content=\"https:\/\/kinesis.money\/wp-content\/uploads\/2022\/04\/hero-pm-d-scaled.jpg\" \/>\n\t<meta property=\"og:image:width\" content=\"2560\" \/>\n\t<meta property=\"og:image:height\" content=\"601\" \/>\n\t<meta property=\"og:image:type\" content=\"image\/jpeg\" \/>\n<meta name=\"twitter:card\" content=\"summary_large_image\" \/>\n<meta name=\"twitter:title\" content=\"Metales preciosos de Kinesis | Kinesis\" \/>\n<meta name=\"twitter:description\" content=\"Kinesis es un sistema monetario revolucionario, basado en un esquema 1:1 respaldado por dep\u00f3sitos f\u00edsicos de oro y plata asignados.\" \/>\n<meta name=\"twitter:label1\" content=\"Tiempo de lectura\" \/>\n\t<meta name=\"twitter:data1\" content=\"3 minutos\" \/>\n<script type=\"application\/ld+json\" class=\"yoast-schema-graph\">{\"@context\":\"https:\\\/\\\/schema.org\",\"@graph\":[{\"@type\":\"WebPage\",\"@id\":\"https:\\\/\\\/kinesis.money\\\/es\\\/metales-preciosos-de-kinesis\\\/\",\"url\":\"https:\\\/\\\/kinesis.money\\\/es\\\/metales-preciosos-de-kinesis\\\/\",\"name\":\"Metales preciosos de Kinesis | Kinesis\",\"isPartOf\":{\"@id\":\"https:\\\/\\\/kinesis.money\\\/#website\"},\"datePublished\":\"2022-11-03T12:38:32+00:00\",\"dateModified\":\"2026-04-08T14:28:42+00:00\",\"description\":\"Kinesis es un sistema monetario revolucionario, basado en un esquema 1:1 respaldado por dep\u00f3sitos f\u00edsicos de oro y plata asignados.\",\"breadcrumb\":{\"@id\":\"https:\\\/\\\/kinesis.money\\\/es\\\/metales-preciosos-de-kinesis\\\/#breadcrumb\"},\"inLanguage\":\"es\",\"potentialAction\":[{\"@type\":\"ReadAction\",\"target\":[\"https:\\\/\\\/kinesis.money\\\/es\\\/metales-preciosos-de-kinesis\\\/\"]}]},{\"@type\":\"BreadcrumbList\",\"@id\":\"https:\\\/\\\/kinesis.money\\\/es\\\/metales-preciosos-de-kinesis\\\/#breadcrumb\",\"itemListElement\":[{\"@type\":\"ListItem\",\"position\":1,\"name\":\"Home\",\"item\":\"https:\\\/\\\/kinesis.money\\\/es\\\/\"},{\"@type\":\"ListItem\",\"position\":2,\"name\":\"Metales preciosos de Kinesis: la soluci\u00f3n del oro\"}]},{\"@type\":\"WebSite\",\"@id\":\"https:\\\/\\\/kinesis.money\\\/#website\",\"url\":\"https:\\\/\\\/kinesis.money\\\/\",\"name\":\"Kinesis\",\"description\":\"\",\"potentialAction\":[{\"@type\":\"SearchAction\",\"target\":{\"@type\":\"EntryPoint\",\"urlTemplate\":\"https:\\\/\\\/kinesis.money\\\/?s={search_term_string}\"},\"query-input\":{\"@type\":\"PropertyValueSpecification\",\"valueRequired\":true,\"valueName\":\"search_term_string\"}}],\"inLanguage\":\"es\"}]}<\/script>\n<!-- \/ Yoast SEO Premium plugin. -->","yoast_head_json":{"title":"Metales preciosos de Kinesis | Kinesis","description":"Kinesis es un sistema monetario revolucionario, basado en un esquema 1:1 respaldado por dep\u00f3sitos f\u00edsicos de oro y plata asignados.","robots":{"index":"index","follow":"follow","max-snippet":"max-snippet:-1","max-image-preview":"max-image-preview:large","max-video-preview":"max-video-preview:-1"},"og_locale":"es_ES","og_type":"article","og_title":"Metales preciosos de Kinesis | Kinesis","og_description":"Kinesis es un sistema monetario revolucionario, basado en un esquema 1:1 respaldado por dep\u00f3sitos f\u00edsicos de oro y plata asignados.","og_url":"https:\/\/kinesis.money\/es\/metales-preciosos-de-kinesis\/","og_site_name":"Kinesis","article_modified_time":"2026-04-08T14:28:42+00:00","og_image":[{"width":2560,"height":601,"url":"https:\/\/kinesis.money\/wp-content\/uploads\/2022\/04\/hero-pm-d-scaled.jpg","type":"image\/jpeg"}],"twitter_card":"summary_large_image","twitter_title":"Metales preciosos de Kinesis | Kinesis","twitter_description":"Kinesis es un sistema monetario revolucionario, basado en un esquema 1:1 respaldado por dep\u00f3sitos f\u00edsicos de oro y plata asignados.","twitter_misc":{"Tiempo de lectura":"3 minutos"},"schema":{"@context":"https:\/\/schema.org","@graph":[{"@type":"WebPage","@id":"https:\/\/kinesis.money\/es\/metales-preciosos-de-kinesis\/","url":"https:\/\/kinesis.money\/es\/metales-preciosos-de-kinesis\/","name":"Metales preciosos de Kinesis | Kinesis","isPartOf":{"@id":"https:\/\/kinesis.money\/#website"},"datePublished":"2022-11-03T12:38:32+00:00","dateModified":"2026-04-08T14:28:42+00:00","description":"Kinesis es un sistema monetario revolucionario, basado en un esquema 1:1 respaldado por dep\u00f3sitos f\u00edsicos de oro y plata asignados.","breadcrumb":{"@id":"https:\/\/kinesis.money\/es\/metales-preciosos-de-kinesis\/#breadcrumb"},"inLanguage":"es","potentialAction":[{"@type":"ReadAction","target":["https:\/\/kinesis.money\/es\/metales-preciosos-de-kinesis\/"]}]},{"@type":"BreadcrumbList","@id":"https:\/\/kinesis.money\/es\/metales-preciosos-de-kinesis\/#breadcrumb","itemListElement":[{"@type":"ListItem","position":1,"name":"Home","item":"https:\/\/kinesis.money\/es\/"},{"@type":"ListItem","position":2,"name":"Metales preciosos de Kinesis: la soluci\u00f3n del oro"}]},{"@type":"WebSite","@id":"https:\/\/kinesis.money\/#website","url":"https:\/\/kinesis.money\/","name":"Kinesis","description":"","potentialAction":[{"@type":"SearchAction","target":{"@type":"EntryPoint","urlTemplate":"https:\/\/kinesis.money\/?s={search_term_string}"},"query-input":{"@type":"PropertyValueSpecification","valueRequired":true,"valueName":"search_term_string"}}],"inLanguage":"es"}]}},"_links":{"self":[{"href":"https:\/\/kinesis.money\/es\/wp-json\/wp\/v2\/pages\/41881","targetHints":{"allow":["GET"]}}],"collection":[{"href":"https:\/\/kinesis.money\/es\/wp-json\/wp\/v2\/pages"}],"about":[{"href":"https:\/\/kinesis.money\/es\/wp-json\/wp\/v2\/types\/page"}],"author":[{"embeddable":true,"href":"https:\/\/kinesis.money\/es\/wp-json\/wp\/v2\/users\/6"}],"replies":[{"embeddable":true,"href":"https:\/\/kinesis.money\/es\/wp-json\/wp\/v2\/comments?post=41881"}],"version-history":[{"count":0,"href":"https:\/\/kinesis.money\/es\/wp-json\/wp\/v2\/pages\/41881\/revisions"}],"wp:attachment":[{"href":"https:\/\/kinesis.money\/es\/wp-json\/wp\/v2\/media?parent=41881"}],"curies":[{"name":"wp","href":"https:\/\/api.w.org\/{rel}","templated":true}]}}