{"id":18980,"date":"2021-07-04T15:12:50","date_gmt":"2021-07-04T15:12:50","guid":{"rendered":"https:\/\/kinesis.money\/?page_id=18980"},"modified":"2024-04-10T21:21:35","modified_gmt":"2024-04-10T21:21:35","slug":"lecciones-en-video","status":"publish","type":"page","link":"https:\/\/kinesis.money\/es\/lecciones-en-video\/","title":{"rendered":"Lecciones en Video"},"content":{"rendered":"\t<section class=\"ktp-block ktp2_0-block\">\n\n\t\t<div class=\"hero-centered dark bg-brand-primary-midnight-500 text-center\">\n\n\n\t\t\t<div class=\"ktp-container\">\n\t\t\t\t<div class=\"ktp-grid py-16 md:pt-20 \">\n\n\t\t\t\t\t<div class=\"col-span-4 md:col-span-8 lg:col-start-3 xl:col-start-3\">\n\n\t\t\t\t\t\t\n\n\t\t\t\t\t\t\t\t\t\t\t\t\t<h1 class=\"mb-6 md neutral text-product-neutral-white\">\n\t\t\t\t\t\t\t\tLecciones en Video\n\t\t\t\t\t\t\t<\/h1>\n\t\t\t\t\t\t\n\t\t\t\t\t<\/div>\n\n\t\t\t\t\t<div class=\"col-span-4 md:col-span-8 lg:col-start-3 xl:col-span-6 xl:col-start-4\">\n\t\t\t\t\t\t\t\t\t\t\t\t\t<div class=\"text-brand-primary-midnight-90\">\n\t\t\t\t\t\t\t\t<div class=\"p-container body-md\">\n\t\t\t\t\t\t\t\t\t<p>Aprende todo lo que el Sistema Monetario Kinesis puede ofrecerte en nuestra serie educativa.<\/p>\n\t\t\t\t\t\t\t\t<\/div>\n\t\t\t\t\t\t\t<\/div>\n\t\t\t\t\t\t\t\t\t\t\t<\/div>\n\n\t\t\t\t\t\t\t\t\t\t\t\t\t\t\t\t\n\n\t\t\t\t<\/div>\n\t\t\t<\/div>\n\n\t\t\t<div class=\"flex justify-center relative \">\n\t\t\t\t\t\t\t\t<div class=\" md:max-w-3xl lg:max-w-7xl relative\">\n\t\t\t\t\t\t<picture>\n\t\t\t\t\t\t\t\t\t\t\t<\/picture>\n    \n\t\t\t\t<\/div>\n\t\t\t<\/div>\n\t\t<\/div>\n\n\t<\/section>\n\n\n\t<section class=\"ktp-block ktp2_0-block\">\n\t\t<div class=\"video-lessons-wrapper\">\n\t\t\t\t\t\t\t<div class=\"py-16 md:py-20\">\n\t\t\t\t\t<div class=\"ktp-container\">\n\t\t\t\t\t\t\n\t\t\t\t\t\t\t\t\t\t\t\t\t\t\t\t\t\t\t\t\t\t\t\t\t\t\t\t\n\t\t\t\t\t\t\t<div class=\"ktp-grid\">\n\t\t\t\t\t\t\t\t<div class=\"col-span-12 lg:col-span-5 content-container\">\n\n\t\t\t\t\t\t\t\t\t<h2 class=\"pb-10 text-center lg:text-left md neutral\">Lecci\u00f3n 1<\/h2>\n\t\t\t\t\t\t\t\t\t<p class=\"pb-6 text-center lg:text-left body-md neutral\">Dinero<\/p>\n\t\t\t\t\t\t\t\t\t<div class=\"p-container hidden lg:block content body-md neutral\">\n\t\t\t\t\t\t\t\t\t\tEn esta lecci\u00f3n, te presentamos la historia del \u00abdinero\u00bb, los problemas que han surgido y c\u00f3mo Kinesis puede resolverlos. A lo largo del tiempo, el intercambio de bienes siempre se ha facilitado a trav\u00e9s del comercio. Esto se ha plasmado de distintas formas, ya sea en forma de bienes o de monedas.\n\t\t\t\t\t\t\t\t\t<\/div>\n\t\t\t\t\t\t\t\t<\/div>\n\t\t\t\t\t\t\t\t<div class=\"col-span-12 lg:col-span-7\">\n\t\t\t\t\t\t\t\t\t<div class=\"relative lesson-video-container\">\n\t\t\t\t\t\t\t\t\t\t\t\t\t\t\t\t\t\t\t<\/div>\n\t\t\t\t\t\t\t\t<\/div>\n\t\t\t\t\t\t\t<\/div>\n\t\t\t\t\t\t\n\t\t\t\t\t\t<div class=\"ktp-grid pt-10\">\n\t\t\t\t\t\t\t<div class=\"col-span-12 lg:col-span-5\"><\/div>\n\t\t\t\t\t\t\t<div class=\"col-span-12 lg:col-span-7\">\n\t\t\t\t\t\t\t\t<div class=\"ktp-btns-group\"><div class=\"ktp-btns-group-inner -m-1 flex flex-wrap justify-center lg:justify-start -m-1\"><div class=\"p-1 justify-center md:justify-normal \">\t\n\t\n\t\t\t\t\n\t\t\t<a href=\"https:\/\/kms.kinesis.money\/signup\" class=\"ktp-btn btn  primary  inline-flex items-center items-center justify-center normal-case \" target=\"_blank\">\n\t\t\t<span>Descarga la aplicaci\u00f3n<\/span>\n\t\t<\/a>\n\t<\/div><\/div><\/div>\n\t\t\t\t\t\t\t<\/div>\n\t\t\t\t\t\t<\/div>\n\t\t\t\t\t<\/div>\n\t\t\t\t<\/div>\n\t\t\t\t\t\t\t\t\t\t<div class=\"bg-off-white\">\n\t\t\t\t\t<div class=\"py-16 md:py-20\">\n\t\t\t\t\t\t<div class=\"ktp-container\">\n\t\t\t\t\t\t\t<div class=\"ktp-grid\">\n\t\t\t\t\t\t\t\t<div class=\"col-span-4 md:col-span-8 lg:col-span-12 xl:col-span-12\">\n\t\t\t\t\t\t\t\t\t<div class=\"flex flex-wrap -m-4\">\n\n\t\t\t\t\t\t\t\t\t\t\n\t\t\t\t\t\t\t\t\t\t\t\t\t\t\t\t\t\t\t\t\t\t\t\t\t\t\t\t\t\t\t\t\t\t\t\t\t\t\t\t\t\t\t\t\t\t\t\t\t\t\t\t\t\t\t\n\n\t\t\t\t\t\t\t\t\t\t\t<div class=\"w-full md:w-1\/2 lg:w-1\/3 xl:w-1\/4 p-4\">\n\t\t\t\t\t\t\t\t\t\t\t\t<div class=\"item cursor-pointer bg-white h-full rounded-lg shadow-md overflow-hidden active\" data-video-id=\"\" data-title=\"Lecci\u00f3n 1\" data-subheading=\"Dinero\" data-content=\"En esta lecci\u00f3n, te presentamos la historia del \"dinero\", los problemas que han surgido y c\u00f3mo Kinesis puede resolverlos. A lo largo del tiempo, el intercambio de bienes siempre se ha facilitado a trav\u00e9s del comercio. Esto se ha plasmado de distintas formas, ya sea en forma de bienes o de monedas.\">\n\t\t\t\t\t\t\t\t\t\t\t\t\t\n\t\t\t\t\t\t\t\t\t\t\t\t\t<div class=\"poster hidden\">\n\t\t\t\t\t\t\t\t\t\t\t\t\t\t\n\t\t\t\t\t\t\t\t\t\t\t\t\t<\/div>\n\t\t\t\t\t\t\t\t\t\t\t\t\t<div class=\"pt-8 pb-6 px-6\">\n\t\t\t\t\t\t\t\t\t\t\t\t\t\t<p class=\"pb-4 body-md loud\">Dinero<\/p>\n\t\t\t\t\t\t\t\t\t\t\t\t\t\t<div class=\"p-container body-md neutral\">\n\t\t\t\t\t\t\t\t\t\t\t\t\t\t\tEn esta lecci\u00f3n, te presentamos la historia del \u00abdinero\u00bb, los problemas que&hellip;\n\t\t\t\t\t\t\t\t\t\t\t\t\t\t<\/div>\n\t\t\t\t\t\t\t\t\t\t\t\t\t<\/div>\n\t\t\t\t\t\t\t\t\t\t\t\t<\/div>\n\t\t\t\t\t\t\t\t\t\t\t<\/div>\n\t\t\t\t\t\t\t\t\t\t\n\t\t\t\t\t\t\t\t\t\t\t\t\t\t\t\t\t\t\t\t\t\t\t\t\t\t\t\t\t\t\t\t\t\t\t\t\t\t\t\t\t\t\t\t\t\t\t\t\t\t\t\t\t\t\t\n\n\t\t\t\t\t\t\t\t\t\t\t<div class=\"w-full md:w-1\/2 lg:w-1\/3 xl:w-1\/4 p-4\">\n\t\t\t\t\t\t\t\t\t\t\t\t<div class=\"item cursor-pointer bg-white h-full rounded-lg shadow-md overflow-hidden \" data-video-id=\"\" data-title=\"Lecci\u00f3n 2\" data-subheading=\"Oro digital\" data-content=\"En esta lecci\u00f3n explicamos qu\u00e9 significa realmente digitalizar el oro. No, no se trata de utilizar una nueva tecnolog\u00eda espacial para transportar tus lingotes f\u00edsicos, borrarlos del mundo real y perderlos en un agujero de gusano digital del que nunca podr\u00e1n volver.\">\n\t\t\t\t\t\t\t\t\t\t\t\t\t\n\t\t\t\t\t\t\t\t\t\t\t\t\t<div class=\"poster hidden\">\n\t\t\t\t\t\t\t\t\t\t\t\t\t\t\n\t\t\t\t\t\t\t\t\t\t\t\t\t<\/div>\n\t\t\t\t\t\t\t\t\t\t\t\t\t<div class=\"pt-8 pb-6 px-6\">\n\t\t\t\t\t\t\t\t\t\t\t\t\t\t<p class=\"pb-4 body-md loud\">Oro digital<\/p>\n\t\t\t\t\t\t\t\t\t\t\t\t\t\t<div class=\"p-container body-md neutral\">\n\t\t\t\t\t\t\t\t\t\t\t\t\t\t\tEn esta lecci\u00f3n explicamos qu\u00e9 significa realmente digitalizar el oro. No, no&hellip;\n\t\t\t\t\t\t\t\t\t\t\t\t\t\t<\/div>\n\t\t\t\t\t\t\t\t\t\t\t\t\t<\/div>\n\t\t\t\t\t\t\t\t\t\t\t\t<\/div>\n\t\t\t\t\t\t\t\t\t\t\t<\/div>\n\t\t\t\t\t\t\t\t\t\t\n\t\t\t\t\t\t\t\t\t\t\t\t\t\t\t\t\t\t\t\t\t\t\t\t\t\t\t\t\t\t\t\t\t\t\t\t\t\t\t\t\t\t\t\t\t\t\t\t\t\t\t\t\t\t\t\n\n\t\t\t\t\t\t\t\t\t\t\t<div class=\"w-full md:w-1\/2 lg:w-1\/3 xl:w-1\/4 p-4\">\n\t\t\t\t\t\t\t\t\t\t\t\t<div class=\"item cursor-pointer bg-white h-full rounded-lg shadow-md overflow-hidden \" data-video-id=\"\" data-title=\"Lecci\u00f3n 3\" data-subheading=\"Qu\u00e9 es una KAU y una KAG\" data-content=\"En esta lecci\u00f3n exploraremos el oro y la plata digitales. Aprende c\u00f3mo puedes convertirte en tu propio banco central Desde c\u00f3mo se asignan los lingotes subyacentes hasta la compra y creaci\u00f3n de estas unidades digitales de oro y plata f\u00edsicos.\">\n\t\t\t\t\t\t\t\t\t\t\t\t\t\n\t\t\t\t\t\t\t\t\t\t\t\t\t<div class=\"poster hidden\">\n\t\t\t\t\t\t\t\t\t\t\t\t\t\t\n\t\t\t\t\t\t\t\t\t\t\t\t\t<\/div>\n\t\t\t\t\t\t\t\t\t\t\t\t\t<div class=\"pt-8 pb-6 px-6\">\n\t\t\t\t\t\t\t\t\t\t\t\t\t\t<p class=\"pb-4 body-md loud\">Qu\u00e9 es una KAU y una KAG<\/p>\n\t\t\t\t\t\t\t\t\t\t\t\t\t\t<div class=\"p-container body-md neutral\">\n\t\t\t\t\t\t\t\t\t\t\t\t\t\t\tEn esta lecci\u00f3n exploraremos el oro y la plata digitales. Aprende c\u00f3mo&hellip;\n\t\t\t\t\t\t\t\t\t\t\t\t\t\t<\/div>\n\t\t\t\t\t\t\t\t\t\t\t\t\t<\/div>\n\t\t\t\t\t\t\t\t\t\t\t\t<\/div>\n\t\t\t\t\t\t\t\t\t\t\t<\/div>\n\t\t\t\t\t\t\t\t\t\t\n\t\t\t\t\t\t\t\t\t\t\t\t\t\t\t\t\t\t\t\t\t\t\t\t\t\t\t\t\t\t\t\t\t\t\t\t\t\t\t\t\t\t\t\t\t\t\t\t\t\t\t\t\t\t\t\n\n\t\t\t\t\t\t\t\t\t\t\t<div class=\"w-full md:w-1\/2 lg:w-1\/3 xl:w-1\/4 p-4\">\n\t\t\t\t\t\t\t\t\t\t\t\t<div class=\"item cursor-pointer bg-white h-full rounded-lg shadow-md overflow-hidden \" data-video-id=\"\" data-title=\"Lecci\u00f3n 4\" data-subheading=\"Tarjeta Kinesis\" data-content=\"En esta lecci\u00f3n presentamos la tarjeta Kinesis. Tu compa\u00f1ero diario que ostenta todo el peso econ\u00f3mico del oro y la plata, sin las restricciones f\u00edsicas. Te permite gastar f\u00e1cilmente oro y plata digitales en todo el mundo.\">\n\t\t\t\t\t\t\t\t\t\t\t\t\t\n\t\t\t\t\t\t\t\t\t\t\t\t\t<div class=\"poster hidden\">\n\t\t\t\t\t\t\t\t\t\t\t\t\t\t\n\t\t\t\t\t\t\t\t\t\t\t\t\t<\/div>\n\t\t\t\t\t\t\t\t\t\t\t\t\t<div class=\"pt-8 pb-6 px-6\">\n\t\t\t\t\t\t\t\t\t\t\t\t\t\t<p class=\"pb-4 body-md loud\">Tarjeta Kinesis<\/p>\n\t\t\t\t\t\t\t\t\t\t\t\t\t\t<div class=\"p-container body-md neutral\">\n\t\t\t\t\t\t\t\t\t\t\t\t\t\t\tEn esta lecci\u00f3n presentamos la tarjeta Kinesis. Tu compa\u00f1ero diario que ostenta&hellip;\n\t\t\t\t\t\t\t\t\t\t\t\t\t\t<\/div>\n\t\t\t\t\t\t\t\t\t\t\t\t\t<\/div>\n\t\t\t\t\t\t\t\t\t\t\t\t<\/div>\n\t\t\t\t\t\t\t\t\t\t\t<\/div>\n\t\t\t\t\t\t\t\t\t\t\n\t\t\t\t\t\t\t\t\t\t\t\t\t\t\t\t\t\t\t\t\t\t\t\t\t\t\t\t\t\t\t\t\t\t\t\t\t\t\t\t\t\t\t\t\t\t\t\t\t\t\t\t\t\t\t\n\n\t\t\t\t\t\t\t\t\t\t\t<div class=\"w-full md:w-1\/2 lg:w-1\/3 xl:w-1\/4 p-4\">\n\t\t\t\t\t\t\t\t\t\t\t\t<div class=\"item cursor-pointer bg-white h-full rounded-lg shadow-md overflow-hidden \" data-video-id=\"\" data-title=\"Lecci\u00f3n 5\" data-subheading=\"Exchange\" data-content=\"En esta lecci\u00f3n, te presentamos Kinesis Exchange, nuestro centro de trading a medida donde puedes comprar o vender Kinesis de oro (KAU) y plata (KAG) junto con otras criptomonedas l\u00edderes del mercado.\">\n\t\t\t\t\t\t\t\t\t\t\t\t\t\n\t\t\t\t\t\t\t\t\t\t\t\t\t<div class=\"poster hidden\">\n\t\t\t\t\t\t\t\t\t\t\t\t\t\t\n\t\t\t\t\t\t\t\t\t\t\t\t\t<\/div>\n\t\t\t\t\t\t\t\t\t\t\t\t\t<div class=\"pt-8 pb-6 px-6\">\n\t\t\t\t\t\t\t\t\t\t\t\t\t\t<p class=\"pb-4 body-md loud\">Exchange<\/p>\n\t\t\t\t\t\t\t\t\t\t\t\t\t\t<div class=\"p-container body-md neutral\">\n\t\t\t\t\t\t\t\t\t\t\t\t\t\t\tEn esta lecci\u00f3n, te presentamos Kinesis Exchange, nuestro centro de trading a&hellip;\n\t\t\t\t\t\t\t\t\t\t\t\t\t\t<\/div>\n\t\t\t\t\t\t\t\t\t\t\t\t\t<\/div>\n\t\t\t\t\t\t\t\t\t\t\t\t<\/div>\n\t\t\t\t\t\t\t\t\t\t\t<\/div>\n\t\t\t\t\t\t\t\t\t\t\n\t\t\t\t\t\t\t\t\t\t\t\t\t\t\t\t\t\t\t\t\t\t\t\t\t\t\t\t\t\t\t\t\t\t\t\t\t\t\t\t\t\t\t\t\t\t\t\t\t\t\t\t\t\t\t\n\n\t\t\t\t\t\t\t\t\t\t\t<div class=\"w-full md:w-1\/2 lg:w-1\/3 xl:w-1\/4 p-4\">\n\t\t\t\t\t\t\t\t\t\t\t\t<div class=\"item cursor-pointer bg-white h-full rounded-lg shadow-md overflow-hidden \" data-video-id=\"\" data-title=\"Lecci\u00f3n 6\" data-subheading=\"\u00bfQu\u00e9 es un rendimiento?\" data-content=\"En esta lecci\u00f3n, presentamos nuestros exclusivo Rendimiento para Tenedores, el motivo que hay detr\u00e1s de ellos, el problema que resuelven y c\u00f3mo le benefician.\">\n\t\t\t\t\t\t\t\t\t\t\t\t\t\n\t\t\t\t\t\t\t\t\t\t\t\t\t<div class=\"poster hidden\">\n\t\t\t\t\t\t\t\t\t\t\t\t\t\t\n\t\t\t\t\t\t\t\t\t\t\t\t\t<\/div>\n\t\t\t\t\t\t\t\t\t\t\t\t\t<div class=\"pt-8 pb-6 px-6\">\n\t\t\t\t\t\t\t\t\t\t\t\t\t\t<p class=\"pb-4 body-md loud\">\u00bfQu\u00e9 es un rendimiento?<\/p>\n\t\t\t\t\t\t\t\t\t\t\t\t\t\t<div class=\"p-container body-md neutral\">\n\t\t\t\t\t\t\t\t\t\t\t\t\t\t\tEn esta lecci\u00f3n, presentamos nuestros exclusivo Rendimiento para Tenedores, el motivo que&hellip;\n\t\t\t\t\t\t\t\t\t\t\t\t\t\t<\/div>\n\t\t\t\t\t\t\t\t\t\t\t\t\t<\/div>\n\t\t\t\t\t\t\t\t\t\t\t\t<\/div>\n\t\t\t\t\t\t\t\t\t\t\t<\/div>\n\t\t\t\t\t\t\t\t\t\t\n\t\t\t\t\t\t\t\t\t\t\t\t\t\t\t\t\t\t\t\t\t\t\t\t\t\t\t\t\t\t\t\t\t\t\t\t\t\t\t\t\t\t\t\t\t\t\t\t\t\t\t\t\t\t\t\n\n\t\t\t\t\t\t\t\t\t\t\t<div class=\"w-full md:w-1\/2 lg:w-1\/3 xl:w-1\/4 p-4\">\n\t\t\t\t\t\t\t\t\t\t\t\t<div class=\"item cursor-pointer bg-white h-full rounded-lg shadow-md overflow-hidden \" data-video-id=\"\" data-title=\"Lecci\u00f3n 7\" data-subheading=\"Rendimiento para Acu\u00f1adores\" data-content=\"En esta lecci\u00f3n, conoceremos el Rendimiento para Acu\u00f1adores Uno de nuestros cinco rendimientos que te ofrece un retorno proporcional de todos los ingresos por tasas por transacci\u00f3n de Kinesis, por crear, enviar y pagar con Kinesis de oro (KAU) y de plata (KAG).\">\n\t\t\t\t\t\t\t\t\t\t\t\t\t\n\t\t\t\t\t\t\t\t\t\t\t\t\t<div class=\"poster hidden\">\n\t\t\t\t\t\t\t\t\t\t\t\t\t\t\n\t\t\t\t\t\t\t\t\t\t\t\t\t<\/div>\n\t\t\t\t\t\t\t\t\t\t\t\t\t<div class=\"pt-8 pb-6 px-6\">\n\t\t\t\t\t\t\t\t\t\t\t\t\t\t<p class=\"pb-4 body-md loud\">Rendimiento para Acu\u00f1adores<\/p>\n\t\t\t\t\t\t\t\t\t\t\t\t\t\t<div class=\"p-container body-md neutral\">\n\t\t\t\t\t\t\t\t\t\t\t\t\t\t\tEn esta lecci\u00f3n, conoceremos el Rendimiento para Acu\u00f1adores Uno de nuestros cinco&hellip;\n\t\t\t\t\t\t\t\t\t\t\t\t\t\t<\/div>\n\t\t\t\t\t\t\t\t\t\t\t\t\t<\/div>\n\t\t\t\t\t\t\t\t\t\t\t\t<\/div>\n\t\t\t\t\t\t\t\t\t\t\t<\/div>\n\t\t\t\t\t\t\t\t\t\t\n\t\t\t\t\t\t\t\t\t\t\t\t\t\t\t\t\t\t\t\t\t\t\t\t\t\t\t\t\t\t\t\t\t\t\t\t\t\t\t\t\t\t\t\t\t\t\t\t\t\t\t\t\t\t\t\n\n\t\t\t\t\t\t\t\t\t\t\t<div class=\"w-full md:w-1\/2 lg:w-1\/3 xl:w-1\/4 p-4\">\n\t\t\t\t\t\t\t\t\t\t\t\t<div class=\"item cursor-pointer bg-white h-full rounded-lg shadow-md overflow-hidden \" data-video-id=\"\" data-title=\"Lecci\u00f3n 8\" data-subheading=\"Rendimiento para Tenedores\" data-content=\"En esta lecci\u00f3n presentamos el Rendimiento para Tenedores Descubre c\u00f3mo mantener tus ahorros e inversiones en oro y plata puede reportarte beneficios mensuales.\">\n\t\t\t\t\t\t\t\t\t\t\t\t\t\n\t\t\t\t\t\t\t\t\t\t\t\t\t<div class=\"poster hidden\">\n\t\t\t\t\t\t\t\t\t\t\t\t\t\t\n\t\t\t\t\t\t\t\t\t\t\t\t\t<\/div>\n\t\t\t\t\t\t\t\t\t\t\t\t\t<div class=\"pt-8 pb-6 px-6\">\n\t\t\t\t\t\t\t\t\t\t\t\t\t\t<p class=\"pb-4 body-md loud\">Rendimiento para Tenedores<\/p>\n\t\t\t\t\t\t\t\t\t\t\t\t\t\t<div class=\"p-container body-md neutral\">\n\t\t\t\t\t\t\t\t\t\t\t\t\t\t\tEn esta lecci\u00f3n presentamos el Rendimiento para Tenedores Descubre c\u00f3mo mantener tus&hellip;\n\t\t\t\t\t\t\t\t\t\t\t\t\t\t<\/div>\n\t\t\t\t\t\t\t\t\t\t\t\t\t<\/div>\n\t\t\t\t\t\t\t\t\t\t\t\t<\/div>\n\t\t\t\t\t\t\t\t\t\t\t<\/div>\n\t\t\t\t\t\t\t\t\t\t\n\t\t\t\t\t\t\t\t\t\t\t\t\t\t\t\t\t\t\t\t\t\t\t\t\t\t\t\t\t\t\t\t\t\t\t\t\t\t\t\t\t\t\t\t\t\t\t\t\t\t\t\t\t\t\t\n\n\t\t\t\t\t\t\t\t\t\t\t<div class=\"w-full md:w-1\/2 lg:w-1\/3 xl:w-1\/4 p-4\">\n\t\t\t\t\t\t\t\t\t\t\t\t<div class=\"item cursor-pointer bg-white h-full rounded-lg shadow-md overflow-hidden \" data-video-id=\"\" data-title=\"Lecci\u00f3n 9\" data-subheading=\"Recomendador\" data-content=\"En esta lecci\u00f3n, aprender\u00e1s m\u00e1s sobre el programa de referidos de Kinesis. Nuestro programa de referidos, al igual que otros programas de referidos, s\u00f3lo te beneficia a ti a trav\u00e9s de tus recomendados. Sin embargo, el Rendimiento por Referidos se paga cada mes por cada transacci\u00f3n realizada.\">\n\t\t\t\t\t\t\t\t\t\t\t\t\t\n\t\t\t\t\t\t\t\t\t\t\t\t\t<div class=\"poster hidden\">\n\t\t\t\t\t\t\t\t\t\t\t\t\t\t\n\t\t\t\t\t\t\t\t\t\t\t\t\t<\/div>\n\t\t\t\t\t\t\t\t\t\t\t\t\t<div class=\"pt-8 pb-6 px-6\">\n\t\t\t\t\t\t\t\t\t\t\t\t\t\t<p class=\"pb-4 body-md loud\">Recomendador<\/p>\n\t\t\t\t\t\t\t\t\t\t\t\t\t\t<div class=\"p-container body-md neutral\">\n\t\t\t\t\t\t\t\t\t\t\t\t\t\t\tEn esta lecci\u00f3n, aprender\u00e1s m\u00e1s sobre el programa de referidos de Kinesis.&hellip;\n\t\t\t\t\t\t\t\t\t\t\t\t\t\t<\/div>\n\t\t\t\t\t\t\t\t\t\t\t\t\t<\/div>\n\t\t\t\t\t\t\t\t\t\t\t\t<\/div>\n\t\t\t\t\t\t\t\t\t\t\t<\/div>\n\t\t\t\t\t\t\t\t\t\t\n\t\t\t\t\t\t\t\t\t\t\t\t\t\t\t\t\t\t\t\t\t\t\t\t\t\t\t\t\t\t\t\t\t\t\t\t\t\t\t\t\t\t\t\t\t\t\t\t\t\t\t\t\t\t\t\n\n\t\t\t\t\t\t\t\t\t\t\t<div class=\"w-full md:w-1\/2 lg:w-1\/3 xl:w-1\/4 p-4\">\n\t\t\t\t\t\t\t\t\t\t\t\t<div class=\"item cursor-pointer bg-white h-full rounded-lg shadow-md overflow-hidden \" data-video-id=\"\" data-title=\"Lecci\u00f3n 10\" data-subheading=\"Rendimiento basado en la Velocidad\" data-content=\"En esta lecci\u00f3n explicamos el Rendimiento basado en la Velocidad. Consigue m\u00e1s informaci\u00f3n sobre c\u00f3mo puedes obtener un rendimiento mensual, con tan solo hacer trading o gastar tu oro y plata.\">\n\t\t\t\t\t\t\t\t\t\t\t\t\t\n\t\t\t\t\t\t\t\t\t\t\t\t\t<div class=\"poster hidden\">\n\t\t\t\t\t\t\t\t\t\t\t\t\t\t\n\t\t\t\t\t\t\t\t\t\t\t\t\t<\/div>\n\t\t\t\t\t\t\t\t\t\t\t\t\t<div class=\"pt-8 pb-6 px-6\">\n\t\t\t\t\t\t\t\t\t\t\t\t\t\t<p class=\"pb-4 body-md loud\">Rendimiento basado en la Velocidad<\/p>\n\t\t\t\t\t\t\t\t\t\t\t\t\t\t<div class=\"p-container body-md neutral\">\n\t\t\t\t\t\t\t\t\t\t\t\t\t\t\tEn esta lecci\u00f3n explicamos el Rendimiento basado en la Velocidad. Consigue m\u00e1s&hellip;\n\t\t\t\t\t\t\t\t\t\t\t\t\t\t<\/div>\n\t\t\t\t\t\t\t\t\t\t\t\t\t<\/div>\n\t\t\t\t\t\t\t\t\t\t\t\t<\/div>\n\t\t\t\t\t\t\t\t\t\t\t<\/div>\n\t\t\t\t\t\t\t\t\t\t\n\t\t\t\t\t\t\t\t\t\t\t\t\t\t\t\t\t\t\t\t\t\t\t\t\t\t\t\t\t\t\t\t\t\t\t\t\t\t\t\t\t\t\t\t\t\t\t\t\t\t\t\t\t\t\t\n\n\t\t\t\t\t\t\t\t\t\t\t<div class=\"w-full md:w-1\/2 lg:w-1\/3 xl:w-1\/4 p-4\">\n\t\t\t\t\t\t\t\t\t\t\t\t<div class=\"item cursor-pointer bg-white h-full rounded-lg shadow-md overflow-hidden \" data-video-id=\"\" data-title=\"Lecci\u00f3n 11\" data-subheading=\"KVT\" data-content=\"En esta lecci\u00f3n, explicamos nuestro exclusivo Kinesis Velocity Token. Con un suministro extremadamente limitado, estos potentes tokens te dan derecho al mayor de todos los rendimientos de tasas compartidas que ofrece Kinesis.\n\n*Actualmente el trading de KVT en la bolsa est\u00e1 actualmente suspendido, aunque puedes seguir adquiri\u00e9ndolos a trav\u00e9s de la plataforma Kinesis.\">\n\t\t\t\t\t\t\t\t\t\t\t\t\t\n\t\t\t\t\t\t\t\t\t\t\t\t\t<div class=\"poster hidden\">\n\t\t\t\t\t\t\t\t\t\t\t\t\t\t\n\t\t\t\t\t\t\t\t\t\t\t\t\t<\/div>\n\t\t\t\t\t\t\t\t\t\t\t\t\t<div class=\"pt-8 pb-6 px-6\">\n\t\t\t\t\t\t\t\t\t\t\t\t\t\t<p class=\"pb-4 body-md loud\">KVT<\/p>\n\t\t\t\t\t\t\t\t\t\t\t\t\t\t<div class=\"p-container body-md neutral\">\n\t\t\t\t\t\t\t\t\t\t\t\t\t\t\tEn esta lecci\u00f3n, explicamos nuestro exclusivo Kinesis Velocity Token. Con un suministro&hellip;\n\t\t\t\t\t\t\t\t\t\t\t\t\t\t<\/div>\n\t\t\t\t\t\t\t\t\t\t\t\t\t<\/div>\n\t\t\t\t\t\t\t\t\t\t\t\t<\/div>\n\t\t\t\t\t\t\t\t\t\t\t<\/div>\n\t\t\t\t\t\t\t\t\t\t\t\t\t\t\t\t\t\t\t<\/div>\n\t\t\t\t\t\t\t\t<\/div>\n\t\t\t\t\t\t\t<\/div>\n\t\t\t\t\t\t<\/div>\n\t\t\t\t\t<\/div>\n\t\t\t\t<\/div>\n\t\t\t\t\t<\/div>\n\t<\/section>\n","protected":false},"excerpt":{"rendered":"<p>Aprende todo lo que el Sistema Monetario Kinesis puede ofrecerte en nuestra serie educativa.<\/p>\n","protected":false},"author":1,"featured_media":0,"parent":0,"menu_order":0,"comment_status":"closed","ping_status":"closed","template":"","meta":{"_acf_changed":true,"footnotes":""},"class_list":["post-18980","page","type-page","status-publish","hentry"],"acf":[],"yoast_head":"<!-- This site is optimized with the Yoast SEO Premium plugin v27.2 (Yoast SEO v27.2) - https:\/\/yoast.com\/product\/yoast-seo-premium-wordpress\/ -->\n<title>Lecciones en Video | Kinesis Money<\/title>\n<meta name=\"description\" content=\"Descubre todo lo que te ofrece el Sistema Monetario Kinesis en nuestra serie de v\u00eddeos educativos, en los que se explican los conceptos de rendimiento, acu\u00f1aci\u00f3n y el oro digital.\" \/>\n<meta name=\"robots\" content=\"index, follow, max-snippet:-1, max-image-preview:large, max-video-preview:-1\" \/>\n<meta property=\"og:locale\" content=\"es_ES\" \/>\n<meta property=\"og:type\" content=\"article\" \/>\n<meta property=\"og:title\" content=\"Lecciones en Video\" \/>\n<meta property=\"og:description\" content=\"Descubre todo lo que te ofrece el Sistema Monetario Kinesis en nuestra serie de v\u00eddeos educativos, en los que se explican los conceptos de rendimiento, acu\u00f1aci\u00f3n y el oro digital.\" \/>\n<meta property=\"og:url\" content=\"https:\/\/kinesis.money\/es\/lecciones-en-video\/\" \/>\n<meta property=\"og:site_name\" content=\"Kinesis\" \/>\n<meta property=\"article:modified_time\" content=\"2024-04-10T21:21:35+00:00\" \/>\n<meta name=\"twitter:card\" content=\"summary_large_image\" \/>\n<meta name=\"twitter:description\" content=\"Descubre todo lo que te ofrece el Sistema Monetario Kinesis en nuestra serie de v\u00eddeos educativos, en los que se explican los conceptos de rendimiento, acu\u00f1aci\u00f3n y el oro digital.\" \/>\n<meta name=\"twitter:label1\" content=\"Tiempo de lectura\" \/>\n\t<meta name=\"twitter:data1\" content=\"2 minutos\" \/>\n<script type=\"application\/ld+json\" class=\"yoast-schema-graph\">{\"@context\":\"https:\/\/schema.org\",\"@graph\":[{\"@type\":\"WebPage\",\"@id\":\"https:\/\/kinesis.money\/es\/lecciones-en-video\/\",\"url\":\"https:\/\/kinesis.money\/es\/lecciones-en-video\/\",\"name\":\"Lecciones en Video | Kinesis Money\",\"isPartOf\":{\"@id\":\"https:\/\/kinesis.money\/#website\"},\"datePublished\":\"2021-07-04T15:12:50+00:00\",\"dateModified\":\"2024-04-10T21:21:35+00:00\",\"description\":\"Descubre todo lo que te ofrece el Sistema Monetario Kinesis en nuestra serie de v\u00eddeos educativos, en los que se explican los conceptos de rendimiento, acu\u00f1aci\u00f3n y el oro digital.\",\"breadcrumb\":{\"@id\":\"https:\/\/kinesis.money\/es\/lecciones-en-video\/#breadcrumb\"},\"inLanguage\":\"es\",\"potentialAction\":[{\"@type\":\"ReadAction\",\"target\":[\"https:\/\/kinesis.money\/es\/lecciones-en-video\/\"]}]},{\"@type\":\"BreadcrumbList\",\"@id\":\"https:\/\/kinesis.money\/es\/lecciones-en-video\/#breadcrumb\",\"itemListElement\":[{\"@type\":\"ListItem\",\"position\":1,\"name\":\"Home\",\"item\":\"https:\/\/kinesis.money\/es\/\"},{\"@type\":\"ListItem\",\"position\":2,\"name\":\"Lecciones en Video\"}]},{\"@type\":\"WebSite\",\"@id\":\"https:\/\/kinesis.money\/#website\",\"url\":\"https:\/\/kinesis.money\/\",\"name\":\"Kinesis\",\"description\":\"\",\"potentialAction\":[{\"@type\":\"SearchAction\",\"target\":{\"@type\":\"EntryPoint\",\"urlTemplate\":\"https:\/\/kinesis.money\/?s={search_term_string}\"},\"query-input\":{\"@type\":\"PropertyValueSpecification\",\"valueRequired\":true,\"valueName\":\"search_term_string\"}}],\"inLanguage\":\"es\"}]}<\/script>\n<!-- \/ Yoast SEO Premium plugin. -->","yoast_head_json":{"title":"Lecciones en Video | Kinesis Money","description":"Descubre todo lo que te ofrece el Sistema Monetario Kinesis en nuestra serie de v\u00eddeos educativos, en los que se explican los conceptos de rendimiento, acu\u00f1aci\u00f3n y el oro digital.","robots":{"index":"index","follow":"follow","max-snippet":"max-snippet:-1","max-image-preview":"max-image-preview:large","max-video-preview":"max-video-preview:-1"},"og_locale":"es_ES","og_type":"article","og_title":"Lecciones en Video","og_description":"Descubre todo lo que te ofrece el Sistema Monetario Kinesis en nuestra serie de v\u00eddeos educativos, en los que se explican los conceptos de rendimiento, acu\u00f1aci\u00f3n y el oro digital.","og_url":"https:\/\/kinesis.money\/es\/lecciones-en-video\/","og_site_name":"Kinesis","article_modified_time":"2024-04-10T21:21:35+00:00","twitter_card":"summary_large_image","twitter_description":"Descubre todo lo que te ofrece el Sistema Monetario Kinesis en nuestra serie de v\u00eddeos educativos, en los que se explican los conceptos de rendimiento, acu\u00f1aci\u00f3n y el oro digital.","twitter_misc":{"Tiempo de lectura":"2 minutos"},"schema":{"@context":"https:\/\/schema.org","@graph":[{"@type":"WebPage","@id":"https:\/\/kinesis.money\/es\/lecciones-en-video\/","url":"https:\/\/kinesis.money\/es\/lecciones-en-video\/","name":"Lecciones en Video | Kinesis Money","isPartOf":{"@id":"https:\/\/kinesis.money\/#website"},"datePublished":"2021-07-04T15:12:50+00:00","dateModified":"2024-04-10T21:21:35+00:00","description":"Descubre todo lo que te ofrece el Sistema Monetario Kinesis en nuestra serie de v\u00eddeos educativos, en los que se explican los conceptos de rendimiento, acu\u00f1aci\u00f3n y el oro digital.","breadcrumb":{"@id":"https:\/\/kinesis.money\/es\/lecciones-en-video\/#breadcrumb"},"inLanguage":"es","potentialAction":[{"@type":"ReadAction","target":["https:\/\/kinesis.money\/es\/lecciones-en-video\/"]}]},{"@type":"BreadcrumbList","@id":"https:\/\/kinesis.money\/es\/lecciones-en-video\/#breadcrumb","itemListElement":[{"@type":"ListItem","position":1,"name":"Home","item":"https:\/\/kinesis.money\/es\/"},{"@type":"ListItem","position":2,"name":"Lecciones en Video"}]},{"@type":"WebSite","@id":"https:\/\/kinesis.money\/#website","url":"https:\/\/kinesis.money\/","name":"Kinesis","description":"","potentialAction":[{"@type":"SearchAction","target":{"@type":"EntryPoint","urlTemplate":"https:\/\/kinesis.money\/?s={search_term_string}"},"query-input":{"@type":"PropertyValueSpecification","valueRequired":true,"valueName":"search_term_string"}}],"inLanguage":"es"}]}},"_links":{"self":[{"href":"https:\/\/kinesis.money\/es\/wp-json\/wp\/v2\/pages\/18980","targetHints":{"allow":["GET"]}}],"collection":[{"href":"https:\/\/kinesis.money\/es\/wp-json\/wp\/v2\/pages"}],"about":[{"href":"https:\/\/kinesis.money\/es\/wp-json\/wp\/v2\/types\/page"}],"author":[{"embeddable":true,"href":"https:\/\/kinesis.money\/es\/wp-json\/wp\/v2\/users\/1"}],"replies":[{"embeddable":true,"href":"https:\/\/kinesis.money\/es\/wp-json\/wp\/v2\/comments?post=18980"}],"version-history":[{"count":0,"href":"https:\/\/kinesis.money\/es\/wp-json\/wp\/v2\/pages\/18980\/revisions"}],"wp:attachment":[{"href":"https:\/\/kinesis.money\/es\/wp-json\/wp\/v2\/media?parent=18980"}],"curies":[{"name":"wp","href":"https:\/\/api.w.org\/{rel}","templated":true}]}}