{"id":23005,"date":"2021-06-17T10:57:31","date_gmt":"2021-06-17T10:57:31","guid":{"rendered":"https:\/\/kinesis.money\/de-uber-uns\/de-marken-ressourcen\/"},"modified":"2023-11-17T11:53:09","modified_gmt":"2023-11-17T11:53:09","slug":"marken-ressourcen","status":"publish","type":"page","link":"https:\/\/kinesis.money\/de\/uber-uns\/marken-ressourcen\/","title":{"rendered":"marken Ressourcen"},"content":{"rendered":"\t<section class=\"ktp-block ktp2_0-block\">\n\n\t\t<div class=\"hero-centered dark bg-brand-primary-midnight-500 text-center\">\n\n\n\t\t\t<div class=\"ktp-container\">\n\t\t\t\t<div class=\"ktp-grid py-16 md:pt-20 \">\n\n\t\t\t\t\t<div class=\"col-span-4 md:col-span-8 lg:col-start-3 xl:col-start-3\">\n\n\t\t\t\t\t\t\n\n\t\t\t\t\t\t\t\t\t\t\t\t\t<h1 class=\"mb-6 md neutral text-product-neutral-white\">\n\t\t\t\t\t\t\t\tMarken Ressourcen\n\t\t\t\t\t\t\t<\/h1>\n\t\t\t\t\t\t\n\t\t\t\t\t<\/div>\n\n\t\t\t\t\t<div class=\"col-span-4 md:col-span-8 lg:col-start-3 xl:col-span-6 xl:col-start-4\">\n\t\t\t\t\t\t\t\t\t\t\t\t\t<div class=\"text-brand-primary-midnight-90\">\n\t\t\t\t\t\t\t\t<div class=\"p-container body-md\">\n\t\t\t\t\t\t\t\t\t<p>Wenn Sie f\u00fcr Kinesis werben wollen, m\u00f6chten wir Ihnen helfen. Nachstehend finden Sie die Bausteine unserer Marke.<\/p>\n\t\t\t\t\t\t\t\t<\/div>\n\t\t\t\t\t\t\t<\/div>\n\t\t\t\t\t\t\t\t\t\t\t<\/div>\n\n\t\t\t\t\t\t\t\t\t\t\t\t\t\t\t\t\n\n\t\t\t\t<\/div>\n\t\t\t<\/div>\n\n\t\t\t<div class=\"flex justify-center relative \">\n\t\t\t\t\t\t\t\t<div class=\" md:max-w-3xl lg:max-w-7xl relative\">\n\t\t\t\t\t\t<picture>\n\t\t\t\t\t\t\t\t\t\t\t<\/picture>\n    \n\t\t\t\t<\/div>\n\t\t\t<\/div>\n\t\t<\/div>\n\n\t<\/section>\n\n\n\n\t\t\t<section class=\"ktp-block ktp2_0-block\" id=\"\">\n\n\t\t\t<div class=\"pt-16 pb-6 md:py-20 lg:pt-20 lg:pb-10 bg-brand-primary-midnight-10 \">\n\n\t\t\t\t\n\t\t\t\t<div class=\"ktp-container thin\">\n\t\t\t\t\t<div class=\"ktp-grid\">\n\t\t\t\t\t\t<div class=\"col-span-4 md:col-span-8 lg:col-span-10 lg:col-start-2 md:flex xl:flex-col gap-6 xl:gap-0\">\n\n\t\t\t\t\t\t\t\n\t\t\t\t\t\t\t\t\n\t\t\t\t\t\t\t\t<div class=\"tw-tile-container lg:min-h-[434px] flex items-center w-full md:w-1\/2 lg:w-full mb-10 md:mb-0 lg:mb-10 mx-auto\">\n\t\t\t\t\t\t\t\t\t<div class=\"h-full w-full\">\n\t\t\t\t\t\t\t\t\t\t<div class=\"round-lg overflow-hidden hover:shadows-large-1 transition-shadow duration-300 ease-in-out h-full bg-product-neutral-white text-brand-primary-midnight-325\">\n\t\t\t\t\t\t\t\t\t\t\t<div class=\"h-full flex justify-between flex-col-reverse lg:items-stretch xl:flex-row\">\n\t\t\t\t\t\t\t\t\t\t\t\t<div class=\"inline-block xl:flex xl:items-center text-center relative w-full xl:w-1\/2 xl:text-left\">\n\t\t\t\t\t\t\t\t\t\t\t\t\t<div class=\"pt-6 pb-8 px-6 xl:py-10 xl:pl-14 xl:pr-10\">\n\t\t\t\t\t\t\t\t\t\t\t\t\t\t\t\t\t\t\t\t\t\t\t\t\t\t\t\t\t\n\t\t\t\t\t\t\t\t\t\t\t\t\t\t\t\t\t\t\t\t\t\t\t\t\t\t\t\t\t\t\t\t\t\t\t\t\t\t\t\t\t\t\t<h2 class=\"md neutral mb-4 md:mb-6 text-brand-primary-midnight-500\">Leitlinien f\u00fcr die Marke<\/h2>\n\t\t\t\t\t\t\t\t\t\t\t\t\t\t\t\t\t\t\t\t\t\t\t\t\t\t\t\t<p class=\"body-md neutral\">In den Markenrichtlinien werden die allgemeinen Regeln f\u00fcr die Verwendung von Kinesis-Markenwerten und die Pr\u00e4sentation von Inhalten dargelegt.  Durch die konsequente Verwendung dieser Elemente wird der Bezug zu Kinesis leicht erkennbar.<\/p>\n\t\t\t\t\t\t\t\t\t\t\t\t\t\t\t\t\t\t\t\t\t\t\t\t\t\t\t\t\t<div class=\"mt-8 md:mt-10 flex justify-center xl:justify-start\">\n\t\t\t\t\t\t\t\t\t\t\t\t\t\t\t\t<div class=\"ktp-btns-group\"><div class=\"ktp-btns-group-inner -m-1 flex flex-wrap flex-col xl:flex-row\"><div class=\"p-1 justify-center md:justify-normal \">\t\n\t\n\t\t\t\t\n\t\t\t<a href=\"https:\/\/kinesis.money\/wp-content\/uploads\/2021\/07\/Kinesis_BrandGuidelines-1.zip\" class=\"ktp-btn btn  primary  inline-flex items-center items-center justify-center normal-case \" target=\"_blank\">\n\t\t\t<span>Herunterladen<\/span>\n\t\t<\/a>\n\t<\/div><\/div><\/div>\n\t\t\t\t\t\t\t\t\t\t\t\t\t\t\t<\/div>\n\t\t\t\t\t\t\t\t\t\t\t\t\t\t\t\t\t\t\t\t\t\t\t\t\t\t\t<\/div>\n\t\t\t\t\t\t\t\t\t\t\t\t<\/div>\n\t\t\t\t\t\t\t\t\t\t\t\t<div class=\"tw-tile-image min-h-[218px] inline-block w-full h-auto xl:w-1\/2 relative overflow-hidden\">\n\t\t\t\t\t\t\t\t\t\t\t\t\t\t\t\t<picture>\n\t\t<source srcset=\"https:\/\/kinesis.money\/wp-content\/uploads\/2023\/04\/Guidelines@2x.webp\" type=\"image\/webp\"  loading=\"lazy\">\n\t\t<img width=\"1012\" height=\"672\" src=\"https:\/\/kinesis.money\/wp-content\/uploads\/2023\/04\/Guidelines@2x.png\" alt=\"\"   loading=\"lazy\">\n\t<\/picture>\n\n\t\t\t\t\t\t\t\t\t\t\t\t<\/div>\n\t\t\t\t\t\t\t\t\t\t\t<\/div>\n\t\t\t\t\t\t\t\t\t\t<\/div>\n\t\t\t\t\t\t\t\t\t<\/div>\n\t\t\t\t\t\t\t\t<\/div>\n\n\t\t\t\t\t\t\t\n\t\t\t\t\t\t\t\t\n\t\t\t\t\t\t\t\t<div class=\"tw-tile-container lg:min-h-[434px] flex items-center w-full md:w-1\/2 lg:w-full mb-10 md:mb-0 lg:mb-10 mx-auto\">\n\t\t\t\t\t\t\t\t\t<div class=\"h-full w-full\">\n\t\t\t\t\t\t\t\t\t\t<div class=\"round-lg overflow-hidden hover:shadows-large-1 transition-shadow duration-300 ease-in-out h-full bg-product-neutral-white text-brand-primary-midnight-325\">\n\t\t\t\t\t\t\t\t\t\t\t<div class=\"h-full flex justify-between flex-col-reverse lg:items-stretch xl:flex-row\">\n\t\t\t\t\t\t\t\t\t\t\t\t<div class=\"inline-block xl:flex xl:items-center text-center relative w-full xl:w-1\/2 xl:text-left\">\n\t\t\t\t\t\t\t\t\t\t\t\t\t<div class=\"pt-6 pb-8 px-6 xl:py-10 xl:pl-14 xl:pr-10\">\n\t\t\t\t\t\t\t\t\t\t\t\t\t\t\t\t\t\t\t\t\t\t\t\t\t\t\t\t\t\n\t\t\t\t\t\t\t\t\t\t\t\t\t\t\t\t\t\t\t\t\t\t\t\t\t\t\t\t\t\t\t\t\t\t\t\t\t\t\t\t\t\t\t<h2 class=\"md neutral mb-4 md:mb-6 text-brand-primary-midnight-500\">Logos<\/h2>\n\t\t\t\t\t\t\t\t\t\t\t\t\t\t\t\t\t\t\t\t\t\t\t\t\t\t\t\t<p class=\"body-md neutral\">Sie k\u00f6nnen den Namen, das Logo und das Symbol von Kinesis gerne verwenden, solange Sie sich an die Richtlinien zur Verwendung von Logos und Symbolen halten.  Jeder, der unsere Inhalte nutzt, sollte nur die hier zu findenden Logos und Screenshots verwenden.<\/p>\n\t\t\t\t\t\t\t\t\t\t\t\t\t\t\t\t\t\t\t\t\t\t\t\t\t\t\t\t\t<div class=\"mt-8 md:mt-10 flex justify-center xl:justify-start\">\n\t\t\t\t\t\t\t\t\t\t\t\t\t\t\t\t<div class=\"ktp-btns-group\"><div class=\"ktp-btns-group-inner -m-1 flex flex-wrap flex-col xl:flex-row\"><div class=\"p-1 justify-center md:justify-normal \">\t\n\t\n\t\t\t\t\n\t\t\t<a href=\"https:\/\/kinesis.money\/wp-content\/uploads\/2021\/07\/Kinesis_Logos-1.zip\" class=\"ktp-btn btn  primary  inline-flex items-center items-center justify-center normal-case \" target=\"_blank\">\n\t\t\t<span>Herunterladen<\/span>\n\t\t<\/a>\n\t<\/div><\/div><\/div>\n\t\t\t\t\t\t\t\t\t\t\t\t\t\t\t<\/div>\n\t\t\t\t\t\t\t\t\t\t\t\t\t\t\t\t\t\t\t\t\t\t\t\t\t\t\t<\/div>\n\t\t\t\t\t\t\t\t\t\t\t\t<\/div>\n\t\t\t\t\t\t\t\t\t\t\t\t<div class=\"tw-tile-image min-h-[218px] inline-block w-full h-auto xl:w-1\/2 relative overflow-hidden\">\n\t\t\t\t\t\t\t\t\t\t\t\t\t\t\t\t<picture>\n\t\t<source srcset=\"https:\/\/kinesis.money\/wp-content\/uploads\/2023\/04\/Logos@2x.webp\" type=\"image\/webp\"  loading=\"lazy\">\n\t\t<img width=\"1012\" height=\"672\" src=\"https:\/\/kinesis.money\/wp-content\/uploads\/2023\/04\/Logos@2x.png\" alt=\"\"   loading=\"lazy\">\n\t<\/picture>\n\n\t\t\t\t\t\t\t\t\t\t\t\t<\/div>\n\t\t\t\t\t\t\t\t\t\t\t<\/div>\n\t\t\t\t\t\t\t\t\t\t<\/div>\n\t\t\t\t\t\t\t\t\t<\/div>\n\t\t\t\t\t\t\t\t<\/div>\n\n\t\t\t\t\t\t\t\t\t\t\t\t\t<\/div>\n\t\t\t\t\t<\/div>\n\t\t\t\t<\/div>\n\t\t\t<\/div>\n\t\t<\/section>\n\t\n\n\n\t\t\t<section class=\"ktp-block ktp2_0-block\">\n\t\t\t<div class=\"bg-brand-primary-midnight-10\">\n\t\t\t\t<div class=\"ktp-container\">\n\t\t\t\t\t<div class=\"ktp-grid\">\n\t\t\t\t\t\t<div class=\"col-span-4 md:col-span-8 lg:col-span-10 lg:col-start-2  pb-4\">\n\t\t\t\t\t\t\t<div class=\"p-container body-2xs neutral text-brand-primary-midnight-275 \">\n\t\t\t\t\t\t\t\t<p>Kinesis verwendet in seinen Anwendungen die Schriftart HarmonyOS Sans. Die Schriftart bleibt in \u00dcbereinstimmung mit der Lizenzvereinbarung unver\u00e4ndert und wird nicht weitergegeben. Copyright 2021 Huawei Device Co. Ltd. Lizenziert unter dem HarmonyOS Sans Fonts Lizenzvertrag.<\/p>\n\n\t\t\t\t\t\t\t<\/div>\n\t\t\t\t\t\t<\/div>\n\t\t\t\t\t<\/div>\n\t\t\t\t<\/div>\n\t\t\t<\/div>\n\t\t<\/section>\n\t","protected":false},"excerpt":{"rendered":"","protected":false},"author":5,"featured_media":0,"parent":103426,"menu_order":0,"comment_status":"closed","ping_status":"closed","template":"","meta":{"_acf_changed":false,"footnotes":""},"class_list":["post-23005","page","type-page","status-publish","hentry"],"acf":[],"yoast_head":"<!-- This site is optimized with the Yoast SEO Premium plugin v27.4 (Yoast SEO v27.5) - https:\/\/yoast.com\/product\/yoast-seo-premium-wordpress\/ -->\n<title>Markenrichtlinien, Logos und anderen verf\u00fcgbaren Ressourcen. | Kinesis f\u00f6rdern<\/title>\n<meta name=\"description\" content=\"Wir unterst\u00fctzen Sie bei der Werbung f\u00fcr Kinesis mit unseren Markenrichtlinien, Logos und anderen verf\u00fcgbaren Ressourcen. Heute noch ohne zus\u00e4tzliche Kosten herunterladen.\" \/>\n<meta name=\"robots\" content=\"index, follow, max-snippet:-1, max-image-preview:large, max-video-preview:-1\" \/>\n<meta property=\"og:locale\" content=\"de_DE\" \/>\n<meta property=\"og:type\" content=\"article\" \/>\n<meta property=\"og:title\" content=\"marken Ressourcen\" \/>\n<meta property=\"og:description\" content=\"Wir unterst\u00fctzen Sie bei der Werbung f\u00fcr Kinesis mit unseren Markenrichtlinien, Logos und anderen verf\u00fcgbaren Ressourcen. Heute noch ohne zus\u00e4tzliche Kosten herunterladen.\" \/>\n<meta property=\"og:url\" content=\"https:\/\/kinesis.money\/de\/uber-uns\/marken-ressourcen\/\" \/>\n<meta property=\"og:site_name\" content=\"Kinesis\" \/>\n<meta property=\"article:modified_time\" content=\"2023-11-17T11:53:09+00:00\" \/>\n<meta name=\"twitter:card\" content=\"summary_large_image\" \/>\n<meta name=\"twitter:description\" content=\"Wir unterst\u00fctzen Sie bei der Werbung f\u00fcr Kinesis mit unseren Markenrichtlinien, Logos und anderen verf\u00fcgbaren Ressourcen. Heute noch ohne zus\u00e4tzliche Kosten herunterladen.\" \/>\n<script type=\"application\/ld+json\" class=\"yoast-schema-graph\">{\"@context\":\"https:\\\/\\\/schema.org\",\"@graph\":[{\"@type\":\"WebPage\",\"@id\":\"https:\\\/\\\/kinesis.money\\\/de\\\/uber-uns\\\/marken-ressourcen\\\/\",\"url\":\"https:\\\/\\\/kinesis.money\\\/de\\\/uber-uns\\\/marken-ressourcen\\\/\",\"name\":\"Markenrichtlinien, Logos und anderen verf\u00fcgbaren Ressourcen. | Kinesis f\u00f6rdern\",\"isPartOf\":{\"@id\":\"https:\\\/\\\/kinesis.money\\\/#website\"},\"datePublished\":\"2021-06-17T10:57:31+00:00\",\"dateModified\":\"2023-11-17T11:53:09+00:00\",\"description\":\"Wir unterst\u00fctzen Sie bei der Werbung f\u00fcr Kinesis mit unseren Markenrichtlinien, Logos und anderen verf\u00fcgbaren Ressourcen. Heute noch ohne zus\u00e4tzliche Kosten herunterladen.\",\"breadcrumb\":{\"@id\":\"https:\\\/\\\/kinesis.money\\\/de\\\/uber-uns\\\/marken-ressourcen\\\/#breadcrumb\"},\"inLanguage\":\"de-DE\",\"potentialAction\":[{\"@type\":\"ReadAction\",\"target\":[\"https:\\\/\\\/kinesis.money\\\/de\\\/uber-uns\\\/marken-ressourcen\\\/\"]}]},{\"@type\":\"BreadcrumbList\",\"@id\":\"https:\\\/\\\/kinesis.money\\\/de\\\/uber-uns\\\/marken-ressourcen\\\/#breadcrumb\",\"itemListElement\":[{\"@type\":\"ListItem\",\"position\":1,\"name\":\"Home\",\"item\":\"https:\\\/\\\/kinesis.money\\\/de\\\/\"},{\"@type\":\"ListItem\",\"position\":2,\"name\":\"\u00dcber Uns\",\"item\":\"https:\\\/\\\/kinesis.money\\\/de\\\/uber-uns\\\/\"},{\"@type\":\"ListItem\",\"position\":3,\"name\":\"marken Ressourcen\"}]},{\"@type\":\"WebSite\",\"@id\":\"https:\\\/\\\/kinesis.money\\\/#website\",\"url\":\"https:\\\/\\\/kinesis.money\\\/\",\"name\":\"Kinesis\",\"description\":\"\",\"potentialAction\":[{\"@type\":\"SearchAction\",\"target\":{\"@type\":\"EntryPoint\",\"urlTemplate\":\"https:\\\/\\\/kinesis.money\\\/?s={search_term_string}\"},\"query-input\":{\"@type\":\"PropertyValueSpecification\",\"valueRequired\":true,\"valueName\":\"search_term_string\"}}],\"inLanguage\":\"de-DE\"}]}<\/script>\n<!-- \/ Yoast SEO Premium plugin. -->","yoast_head_json":{"title":"Markenrichtlinien, Logos und anderen verf\u00fcgbaren Ressourcen. | Kinesis f\u00f6rdern","description":"Wir unterst\u00fctzen Sie bei der Werbung f\u00fcr Kinesis mit unseren Markenrichtlinien, Logos und anderen verf\u00fcgbaren Ressourcen. Heute noch ohne zus\u00e4tzliche Kosten herunterladen.","robots":{"index":"index","follow":"follow","max-snippet":"max-snippet:-1","max-image-preview":"max-image-preview:large","max-video-preview":"max-video-preview:-1"},"og_locale":"de_DE","og_type":"article","og_title":"marken Ressourcen","og_description":"Wir unterst\u00fctzen Sie bei der Werbung f\u00fcr Kinesis mit unseren Markenrichtlinien, Logos und anderen verf\u00fcgbaren Ressourcen. Heute noch ohne zus\u00e4tzliche Kosten herunterladen.","og_url":"https:\/\/kinesis.money\/de\/uber-uns\/marken-ressourcen\/","og_site_name":"Kinesis","article_modified_time":"2023-11-17T11:53:09+00:00","twitter_card":"summary_large_image","twitter_description":"Wir unterst\u00fctzen Sie bei der Werbung f\u00fcr Kinesis mit unseren Markenrichtlinien, Logos und anderen verf\u00fcgbaren Ressourcen. Heute noch ohne zus\u00e4tzliche Kosten herunterladen.","schema":{"@context":"https:\/\/schema.org","@graph":[{"@type":"WebPage","@id":"https:\/\/kinesis.money\/de\/uber-uns\/marken-ressourcen\/","url":"https:\/\/kinesis.money\/de\/uber-uns\/marken-ressourcen\/","name":"Markenrichtlinien, Logos und anderen verf\u00fcgbaren Ressourcen. | Kinesis f\u00f6rdern","isPartOf":{"@id":"https:\/\/kinesis.money\/#website"},"datePublished":"2021-06-17T10:57:31+00:00","dateModified":"2023-11-17T11:53:09+00:00","description":"Wir unterst\u00fctzen Sie bei der Werbung f\u00fcr Kinesis mit unseren Markenrichtlinien, Logos und anderen verf\u00fcgbaren Ressourcen. Heute noch ohne zus\u00e4tzliche Kosten herunterladen.","breadcrumb":{"@id":"https:\/\/kinesis.money\/de\/uber-uns\/marken-ressourcen\/#breadcrumb"},"inLanguage":"de-DE","potentialAction":[{"@type":"ReadAction","target":["https:\/\/kinesis.money\/de\/uber-uns\/marken-ressourcen\/"]}]},{"@type":"BreadcrumbList","@id":"https:\/\/kinesis.money\/de\/uber-uns\/marken-ressourcen\/#breadcrumb","itemListElement":[{"@type":"ListItem","position":1,"name":"Home","item":"https:\/\/kinesis.money\/de\/"},{"@type":"ListItem","position":2,"name":"\u00dcber Uns","item":"https:\/\/kinesis.money\/de\/uber-uns\/"},{"@type":"ListItem","position":3,"name":"marken Ressourcen"}]},{"@type":"WebSite","@id":"https:\/\/kinesis.money\/#website","url":"https:\/\/kinesis.money\/","name":"Kinesis","description":"","potentialAction":[{"@type":"SearchAction","target":{"@type":"EntryPoint","urlTemplate":"https:\/\/kinesis.money\/?s={search_term_string}"},"query-input":{"@type":"PropertyValueSpecification","valueRequired":true,"valueName":"search_term_string"}}],"inLanguage":"de-DE"}]}},"_links":{"self":[{"href":"https:\/\/kinesis.money\/de\/wp-json\/wp\/v2\/pages\/23005","targetHints":{"allow":["GET"]}}],"collection":[{"href":"https:\/\/kinesis.money\/de\/wp-json\/wp\/v2\/pages"}],"about":[{"href":"https:\/\/kinesis.money\/de\/wp-json\/wp\/v2\/types\/page"}],"author":[{"embeddable":true,"href":"https:\/\/kinesis.money\/de\/wp-json\/wp\/v2\/users\/5"}],"replies":[{"embeddable":true,"href":"https:\/\/kinesis.money\/de\/wp-json\/wp\/v2\/comments?post=23005"}],"version-history":[{"count":0,"href":"https:\/\/kinesis.money\/de\/wp-json\/wp\/v2\/pages\/23005\/revisions"}],"up":[{"embeddable":true,"href":"https:\/\/kinesis.money\/de\/wp-json\/wp\/v2\/pages\/103426"}],"wp:attachment":[{"href":"https:\/\/kinesis.money\/de\/wp-json\/wp\/v2\/media?parent=23005"}],"curies":[{"name":"wp","href":"https:\/\/api.w.org\/{rel}","templated":true}]}}