{"id":22766,"date":"2021-06-17T10:57:27","date_gmt":"2021-06-17T10:57:27","guid":{"rendered":"https:\/\/kinesis.money\/de-uber-uns\/kontakt\/"},"modified":"2025-08-14T16:00:31","modified_gmt":"2025-08-14T16:00:31","slug":"kontakt","status":"publish","type":"page","link":"https:\/\/kinesis.money\/de\/uber-uns\/kontakt\/","title":{"rendered":"Kontakt"},"content":{"rendered":"\t<section class=\"ktp-block ktp2_0-block\">\n\n\t\t<div class=\"hero-centered dark bg-brand-primary-midnight-500 text-center\">\n\n\n\t\t\t<div class=\"ktp-container\">\n\t\t\t\t<div class=\"ktp-grid py-16 md:pt-20 \">\n\n\t\t\t\t\t<div class=\"col-span-4 md:col-span-8 lg:col-start-3 xl:col-start-3\">\n\n\t\t\t\t\t\t\n\n\t\t\t\t\t\t\t\t\t\t\t\t\t<h1 class=\"mb-6 md neutral text-product-neutral-white\">\n\t\t\t\t\t\t\t\tKontakt\n\t\t\t\t\t\t\t<\/h1>\n\t\t\t\t\t\t\n\t\t\t\t\t<\/div>\n\n\t\t\t\t\t<div class=\"col-span-4 md:col-span-8 lg:col-start-3 xl:col-span-6 xl:col-start-4\">\n\t\t\t\t\t\t\t\t\t\t\t\t\t<div class=\"text-brand-primary-midnight-90\">\n\t\t\t\t\t\t\t\t<div class=\"p-container body-md\">\n\t\t\t\t\t\t\t\t\t<p>Wenn Sie sich mit einem Mitglied des Kinesis-Teams in Verbindung setzen m\u00f6chten, f\u00fcllen Sie bitte das untenstehende Formular aus. Wir werden uns in K\u00fcrze bei Ihnen melden.<\/p>\n\t\t\t\t\t\t\t\t<\/div>\n\t\t\t\t\t\t\t<\/div>\n\t\t\t\t\t\t\t\t\t\t\t<\/div>\n\n\t\t\t\t\t\t\t\t\t\t\t\t\t\t\t\t\n\n\t\t\t\t<\/div>\n\t\t\t<\/div>\n\n\t\t\t<div class=\"flex justify-center relative \">\n\t\t\t\t\t\t\t\t<div class=\" md:max-w-3xl lg:max-w-7xl relative\">\n\t\t\t\t\t\t<picture>\n\t\t\t\t\t\t\t\t\t\t\t<\/picture>\n    \n\t\t\t\t<\/div>\n\t\t\t<\/div>\n\t\t<\/div>\n\n\t<\/section>\n\n\n<div class=\"ktp-block ktp2_0-block\">\n\t<div class=\"overflow-hidden  h-full\">\n\t\t<div class=\"ktp-container\">\n\n\t\t\t<div class=\"py-16 md:py-20\">\n\t\t\t\t<div class=\"content-blocks ktp-grid\">\n\t\t\t\t\t\n<div class=\"w-full lg:order-none md:order-none order-none lg:col-start-2   lg:col-span-4 md:col-span-8 col-span-4 lg:block md:block block\">\n\n\t\n\t<div class=\"ktp-block ktp2_0-block form-container\">\n\t\t<div class=\"ktp-container lg:max-w-[400px] form-wrapper\">\n\t\t\t<div class=\"ktp-grid grid-px-0\">\n\t\t\t\t<div class=\"col-span-4 md:col-span-8 lg:col-span-12\">\n\t\t\t\t\t<div class=\"ajax-message-error hidden\"><\/div>\n\t\t\t\t\t<form action=\"javascript:void(0);\" method=\"POST\" id=\"contact-form\" class=\"mb-10 md:mb-14 global-form\">\n\t\t\t\t\t\t<input type=\"hidden\" class=\"form-hidden\"\/>\n\t\t\t\t\t\t<div class=\"flex flex-col\">\n\n\t\t\t\t\t\t\t<div class=\"top-half flex-col flex md:flex-col\">\n\n\t\t\t\t\t\t\t\t<div class=\"flex flex-col md:flex-row \">\n\n\t\t\t\t\t\t\t\t\t<div class=\"w-full md:w-1\/2  md:mr-6 form_field_wrapper relative\">\n\n\t\t\t\t\t\t\t\t\t\t<input type=\"text\"  class=\"peer placeholder-transparent caret-brand-secondary-azure-500 w-full flex items-center body-sm\" required name=\"first-name\" id=\"first-name\" placeholder=\"\" autocomplete=\"first-name\">\n\t\t\t\t\t\t\t\t\t\t<label for=\"first-name\" class=\"floating-label w-full inline-flex body-sm neutral\">\n\t\t\t\t\t\t\t\t\t\t\tVorname\n\t\t\t\t\t\t\t\t\t\t<\/label>\n\n\t\t\t\t\t\t\t\t\t<\/div>\n\n\t\t\t\t\t\t\t\t\t<div class=\"w-full md:w-1\/2 form_field_wrapper relative\">\n\n\t\t\t\t\t\t\t\t\t\t\n\n\t\t\t\t\t\t\t\t\t\t<input type=\"text\" class=\"peer placeholder-transparent caret-brand-secondary-azure-500 w-full flex items-center body-sm\" required name=\"last-name\" placeholder=\"\" id=\"last-name\">\n\t\t\t\t\t\t\t\t\t\t<label for=\"last-name\" class=\"floating-label w-full inline-flex body-sm neutral\">\n\t\t\t\t\t\t\t\t\t\t\tNachname\n\t\t\t\t\t\t\t\t\t\t<\/label>\n\n\t\t\t\t\t\t\t\t\t<\/div>\n\n\t\t\t\t\t\t\t\t<\/div>\n\n\t\t\t\t\t\t\t\t<div class=\" form_field_wrapper relative\">\n\t\t\t\t\t\t\t\t\t<input type=\"email\" class=\"peer placeholder-transparent caret-brand-secondary-azure-500 w-full flex items-center body-sm\" required name=\"email-address\" placeholder=\"\" id=\"email-address\">\n\n\t\t\t\t\t\t\t\t\t<label for=\"email-address\" class=\"floating-label w-full inline-flex body-sm neutral\">\n\t\t\t\t\t\t\t\t\t\tE-Mail-Adresse\n\t\t\t\t\t\t\t\t\t<\/label>\n\n\t\t\t\t\t\t\t\t\t\n\n\t\t\t\t\t\t\t\t<\/div>\n\n\t\t\t\t\t\t\t<\/div>\n\t\t\t\t\t\t\t<div class=\"form_field_wrapper form_field_textarea_wrapper relative\">\n\t\t\t\t\t\t\t\t\n\t\t\t\t\t\t\t\t<textarea name=\"message\" id=\"message\" placeholder=\"\" cols=\"30\" class=\"w-full flex items-center peer placeholder-transparent caret-brand-secondary-azure-500 \" required><\/textarea>\n\t\t\t\t\t\t\t\t<label for=\"message\" class=\"floating-label w-full inline-flex body-sm neutral\">Nachricht<\/label>\n\t\t\t\t\t\t\t<\/div>\n\n\t\t\t\t\t\t<\/div>\n\n\t\t\t\t\t\t<div class=\"w-full form_field_wrapper form_field_wrapper_button submit_button_wrapper submit_button_rounded_wrapper flex  justify-start relative inputfield \">\n\t\t\t\t\t\t\t\n\t\t\t\t\t\t\t\t\t<input type=\"hidden\" name=\"currenturl\" value=\"https:\/\/kinesis.money\/de\/wp-json\/wp\/v2\/pages\/22766\/\">\n\t\t\t\t\t\t\t\t\n\n\t\t\t\t\t\t\t\t<button type=\"submit\" name=\"submit\" class=\"w-fit button-primary-base btn-submit ktp-btn cursor-pointer lg\">\n\t\t\t\t\t\t\t\t\n\t\t\t\t\t\t\t\t\t\t<span class=\"px-2\">Senden<\/span>\n\t\t\t\t\t\t\t\t<\/button>\n\n\t\t\t\t\t\t\t\t<!--Google Recaptcha -->\n\t\t\t\t\t\t\t\t<input type=\"hidden\" name=\"g-recaptcha-response\" id=\"g-recaptcha-response\">\n\t\t\t\t\t\t\t\t\n\t\t\t\t\t\t\t<\/div>\n\t\t\t\t\t\t\t<div class=\"form_field_wrapper form_field_wrapper_button submit_button_wrapper submit_button_rounded_wrapper flex justify-start relative  btnloaderfield hidden px-3 xl:px-2 \">\n\n\t\t\t\t\t\t\t<button disabled=\"\" type=\"button\" class=\"w-fit button-primary-base btn-rounded btn-submit ktp-btn pointer-events-none relative\">\n\t\t\t\t\t\t\t\t<span class=\"invisible\">Senden<\/span>\n\t\t\t\t\t\t\t\t<div class=\"loaderbtn absolute inset-0 flex items-center justify-center\">\t\t\t\t\n\t\t\t\t\t\t\t\t\t<span class=\"animate-ping absolute h-5 w-5 rounded-full bg-white opacity-40\"><\/span>\t\t\t\t\n\t\t\t\t\t\t\t\t\t<span class=\"relative h-4 w-4 rounded-full bg-white opacity-40\"><\/span>\n\t\t\t\t\t\t\t\t<\/div>\n\t\t\t\t\t\t\t\t\n\t\t\t\t\t\t\t<\/button>\n\t\t\t\t\t<\/div>\n\n\t\t\t\t\t<\/form>\n\t\t\t\t\t<script src=\"https:\/\/www.google.com\/recaptcha\/api.js?render=6LdAUiwdAAAAACm4MSXk_XLE20oyf5ZidjqU9egd\"><\/script>\n\t\t\t\t\t<script>\n\t\t\t\t\t\tgrecaptcha.ready(function () {\ngrecaptcha.execute('6LdAUiwdAAAAACm4MSXk_XLE20oyf5ZidjqU9egd', {action: 'submit'}).then(function (token) {\ndocument.getElementById('g-recaptcha-response').value = token;\n});\n});\n\t\t\t\t\t<\/script>\n\t\t\t\t<\/div>\n\t\t\t<\/div>\n\t\t<\/div>\n\t<\/div>\n\n\t<script type=\"text\/javascript\">\n\t\twindow.validateMessageSettings = {\n'first-name': 'Dieses Feld ist erforderlich',\n'last-name': 'Dieses Feld ist erforderlich',\n'email-address': {\nrequired: 'Dieses Feld ist erforderlich',\nemail: \"Bitte geben Sie eine g\u00fcltige E-Mail Adresse ein.\"\n},\nmessage: 'Dieses Feld ist erforderlich'\n};\n\t<\/script>\n\n\n\n<\/div>\n\n\n<div class=\"w-full lg:order-none md:order-none order-none lg:col-start-8   lg:col-span-4 md:col-span-8 col-span-4 lg:block md:block block\">\n\n\t\n\t\t\t<div class=\"ktp-block ktp2_0-block\">\n\t\t\t<div class=\"ktp-container lg:max-w-[620px]\">\n\t\t\t\t<div class=\"ktp-grid sm:gap-x-6 lg:gap-x-10 gap-y-6 sm:gap-y-10 grid-px-0\">\n\n\n\t\t\t\t\t\t\t\t\t\t\t<div class=\"col-span-4 lg:col-span-6\">\n\t\t\t\t\t\t\t<div>\n\t\t\t\t\t\t\t\t<h2 class=\"sm neutral  text-brand-primary-midnight-500\">London<\/h2>\n\t\t\t\t\t\t\t\t\t\t\t\t\t\t\t\t\t<div class=\"p-container body-md  text-brand-primary-midnight-325 pt-6\">\n\t\t\t\t\t\t\t\t\t\t<p>27 Old Gloucester Road<br \/>\nLondon<br \/>\nUnited Kingdom<br \/>\nWC1N 3AX<\/p>\n\n\t\t\t\t\t\t\t\t\t<\/div>\n\t\t\t\t\t\t\t\t\t\t\t\t\t\t\t<\/div>\n\t\t\t\t\t\t<\/div>\n\t\t\t\t\t\t\t\t\t\t\t<div class=\"col-span-4 lg:col-span-6\">\n\t\t\t\t\t\t\t<div>\n\t\t\t\t\t\t\t\t<h2 class=\"sm neutral  text-brand-primary-midnight-500\">Brisbane<\/h2>\n\t\t\t\t\t\t\t\t\t\t\t\t\t\t\t\t\t<div class=\"p-container body-md  text-brand-primary-midnight-325 pt-6\">\n\t\t\t\t\t\t\t\t\t\t<p>Level 18<br \/>\n270 Adelaide Street<br \/>\nBrisbane City<br \/>\nAustralia<br \/>\nQLD 4000<\/p>\n\n\t\t\t\t\t\t\t\t\t<\/div>\n\t\t\t\t\t\t\t\t\t\t\t\t\t\t\t<\/div>\n\t\t\t\t\t\t<\/div>\n\t\t\t\t\t\t\t\t\t\t\t<div class=\"col-span-4 lg:col-span-6\">\n\t\t\t\t\t\t\t<div>\n\t\t\t\t\t\t\t\t<h2 class=\"sm neutral  text-brand-primary-midnight-500\">Istanbul<\/h2>\n\t\t\t\t\t\t\t\t\t\t\t\t\t\t\t\t\t<div class=\"p-container body-md  text-brand-primary-midnight-325 pt-6\">\n\t\t\t\t\t\t\t\t\t\t<p>Vizyon Park Plaza 3<br \/>\nNo. 32, 3rd Floor<br \/>\nBah\u00e7elievler, Istanbul<br \/>\nTurkey<\/p>\n\n\t\t\t\t\t\t\t\t\t<\/div>\n\t\t\t\t\t\t\t\t\t\t\t\t\t\t\t<\/div>\n\t\t\t\t\t\t<\/div>\n\t\t\t\t\t\t\t\t\t\t\t<div class=\"col-span-4 lg:col-span-6\">\n\t\t\t\t\t\t\t<div>\n\t\t\t\t\t\t\t\t<h2 class=\"sm neutral  text-brand-primary-midnight-500\">Gro\u00df-Kaiman<\/h2>\n\t\t\t\t\t\t\t\t\t\t\t\t\t\t\t\t\t<div class=\"p-container body-md  text-brand-primary-midnight-325 pt-6\">\n\t\t\t\t\t\t\t\t\t\t<p>PO Box 2510<br \/>\nKensington House<br \/>\n69 Dr. Roy\u2019s Drive<br \/>\nKaimaninseln<br \/>\nKY1-1104<\/p>\n\n\t\t\t\t\t\t\t\t\t<\/div>\n\t\t\t\t\t\t\t\t\t\t\t\t\t\t\t<\/div>\n\t\t\t\t\t\t<\/div>\n\t\t\t\t\t\n\n\t\t\t\t<\/div>\n\t\t\t<\/div>\n\t\t<\/div>\n\t\n\n\n<\/div>\n\n\n\t\t\t\t<\/div>\n\t\t\t<\/div>\n\t\t<\/div>\n\t<\/div>\n<\/div>\n\n\n\t\n\n\t\t<section class=\"ktp-block ktp2_0-block\" id=\"nehmen-sie-kontakt-auf\">\n\n\t\t\t<div class=\"py-16 md:py-20 bg-brand-primary-midnight-10 \">\n\n\t\t\t\t<div class=\"ktp-container\">\n\n\t\t\t\t\t<div class=\"ktp-grid mb-10 md:mb-14\">\n\n\t\t\t\t\t\t<div class=\"col-span-4 md:col-span-8 lg:col-start-3 text-center\">\n\t\t\t\t\t\t\t<h2 class=\"xl neutral text-brand-primary-midnight-500\">Nehmen Sie Kontakt auf.<\/h2>\n\t\t\t\t\t\t<\/div>\n\n\t\t\t\t\t\t<div class=\"col-span-4 md:col-span-8 xl:col-span-6 lg:col-start-3 xl:col-start-4\">\n\t\t\t\t\t\t\t\t\t\t\t\t\t<\/div>\n\n\t\t\t\t\t<\/div>\n\n\t\t\t\t\t<div>\n\t\t\t\t\t\t<div>\n\t\t\t\t\t\t\t<div class=\"perks-icon-cards-slider px-4 md:px-5 lg:px-9 flex flex-wrap lg:gap-6 lg:ktp-grid justify-center \">\n\t\t\t\t\t\t\t\t\n\t\t\t\t\t\t\t\t\t\n\t\t\t\t\t\t\t\t\t<div class=\"w-full h-full lg:h-auto md:px-3 lg:px-0 lg:col-span-4 \">\n\t\t\t\t\t\t\t\t\t\t\n\t\t\t\t\t\t\t\t\t\t\t<a class=\"h-full\" href=\"https:\/\/v2.zopim.com\/widget\/popout.html?key=nywEMMKwyZsKyJsgZr3NtQK7lL6c1Wga\" target=\"_blank\">\n\n\t\t\t\t\t\t\t\t\t\t\t\n\n\t\t\t\t\t\t\t\t\t\t\t<div class=\"h-full flex flex-col justify-between round-xs md:hover:shadows-medium-2 transition duration-300 ease-in-out has-link pt-10 pb-8 px-6 sm:py-12 text-center items-center bg-product-neutral-white\">\n\t\t\t\t\t\t\t\t\t\t\t\t<div class=\"flex flex-col text-center items-center\">\n\t\t\t\t\t\t\t\t\t\t\t\t\t<div class=\"mb-8 sm:mb-10 \">\n\t\t\t\t\t\t\t\t\t\t\t\t\t\t\t\t\t<picture>\n\t\t<source srcset=\"https:\/\/kinesis.money\/wp-content\/uploads\/2023\/04\/CatchUp.svg\" type=\"image\/webp\"  loading=\"lazy\">\n\t\t<img width=\"64\" height=\"64\" src=\"https:\/\/kinesis.money\/wp-content\/uploads\/2023\/04\/CatchUp.svg\" alt=\"\"   loading=\"lazy\">\n\t<\/picture>\n\n\t\t\t\t\t\t\t\t\t\t\t\t\t<\/div>\n\t\t\t\t\t\t\t\t\t\t\t\t\t<div class=\"mb-2 md:mb-4\">\n\t\t\t\t\t\t\t\t\t\t\t\t\t\t<h3 class=\"sm neutral text-brand-primary-midnight-500\">Live chat<\/h3>\n\t\t\t\t\t\t\t\t\t\t\t\t\t<\/div>\n\t\t\t\t\t\t\t\t\t\t\t\t\t<div class=\"p-container body-md neutral text-brand-primary-midnight-325\">\n\t\t\t\t\t\t\t\t\t\t\t\t\t\t<p>Unser engagiertes internationales Support-Team steht Ihnen rund um die Uhr zur Verf\u00fcgung.<\/p>\n\n\t\t\t\t\t\t\t\t\t\t\t\t\t<\/div>\n\t\t\t\t\t\t\t\t\t\t\t\t<\/div>\n\t\t\t\t\t\t\t\t\t\t\t\t\t\t\t\t\t\t\t\t\t\t\t\t\t<div class=\"mt-4\">\n\t\t\t\t\t\t\t\t\t\t\t\t\t\t\t\n\t\n\t\t\t\t\n\t\t\t<span class=\"ktp-btn btn  tertiary  inline-flex items-center normal-case \">\n\t\t\t<span>Sprechen Sie mit uns<\/span> <i class=\"icon icon-arrow-right text-xs icon-right\"><svg class=\"\" ><use xlink:href=\"https:\/\/kinesis.money\/wp-content\/plugins\/kinesis-marketing-tailwind-blocks_2.0\/assets\/fonts\/icons.svg?v=1.1.4#icon-arrow-right\"><\/use><\/svg><\/i>\n\t\t<\/span>\n\t\n\t\t\t\t\t\t\t\t\t\t\t\t\t<\/div>\n\t\t\t\t\t\t\t\t\t\t\t\t\t\t\t\t\t\t\t\t\t\t\t<\/div>\n\n\n\t\t\t\t\t\t\t\t\t\t\t\t\t\t\t\t\t\t\t\t\t\t<\/a>\n\n\t\t\t\t\t\t\t\t\t\t\t\t\t\t\t\t\t\t\t<\/div>\n\t\t\t\t\t\t\t\t\n\t\t\t\t\t\t\t\t\t\n\t\t\t\t\t\t\t\t\t<div class=\"w-full h-full lg:h-auto md:px-3 lg:px-0 lg:col-span-4 \">\n\t\t\t\t\t\t\t\t\t\t\n\n\t\t\t\t\t\t\t\t\t\t\t<div class=\"h-full flex flex-col justify-between round-xs md:hover:shadows-medium-2 transition duration-300 ease-in-out  pt-10 pb-8 px-6 sm:py-12 text-center items-center bg-product-neutral-white\">\n\t\t\t\t\t\t\t\t\t\t\t\t<div class=\"flex flex-col text-center items-center\">\n\t\t\t\t\t\t\t\t\t\t\t\t\t<div class=\"mb-8 sm:mb-10 \">\n\t\t\t\t\t\t\t\t\t\t\t\t\t\t\t\t\t<picture>\n\t\t<source srcset=\"https:\/\/kinesis.money\/wp-content\/uploads\/2023\/04\/Contacts.svg\" type=\"image\/webp\"  loading=\"lazy\">\n\t\t<img width=\"64\" height=\"64\" src=\"https:\/\/kinesis.money\/wp-content\/uploads\/2023\/04\/Contacts.svg\" alt=\"\"   loading=\"lazy\">\n\t<\/picture>\n\n\t\t\t\t\t\t\t\t\t\t\t\t\t<\/div>\n\t\t\t\t\t\t\t\t\t\t\t\t\t<div class=\"mb-2 md:mb-4\">\n\t\t\t\t\t\t\t\t\t\t\t\t\t\t<h3 class=\"sm neutral text-brand-primary-midnight-500\">Anrufen<\/h3>\n\t\t\t\t\t\t\t\t\t\t\t\t\t<\/div>\n\t\t\t\t\t\t\t\t\t\t\t\t\t<div class=\"p-container body-md neutral text-brand-primary-midnight-325\">\n\t\t\t\t\t\t\t\t\t\t\t\t\t\t<p><span style=\"font-weight: 400;\">Allgemeiner Support: <a href=\"tel:+44%2020%203150%200385\">+44 20 3150 0385<\/a><\/span><\/p>\n\n\t\t\t\t\t\t\t\t\t\t\t\t\t<\/div>\n\t\t\t\t\t\t\t\t\t\t\t\t<\/div>\n\t\t\t\t\t\t\t\t\t\t\t\t\t\t\t\t\t\t\t\t\t\t\t\t\t<div class=\"mt-4\">\n\t\t\t\t\t\t\t\t\t\t\t\t\t\t\n\t\t\t\t\t\t\t\t\t\t\t\t\t<\/div>\n\t\t\t\t\t\t\t\t\t\t\t\t\t\t\t\t\t\t\t\t\t\t\t<\/div>\n\n\n\t\t\t\t\t\t\t\t\t\t\t\t\t\t\t\t\t\t\t\t<\/div>\n\t\t\t\t\t\t\t\t\n\t\t\t\t\t\t\t\t\t\n\t\t\t\t\t\t\t\t\t<div class=\"w-full h-full lg:h-auto md:px-3 lg:px-0 lg:col-span-4 \">\n\t\t\t\t\t\t\t\t\t\t\n\n\t\t\t\t\t\t\t\t\t\t\t<div class=\"h-full flex flex-col justify-between round-xs md:hover:shadows-medium-2 transition duration-300 ease-in-out  pt-10 pb-8 px-6 sm:py-12 text-center items-center bg-product-neutral-white\">\n\t\t\t\t\t\t\t\t\t\t\t\t<div class=\"flex flex-col text-center items-center\">\n\t\t\t\t\t\t\t\t\t\t\t\t\t<div class=\"mb-8 sm:mb-10 \">\n\t\t\t\t\t\t\t\t\t\t\t\t\t\t\t\t\t<picture>\n\t\t<source srcset=\"https:\/\/kinesis.money\/wp-content\/uploads\/2023\/04\/EnvelopeHeart.svg\" type=\"image\/webp\"  loading=\"lazy\">\n\t\t<img width=\"64\" height=\"64\" src=\"https:\/\/kinesis.money\/wp-content\/uploads\/2023\/04\/EnvelopeHeart.svg\" alt=\"\"   loading=\"lazy\">\n\t<\/picture>\n\n\t\t\t\t\t\t\t\t\t\t\t\t\t<\/div>\n\t\t\t\t\t\t\t\t\t\t\t\t\t<div class=\"mb-2 md:mb-4\">\n\t\t\t\t\t\t\t\t\t\t\t\t\t\t<h3 class=\"sm neutral text-brand-primary-midnight-500\">E-Mail<\/h3>\n\t\t\t\t\t\t\t\t\t\t\t\t\t<\/div>\n\t\t\t\t\t\t\t\t\t\t\t\t\t<div class=\"p-container body-md neutral text-brand-primary-midnight-325\">\n\t\t\t\t\t\t\t\t\t\t\t\t\t\t<p>Allgemein: <a href=\"mailto:support@kinesis.money\">support@kinesis.money<\/a><br \/>\nVerkauf: <a href=\"mailto:sales@kinesis.money\">sales@kinesis.money<\/a><\/p>\n\n\t\t\t\t\t\t\t\t\t\t\t\t\t<\/div>\n\t\t\t\t\t\t\t\t\t\t\t\t<\/div>\n\t\t\t\t\t\t\t\t\t\t\t\t\t\t\t\t\t\t\t\t\t\t\t\t\t<div class=\"mt-4\">\n\t\t\t\t\t\t\t\t\t\t\t\t\t\t\n\t\t\t\t\t\t\t\t\t\t\t\t\t<\/div>\n\t\t\t\t\t\t\t\t\t\t\t\t\t\t\t\t\t\t\t\t\t\t\t<\/div>\n\n\n\t\t\t\t\t\t\t\t\t\t\t\t\t\t\t\t\t\t\t\t<\/div>\n\t\t\t\t\t\t\t\t\t\t\t\t\t\t\t<\/div>\n\t\t\t\t\t\t<\/div>\n\n\t\t\t\t\t\t\n\t\t\t\t\t<\/div>\n\t\t\t\t<\/div>\n\t\t\t<\/div>\n\t\t<\/section>\n\t","protected":false},"excerpt":{"rendered":"","protected":false},"author":5,"featured_media":0,"parent":103426,"menu_order":0,"comment_status":"closed","ping_status":"closed","template":"","meta":{"_acf_changed":true,"footnotes":""},"class_list":["post-22766","page","type-page","status-publish","hentry"],"acf":[],"yoast_head":"<!-- This site is optimized with the Yoast SEO Premium plugin v27.4 (Yoast SEO v27.5) - https:\/\/yoast.com\/product\/yoast-seo-premium-wordpress\/ -->\n<title>24\/7 Online-Unterst\u00fctzung - Live-Chat, Telefon oder E-Mail | Kinesis<\/title>\n<meta name=\"description\" content=\"Das engagierte Kinesis-Supportteam steht Ihnen bei allen Fragen zur Verf\u00fcgung. Kontaktieren Sie uns per E-Mail, Live-Chat oder rufen Sie uns an\" \/>\n<meta name=\"robots\" content=\"index, follow, max-snippet:-1, max-image-preview:large, max-video-preview:-1\" \/>\n<meta property=\"og:locale\" content=\"de_DE\" \/>\n<meta property=\"og:type\" content=\"article\" \/>\n<meta property=\"og:title\" content=\"24\/7 Online-Unterst\u00fctzung - Live-Chat, Telefon oder E-Mail | Kinesis\" \/>\n<meta property=\"og:description\" content=\"Das engagierte Kinesis-Supportteam steht Ihnen bei allen Fragen zur Verf\u00fcgung. Kontaktieren Sie uns per E-Mail, Live-Chat oder rufen Sie uns an\" \/>\n<meta property=\"og:url\" content=\"https:\/\/kinesis.money\/de\/uber-uns\/kontakt\/\" \/>\n<meta property=\"og:site_name\" content=\"Kinesis\" \/>\n<meta property=\"article:modified_time\" content=\"2025-08-14T16:00:31+00:00\" \/>\n<meta name=\"twitter:card\" content=\"summary_large_image\" \/>\n<meta name=\"twitter:title\" content=\"24\/7 Online-Unterst\u00fctzung - Live-Chat, Telefon oder E-Mail | Kinesis\" \/>\n<meta name=\"twitter:description\" content=\"Das engagierte Kinesis-Supportteam steht Ihnen bei allen Fragen zur Verf\u00fcgung. Kontaktieren Sie uns per E-Mail, Live-Chat oder rufen Sie uns an\" \/>\n<meta name=\"twitter:label1\" content=\"Gesch\u00e4tzte Lesezeit\" \/>\n\t<meta name=\"twitter:data1\" content=\"2 Minuten\" \/>\n<script type=\"application\/ld+json\" class=\"yoast-schema-graph\">{\"@context\":\"https:\\\/\\\/schema.org\",\"@graph\":[{\"@type\":\"WebPage\",\"@id\":\"https:\\\/\\\/kinesis.money\\\/de\\\/uber-uns\\\/kontakt\\\/\",\"url\":\"https:\\\/\\\/kinesis.money\\\/de\\\/uber-uns\\\/kontakt\\\/\",\"name\":\"24\\\/7 Online-Unterst\u00fctzung - Live-Chat, Telefon oder E-Mail | Kinesis\",\"isPartOf\":{\"@id\":\"https:\\\/\\\/kinesis.money\\\/#website\"},\"datePublished\":\"2021-06-17T10:57:27+00:00\",\"dateModified\":\"2025-08-14T16:00:31+00:00\",\"description\":\"Das engagierte Kinesis-Supportteam steht Ihnen bei allen Fragen zur Verf\u00fcgung. Kontaktieren Sie uns per E-Mail, Live-Chat oder rufen Sie uns an\",\"breadcrumb\":{\"@id\":\"https:\\\/\\\/kinesis.money\\\/de\\\/uber-uns\\\/kontakt\\\/#breadcrumb\"},\"inLanguage\":\"de-DE\",\"potentialAction\":[{\"@type\":\"ReadAction\",\"target\":[\"https:\\\/\\\/kinesis.money\\\/de\\\/uber-uns\\\/kontakt\\\/\"]}]},{\"@type\":\"BreadcrumbList\",\"@id\":\"https:\\\/\\\/kinesis.money\\\/de\\\/uber-uns\\\/kontakt\\\/#breadcrumb\",\"itemListElement\":[{\"@type\":\"ListItem\",\"position\":1,\"name\":\"Home\",\"item\":\"https:\\\/\\\/kinesis.money\\\/de\\\/\"},{\"@type\":\"ListItem\",\"position\":2,\"name\":\"\u00dcber Uns\",\"item\":\"https:\\\/\\\/kinesis.money\\\/de\\\/uber-uns\\\/\"},{\"@type\":\"ListItem\",\"position\":3,\"name\":\"Kontakt\"}]},{\"@type\":\"WebSite\",\"@id\":\"https:\\\/\\\/kinesis.money\\\/#website\",\"url\":\"https:\\\/\\\/kinesis.money\\\/\",\"name\":\"Kinesis\",\"description\":\"\",\"potentialAction\":[{\"@type\":\"SearchAction\",\"target\":{\"@type\":\"EntryPoint\",\"urlTemplate\":\"https:\\\/\\\/kinesis.money\\\/?s={search_term_string}\"},\"query-input\":{\"@type\":\"PropertyValueSpecification\",\"valueRequired\":true,\"valueName\":\"search_term_string\"}}],\"inLanguage\":\"de-DE\"}]}<\/script>\n<!-- \/ Yoast SEO Premium plugin. -->","yoast_head_json":{"title":"24\/7 Online-Unterst\u00fctzung - Live-Chat, Telefon oder E-Mail | Kinesis","description":"Das engagierte Kinesis-Supportteam steht Ihnen bei allen Fragen zur Verf\u00fcgung. Kontaktieren Sie uns per E-Mail, Live-Chat oder rufen Sie uns an","robots":{"index":"index","follow":"follow","max-snippet":"max-snippet:-1","max-image-preview":"max-image-preview:large","max-video-preview":"max-video-preview:-1"},"og_locale":"de_DE","og_type":"article","og_title":"24\/7 Online-Unterst\u00fctzung - Live-Chat, Telefon oder E-Mail | Kinesis","og_description":"Das engagierte Kinesis-Supportteam steht Ihnen bei allen Fragen zur Verf\u00fcgung. Kontaktieren Sie uns per E-Mail, Live-Chat oder rufen Sie uns an","og_url":"https:\/\/kinesis.money\/de\/uber-uns\/kontakt\/","og_site_name":"Kinesis","article_modified_time":"2025-08-14T16:00:31+00:00","twitter_card":"summary_large_image","twitter_title":"24\/7 Online-Unterst\u00fctzung - Live-Chat, Telefon oder E-Mail | Kinesis","twitter_description":"Das engagierte Kinesis-Supportteam steht Ihnen bei allen Fragen zur Verf\u00fcgung. Kontaktieren Sie uns per E-Mail, Live-Chat oder rufen Sie uns an","twitter_misc":{"Gesch\u00e4tzte Lesezeit":"2 Minuten"},"schema":{"@context":"https:\/\/schema.org","@graph":[{"@type":"WebPage","@id":"https:\/\/kinesis.money\/de\/uber-uns\/kontakt\/","url":"https:\/\/kinesis.money\/de\/uber-uns\/kontakt\/","name":"24\/7 Online-Unterst\u00fctzung - Live-Chat, Telefon oder E-Mail | Kinesis","isPartOf":{"@id":"https:\/\/kinesis.money\/#website"},"datePublished":"2021-06-17T10:57:27+00:00","dateModified":"2025-08-14T16:00:31+00:00","description":"Das engagierte Kinesis-Supportteam steht Ihnen bei allen Fragen zur Verf\u00fcgung. Kontaktieren Sie uns per E-Mail, Live-Chat oder rufen Sie uns an","breadcrumb":{"@id":"https:\/\/kinesis.money\/de\/uber-uns\/kontakt\/#breadcrumb"},"inLanguage":"de-DE","potentialAction":[{"@type":"ReadAction","target":["https:\/\/kinesis.money\/de\/uber-uns\/kontakt\/"]}]},{"@type":"BreadcrumbList","@id":"https:\/\/kinesis.money\/de\/uber-uns\/kontakt\/#breadcrumb","itemListElement":[{"@type":"ListItem","position":1,"name":"Home","item":"https:\/\/kinesis.money\/de\/"},{"@type":"ListItem","position":2,"name":"\u00dcber Uns","item":"https:\/\/kinesis.money\/de\/uber-uns\/"},{"@type":"ListItem","position":3,"name":"Kontakt"}]},{"@type":"WebSite","@id":"https:\/\/kinesis.money\/#website","url":"https:\/\/kinesis.money\/","name":"Kinesis","description":"","potentialAction":[{"@type":"SearchAction","target":{"@type":"EntryPoint","urlTemplate":"https:\/\/kinesis.money\/?s={search_term_string}"},"query-input":{"@type":"PropertyValueSpecification","valueRequired":true,"valueName":"search_term_string"}}],"inLanguage":"de-DE"}]}},"_links":{"self":[{"href":"https:\/\/kinesis.money\/de\/wp-json\/wp\/v2\/pages\/22766","targetHints":{"allow":["GET"]}}],"collection":[{"href":"https:\/\/kinesis.money\/de\/wp-json\/wp\/v2\/pages"}],"about":[{"href":"https:\/\/kinesis.money\/de\/wp-json\/wp\/v2\/types\/page"}],"author":[{"embeddable":true,"href":"https:\/\/kinesis.money\/de\/wp-json\/wp\/v2\/users\/5"}],"replies":[{"embeddable":true,"href":"https:\/\/kinesis.money\/de\/wp-json\/wp\/v2\/comments?post=22766"}],"version-history":[{"count":0,"href":"https:\/\/kinesis.money\/de\/wp-json\/wp\/v2\/pages\/22766\/revisions"}],"up":[{"embeddable":true,"href":"https:\/\/kinesis.money\/de\/wp-json\/wp\/v2\/pages\/103426"}],"wp:attachment":[{"href":"https:\/\/kinesis.money\/de\/wp-json\/wp\/v2\/media?parent=22766"}],"curies":[{"name":"wp","href":"https:\/\/api.w.org\/{rel}","templated":true}]}}