{"id":103380,"date":"2023-11-16T10:59:37","date_gmt":"2023-11-16T10:59:37","guid":{"rendered":"https:\/\/kinesis.money\/?page_id=103380"},"modified":"2024-05-23T12:21:10","modified_gmt":"2024-05-23T12:21:10","slug":"kinesis-edelmetalle-vielen-dank-new","status":"publish","type":"page","link":"https:\/\/kinesis.money\/de\/kinesis-edelmetalle-vielen-dank-new\/","title":{"rendered":"kinesis edelmetalle vielen dank new"},"content":{"rendered":"\t<section class=\"ktp-block ktp2_0-block\">\n\n\t\t<div class=\"relative\">\n\n\t\t\t<div class=\"hero-dual-column overflow-x-hidden text-center lg:text-left flex flex-col items-center  \">\n\t\t\t\t<div class=\"absolute w-full h-full\">\n\t\t\t\t\t\n\t\t\t\t<\/div>\n\t\t\t\t<div class=\"outer-container relative pt-16 md:pt-20 lg:py-24 bg-no-repeat bg-right py-0\" style=\"background-image: url('https:\/\/kinesis.money\/wp-content\/uploads\/2023\/10\/hero-buygold-d.jpg');\">\n\t\t\t\t\t<div class=\"ktp-grid\">\n\t\t\t\t\t\t<div class=\"col-span-12 md:col-span-8 lg:col-span-5 \">\n\n\t\t\t\t\t\t\t\t\t\t\t\t\t\t\n\n\t\t\t\t\t\t\t\t\t\t\t\t\t\t\t<h1 class=\"sm neutral text-brand-primary-midnight-500 mb-6 relative\">\n\n\t\t\t\t\t\t\t\t\tHallo, Ihr Konto ist fast eingerichtet&#8230;\n\t\t\t\t\t\t\t\t\t\t\t\t\t\t\t\t\t<\/h1>\n\t\t\t\t\t\t\t\n\t\t\t\t\t\t\t\t\t\t\t\t\t\t\t<div class=\"mb-8 md:mb-10 text-brand-primary-midnight-325\">\n\t\t\t\t\t\t\t\t\t<div class=\"p body-md\">\n\t\t\t\t\t\t\t\t\t\t<p>Gehen Sie zu unserem sicheren Anmeldeportal, um Ihr Passwort festzulegen und Ihr kostenloses Kinesis-Konto zu er\u00f6ffnen.<\/p>\n\t\t\t\t\t\t\t\t\t<\/div>\n\t\t\t\t\t\t\t\t<\/div>\n\t\t\t\t\t\t\t\n\t\t\t\t\t\t\t\n\t\t\t\t\t\t\t\n\t\t\t\t\t\t\t<div class=\"flex justify-center lg:justify-start items-center mb-16 lg:mb-0\">\n\t\t\t\t\t\t\t\t\t\t\t\t\t\t\t\t\t<div class=\"ktp-btns-group\"><div class=\"ktp-btns-group-inner -m-1 flex flex-wrap -mx-1 -my-1\"><div class=\"p-1 justify-center md:justify-normal \">\t\n\t\n\t\t\t\t\n\t\t\t<a href=\"http:\/\/campaign_data\" class=\"ktp-btn btn  primary  inline-flex items-center items-center justify-center normal-case \" >\n\t\t\t<span>Passwort festlegen<\/span>\n\t\t<\/a>\n\t<\/div><\/div><\/div>\n\t\t\t\t\t\t\t\t\n\n\t\t\t\t\t\t\t\t\n\t\t\t\t\t\t\t\t<div class=\"flex justify-center lg:justify-start items-center mb-16 lg:mb-0\">\n\t\t\t\t\t\t\t\t\t\t\t\t\t\t\t\t\t\t\t\n\t\t\t\t\t\t\t\t\t\t\t\t\t\t\t\t\t<\/div>\n\t\t\t\t\t\t\t<\/div>\n\t\t\t\t\t\t<\/div>\n\t\t\t\t\t<\/div>\n\t\t\t\t\t\t\t\t\t\t\t<div class=\"m-w-full mobile-img h-auto block md:hidden\">\n\t\t\t\t\t\t\t\t\t\t<picture>\n\t\t<source srcset=\"https:\/\/kinesis.money\/wp-content\/uploads\/2023\/10\/hero-buygold-m.webp\" type=\"image\/webp\" >\n\t\t<img width=\"720\" height=\"506\" src=\"https:\/\/kinesis.money\/wp-content\/uploads\/2023\/10\/hero-buygold-m.jpg\" alt=\"\"  >\n\t<\/picture>\n\n\t\t\t\t\t\t<\/div>\n\t\t\t\t\t\n\t\t\t\t\t\t\t\t\t\t\t<div class=\"m-w-full h-auto tablet-img hidden md:block lg:hidden\">\n\t\t\t\t\t\t\t\t\t\t<picture>\n\t\t<source srcset=\"https:\/\/kinesis.money\/wp-content\/uploads\/2023\/10\/hero-buygold-t.webp\" type=\"image\/webp\" >\n\t\t<img width=\"1536\" height=\"1082\" src=\"https:\/\/kinesis.money\/wp-content\/uploads\/2023\/10\/hero-buygold-t.jpg\" alt=\"\"  >\n\t<\/picture>\n\n\t\t\t\t\t\t<\/div>\n\t\t\t\t\t\t\t\t\t<\/div>\n\t\t\t<\/div>\n\t\t<\/div>\n\t<\/section>\n\n\n\t<section class=\"ktp-block ktp2_0-block\">\n\t\t<div class=\"py-16 sm:py-20 relative overflow-hidden\">\n\t\t\t<div class=\"z-10 relative\">\n\t\t\t\t<div class=\"relative\">\n\t\t\t\t\t<div class=\"ktp-container relative z-50\">\n\t\t\t\t\t\t\t\t\t\t\t<\/div>\n\t\t\t\t\t<div class=\"ktp-container relative\">\n\t\t\t\t\t\t<div class=\"ktp-grid\">\n\t\t\t\t\t\t\t\n\t\t\t\t\t\t\t<div class=\"col-span-4 md:col-span-8 lg:col-span-12\" >\n\t\t\t\t\t\t\t\t<!-- TrustBox widget - Slider --><div class=\"trustpilot-widget\" data-locale=\"en-US\" data-template-id=\"54ad5defc6454f065c28af8b\" data-businessunit-id=\"5cdc095cbaa2170001d249e8\" data-style-height=\"170px\" data-style-width=\"100%\" data-theme=\"light\" data-stars=\"5\" data-review-languages=\"en\">\t<a href=\"https:\/\/www.trustpilot.com\/review\/kinesis.money\" target=\"_blank\" rel=\"noopener\">Trustpilot<\/a><\/div><!-- End TrustBox widget --><div class=\"mt-6 flex justify-center\"><!-- TrustBox widget - Micro Star --><div class=\"trustpilot-widget\" data-locale=\"en-US\" data-template-id=\"5419b6a8b0d04a076446a9ad\" data-businessunit-id=\"5cdc095cbaa2170001d249e8\" data-style-height=\"24px\" data-style-width=\"100%\" data-theme=\"light\">\t<a href=\"https:\/\/www.trustpilot.com\/review\/kinesis.money\" target=\"_blank\" rel=\"noopener\">Trustpilot<\/a><\/div><!-- End TrustBox widget --><\/div>\n\t\t\t\t\t\t\t<\/div>\n\t\t\t\t\t\t\n\t\t\t\t\t\t<\/div>\n\t\t\t\t\t<\/div>\n\t\t\t\t<\/div>\n\t\t\t<\/div>\n\t\t<\/div>\n\t<\/section>\n\n\n\t\n\n\t\t<section class=\"ktp-block ktp2_0-block\" id=\"whlen-sie-eine-bessere-art-gold-zu-besitzen\">\n\n\t\t\t<div class=\"py-16 md:py-20 bg-brand-primary-midnight-10 \">\n\n\t\t\t\t<div class=\"ktp-container\">\n\n\t\t\t\t\t<div class=\"ktp-grid mb-10 md:mb-14\">\n\n\t\t\t\t\t\t<div class=\"col-span-4 md:col-span-8 lg:col-start-3 text-center\">\n\t\t\t\t\t\t\t<h2 class=\"xl neutral text-brand-primary-midnight-500\">W\u00e4hlen Sie eine bessere Art, Gold zu besitzen<\/h2>\n\t\t\t\t\t\t<\/div>\n\n\t\t\t\t\t\t<div class=\"col-span-4 md:col-span-8 xl:col-span-6 lg:col-start-3 xl:col-start-4\">\n\t\t\t\t\t\t\t\t\t\t\t\t\t\t\t<div class=\"mt-4 md:mt-6 text-center\">\n\t\t\t\t\t\t\t\t\t<p class=\"body-md neutral text-brand-primary-midnight-325\">Nutzen Sie die kosteng\u00fcnstigste Plattform f\u00fcr den sicheren Besitz von Gold- und Silberbarren.<\/p>\n\t\t\t\t\t\t\t\t<\/div>\n\t\t\t\t\t\t\t\t\t\t\t\t\t<\/div>\n\n\t\t\t\t\t<\/div>\n\n\t\t\t\t\t<div>\n\t\t\t\t\t\t<div>\n\t\t\t\t\t\t\t<div class=\"perks-icon-cards-slider px-4 md:px-5 lg:px-9 flex flex-wrap lg:gap-6 lg:ktp-grid justify-center \">\n\t\t\t\t\t\t\t\t\n\t\t\t\t\t\t\t\t\t\n\t\t\t\t\t\t\t\t\t<div class=\"w-full h-full lg:h-auto md:px-3 lg:px-0 lg:col-span-4 \">\n\t\t\t\t\t\t\t\t\t\t\n\n\t\t\t\t\t\t\t\t\t\t\t<div class=\"h-full flex flex-col justify-between round-xs md:hover:shadows-medium-2 transition duration-300 ease-in-out  pt-10 pb-8 px-6 sm:py-12 text-center items-center bg-product-neutral-white\">\n\t\t\t\t\t\t\t\t\t\t\t\t<div class=\"flex flex-col text-center items-center\">\n\t\t\t\t\t\t\t\t\t\t\t\t\t<div class=\"mb-8 sm:mb-10 \">\n\t\t\t\t\t\t\t\t\t\t\t\t\t\t\t\t\t<picture>\n\t\t<source srcset=\"https:\/\/kinesis.money\/wp-content\/uploads\/2023\/04\/ZeroStorageFees.svg\" type=\"image\/webp\"  loading=\"lazy\">\n\t\t<img width=\"64\" height=\"64\" src=\"https:\/\/kinesis.money\/wp-content\/uploads\/2023\/04\/ZeroStorageFees.svg\" alt=\"\"   loading=\"lazy\">\n\t<\/picture>\n\n\t\t\t\t\t\t\t\t\t\t\t\t\t<\/div>\n\t\t\t\t\t\t\t\t\t\t\t\t\t<div class=\"mb-2 md:mb-4\">\n\t\t\t\t\t\t\t\t\t\t\t\t\t\t<h3 class=\"sm neutral text-brand-primary-midnight-500\">Keine Lagergeb\u00fchren<\/h3>\n\t\t\t\t\t\t\t\t\t\t\t\t\t<\/div>\n\t\t\t\t\t\t\t\t\t\t\t\t\t<div class=\"p-container body-md neutral text-brand-primary-midnight-325\">\n\t\t\t\t\t\t\t\t\t\t\t\t\t\t<p>0% Lagergeb\u00fchren f\u00fcr Ihre vollst\u00e4ndig versicherten, sicher verwahrten Goldbarren.<\/p>\n\n\t\t\t\t\t\t\t\t\t\t\t\t\t<\/div>\n\t\t\t\t\t\t\t\t\t\t\t\t<\/div>\n\t\t\t\t\t\t\t\t\t\t\t\t\t\t\t\t\t\t\t\t\t\t\t\t\t<div class=\"mt-4\">\n\t\t\t\t\t\t\t\t\t\t\t\t\t\t\n\t\t\t\t\t\t\t\t\t\t\t\t\t<\/div>\n\t\t\t\t\t\t\t\t\t\t\t\t\t\t\t\t\t\t\t\t\t\t\t<\/div>\n\n\n\t\t\t\t\t\t\t\t\t\t\t\t\t\t\t\t\t\t\t\t<\/div>\n\t\t\t\t\t\t\t\t\n\t\t\t\t\t\t\t\t\t\n\t\t\t\t\t\t\t\t\t<div class=\"w-full h-full lg:h-auto md:px-3 lg:px-0 lg:col-span-4 \">\n\t\t\t\t\t\t\t\t\t\t\n\n\t\t\t\t\t\t\t\t\t\t\t<div class=\"h-full flex flex-col justify-between round-xs md:hover:shadows-medium-2 transition duration-300 ease-in-out  pt-10 pb-8 px-6 sm:py-12 text-center items-center bg-product-neutral-white\">\n\t\t\t\t\t\t\t\t\t\t\t\t<div class=\"flex flex-col text-center items-center\">\n\t\t\t\t\t\t\t\t\t\t\t\t\t<div class=\"mb-8 sm:mb-10 \">\n\t\t\t\t\t\t\t\t\t\t\t\t\t\t\t\t\t<picture>\n\t\t<source srcset=\"https:\/\/kinesis.money\/wp-content\/uploads\/2023\/04\/ABXApproved-1.svg\" type=\"image\/webp\"  loading=\"lazy\">\n\t\t<img width=\"64\" height=\"64\" src=\"https:\/\/kinesis.money\/wp-content\/uploads\/2023\/04\/ABXApproved-1.svg\" alt=\"\"   loading=\"lazy\">\n\t<\/picture>\n\n\t\t\t\t\t\t\t\t\t\t\t\t\t<\/div>\n\t\t\t\t\t\t\t\t\t\t\t\t\t<div class=\"mb-2 md:mb-4\">\n\t\t\t\t\t\t\t\t\t\t\t\t\t\t<h3 class=\"sm neutral text-brand-primary-midnight-500\">Sicheres Eigentum<\/h3>\n\t\t\t\t\t\t\t\t\t\t\t\t\t<\/div>\n\t\t\t\t\t\t\t\t\t\t\t\t\t<div class=\"p-container body-md neutral text-brand-primary-midnight-325\">\n\t\t\t\t\t\t\t\t\t\t\t\t\t\t<p>Besitz von vollst\u00e4ndig zugeteiltem, gepr\u00fcftem und r\u00fcckzahlbarem physischem Gold.<\/p>\n\n\t\t\t\t\t\t\t\t\t\t\t\t\t<\/div>\n\t\t\t\t\t\t\t\t\t\t\t\t<\/div>\n\t\t\t\t\t\t\t\t\t\t\t\t\t\t\t\t\t\t\t\t\t\t\t\t\t<div class=\"mt-4\">\n\t\t\t\t\t\t\t\t\t\t\t\t\t\t\n\t\t\t\t\t\t\t\t\t\t\t\t\t<\/div>\n\t\t\t\t\t\t\t\t\t\t\t\t\t\t\t\t\t\t\t\t\t\t\t<\/div>\n\n\n\t\t\t\t\t\t\t\t\t\t\t\t\t\t\t\t\t\t\t\t<\/div>\n\t\t\t\t\t\t\t\t\n\t\t\t\t\t\t\t\t\t\n\t\t\t\t\t\t\t\t\t<div class=\"w-full h-full lg:h-auto md:px-3 lg:px-0 lg:col-span-4 \">\n\t\t\t\t\t\t\t\t\t\t\n\n\t\t\t\t\t\t\t\t\t\t\t<div class=\"h-full flex flex-col justify-between round-xs md:hover:shadows-medium-2 transition duration-300 ease-in-out  pt-10 pb-8 px-6 sm:py-12 text-center items-center bg-product-neutral-white\">\n\t\t\t\t\t\t\t\t\t\t\t\t<div class=\"flex flex-col text-center items-center\">\n\t\t\t\t\t\t\t\t\t\t\t\t\t<div class=\"mb-8 sm:mb-10 \">\n\t\t\t\t\t\t\t\t\t\t\t\t\t\t\t\t\t<picture>\n\t\t<source srcset=\"https:\/\/kinesis.money\/wp-content\/uploads\/2023\/04\/Yields.svg\" type=\"image\/webp\"  loading=\"lazy\">\n\t\t<img width=\"64\" height=\"64\" src=\"https:\/\/kinesis.money\/wp-content\/uploads\/2023\/04\/Yields.svg\" alt=\"\"   loading=\"lazy\">\n\t<\/picture>\n\n\t\t\t\t\t\t\t\t\t\t\t\t\t<\/div>\n\t\t\t\t\t\t\t\t\t\t\t\t\t<div class=\"mb-2 md:mb-4\">\n\t\t\t\t\t\t\t\t\t\t\t\t\t\t<h3 class=\"sm neutral text-brand-primary-midnight-500\">Monatliche Renditen<\/h3>\n\t\t\t\t\t\t\t\t\t\t\t\t\t<\/div>\n\t\t\t\t\t\t\t\t\t\t\t\t\t<div class=\"p-container body-md neutral text-brand-primary-midnight-325\">\n\t\t\t\t\t\t\t\t\t\t\t\t\t\t<p>Erzielen Sie eine monatliche Rendite auf Ihre physischen Edelmetallbest\u00e4nde.<\/p>\n\n\t\t\t\t\t\t\t\t\t\t\t\t\t<\/div>\n\t\t\t\t\t\t\t\t\t\t\t\t<\/div>\n\t\t\t\t\t\t\t\t\t\t\t\t\t\t\t\t\t\t\t\t\t\t\t\t\t<div class=\"mt-4\">\n\t\t\t\t\t\t\t\t\t\t\t\t\t\t\n\t\t\t\t\t\t\t\t\t\t\t\t\t<\/div>\n\t\t\t\t\t\t\t\t\t\t\t\t\t\t\t\t\t\t\t\t\t\t\t<\/div>\n\n\n\t\t\t\t\t\t\t\t\t\t\t\t\t\t\t\t\t\t\t\t<\/div>\n\t\t\t\t\t\t\t\t\t\t\t\t\t\t\t<\/div>\n\t\t\t\t\t\t<\/div>\n\n\t\t\t\t\t\t\t\t\t\t\t\t\t<div class=\"w-full mt-10 md:mt-14 flex justify-center\">\n\t\t\t\t\t\t\t\t<div class=\"ktp-btns-group\"><div class=\"ktp-btns-group-inner -m-1 flex flex-wrap \"><div class=\"p-1 justify-center md:justify-normal \">\t\n\t\n\t\t\t\t\n\t\t\t<a href=\"http:\/\/campaign_data\" class=\"ktp-btn btn  primary  inline-flex items-center items-center justify-center normal-case \" >\n\t\t\t<span>Passwort festlegen<\/span>\n\t\t<\/a>\n\t<\/div><\/div><\/div>\n\t\t\t\t\t\t\t<\/div>\n\t\t\t\t\t\t\n\t\t\t\t\t<\/div>\n\t\t\t\t<\/div>\n\t\t\t<\/div>\n\t\t<\/section>\n\t","protected":false},"excerpt":{"rendered":"","protected":false},"author":23,"featured_media":0,"parent":0,"menu_order":0,"comment_status":"closed","ping_status":"closed","template":"","meta":{"_acf_changed":true,"footnotes":""},"class_list":["post-103380","page","type-page","status-publish","hentry"],"acf":[],"yoast_head":"<!-- This site is optimized with the Yoast SEO Premium plugin v27.4 (Yoast SEO v27.5) - https:\/\/yoast.com\/product\/yoast-seo-premium-wordpress\/ -->\n<title>Kaufen Sie Gold und Silber zu den niedrigsten Preisen | Kinesis<\/title>\n<meta name=\"description\" content=\"Gehen Sie zu unserem sicheren Anmeldeportal, um Ihr Passwort festzulegen und Ihr kostenloses Kinesis-Konto zu er\u00f6ffnen.\" \/>\n<meta name=\"robots\" content=\"index, follow, max-snippet:-1, max-image-preview:large, max-video-preview:-1\" \/>\n<meta property=\"og:locale\" content=\"de_DE\" \/>\n<meta property=\"og:type\" content=\"article\" \/>\n<meta property=\"og:title\" content=\"kinesis edelmetalle vielen dank new\" \/>\n<meta property=\"og:description\" content=\"Gehen Sie zu unserem sicheren Anmeldeportal, um Ihr Passwort festzulegen und Ihr kostenloses Kinesis-Konto zu er\u00f6ffnen.\" \/>\n<meta property=\"og:url\" content=\"https:\/\/kinesis.money\/de\/kinesis-edelmetalle-vielen-dank-new\/\" \/>\n<meta property=\"og:site_name\" content=\"Kinesis\" \/>\n<meta property=\"article:modified_time\" content=\"2024-05-23T12:21:10+00:00\" \/>\n<meta name=\"twitter:card\" content=\"summary_large_image\" \/>\n<meta name=\"twitter:label1\" content=\"Gesch\u00e4tzte Lesezeit\" \/>\n\t<meta name=\"twitter:data1\" content=\"2 Minuten\" \/>\n<script type=\"application\/ld+json\" class=\"yoast-schema-graph\">{\"@context\":\"https:\\\/\\\/schema.org\",\"@graph\":[{\"@type\":\"WebPage\",\"@id\":\"https:\\\/\\\/kinesis.money\\\/de\\\/kinesis-edelmetalle-vielen-dank-new\\\/\",\"url\":\"https:\\\/\\\/kinesis.money\\\/de\\\/kinesis-edelmetalle-vielen-dank-new\\\/\",\"name\":\"Kaufen Sie Gold und Silber zu den niedrigsten Preisen | Kinesis\",\"isPartOf\":{\"@id\":\"https:\\\/\\\/kinesis.money\\\/#website\"},\"datePublished\":\"2023-11-16T10:59:37+00:00\",\"dateModified\":\"2024-05-23T12:21:10+00:00\",\"description\":\"Gehen Sie zu unserem sicheren Anmeldeportal, um Ihr Passwort festzulegen und Ihr kostenloses Kinesis-Konto zu er\u00f6ffnen.\",\"breadcrumb\":{\"@id\":\"https:\\\/\\\/kinesis.money\\\/de\\\/kinesis-edelmetalle-vielen-dank-new\\\/#breadcrumb\"},\"inLanguage\":\"de-DE\",\"potentialAction\":[{\"@type\":\"ReadAction\",\"target\":[\"https:\\\/\\\/kinesis.money\\\/de\\\/kinesis-edelmetalle-vielen-dank-new\\\/\"]}]},{\"@type\":\"BreadcrumbList\",\"@id\":\"https:\\\/\\\/kinesis.money\\\/de\\\/kinesis-edelmetalle-vielen-dank-new\\\/#breadcrumb\",\"itemListElement\":[{\"@type\":\"ListItem\",\"position\":1,\"name\":\"Home\",\"item\":\"https:\\\/\\\/kinesis.money\\\/de\\\/\"},{\"@type\":\"ListItem\",\"position\":2,\"name\":\"kinesis edelmetalle vielen dank new\"}]},{\"@type\":\"WebSite\",\"@id\":\"https:\\\/\\\/kinesis.money\\\/#website\",\"url\":\"https:\\\/\\\/kinesis.money\\\/\",\"name\":\"Kinesis\",\"description\":\"\",\"potentialAction\":[{\"@type\":\"SearchAction\",\"target\":{\"@type\":\"EntryPoint\",\"urlTemplate\":\"https:\\\/\\\/kinesis.money\\\/?s={search_term_string}\"},\"query-input\":{\"@type\":\"PropertyValueSpecification\",\"valueRequired\":true,\"valueName\":\"search_term_string\"}}],\"inLanguage\":\"de-DE\"}]}<\/script>\n<!-- \/ Yoast SEO Premium plugin. -->","yoast_head_json":{"title":"Kaufen Sie Gold und Silber zu den niedrigsten Preisen | Kinesis","description":"Gehen Sie zu unserem sicheren Anmeldeportal, um Ihr Passwort festzulegen und Ihr kostenloses Kinesis-Konto zu er\u00f6ffnen.","robots":{"index":"index","follow":"follow","max-snippet":"max-snippet:-1","max-image-preview":"max-image-preview:large","max-video-preview":"max-video-preview:-1"},"og_locale":"de_DE","og_type":"article","og_title":"kinesis edelmetalle vielen dank new","og_description":"Gehen Sie zu unserem sicheren Anmeldeportal, um Ihr Passwort festzulegen und Ihr kostenloses Kinesis-Konto zu er\u00f6ffnen.","og_url":"https:\/\/kinesis.money\/de\/kinesis-edelmetalle-vielen-dank-new\/","og_site_name":"Kinesis","article_modified_time":"2024-05-23T12:21:10+00:00","twitter_card":"summary_large_image","twitter_misc":{"Gesch\u00e4tzte Lesezeit":"2 Minuten"},"schema":{"@context":"https:\/\/schema.org","@graph":[{"@type":"WebPage","@id":"https:\/\/kinesis.money\/de\/kinesis-edelmetalle-vielen-dank-new\/","url":"https:\/\/kinesis.money\/de\/kinesis-edelmetalle-vielen-dank-new\/","name":"Kaufen Sie Gold und Silber zu den niedrigsten Preisen | Kinesis","isPartOf":{"@id":"https:\/\/kinesis.money\/#website"},"datePublished":"2023-11-16T10:59:37+00:00","dateModified":"2024-05-23T12:21:10+00:00","description":"Gehen Sie zu unserem sicheren Anmeldeportal, um Ihr Passwort festzulegen und Ihr kostenloses Kinesis-Konto zu er\u00f6ffnen.","breadcrumb":{"@id":"https:\/\/kinesis.money\/de\/kinesis-edelmetalle-vielen-dank-new\/#breadcrumb"},"inLanguage":"de-DE","potentialAction":[{"@type":"ReadAction","target":["https:\/\/kinesis.money\/de\/kinesis-edelmetalle-vielen-dank-new\/"]}]},{"@type":"BreadcrumbList","@id":"https:\/\/kinesis.money\/de\/kinesis-edelmetalle-vielen-dank-new\/#breadcrumb","itemListElement":[{"@type":"ListItem","position":1,"name":"Home","item":"https:\/\/kinesis.money\/de\/"},{"@type":"ListItem","position":2,"name":"kinesis edelmetalle vielen dank new"}]},{"@type":"WebSite","@id":"https:\/\/kinesis.money\/#website","url":"https:\/\/kinesis.money\/","name":"Kinesis","description":"","potentialAction":[{"@type":"SearchAction","target":{"@type":"EntryPoint","urlTemplate":"https:\/\/kinesis.money\/?s={search_term_string}"},"query-input":{"@type":"PropertyValueSpecification","valueRequired":true,"valueName":"search_term_string"}}],"inLanguage":"de-DE"}]}},"_links":{"self":[{"href":"https:\/\/kinesis.money\/de\/wp-json\/wp\/v2\/pages\/103380","targetHints":{"allow":["GET"]}}],"collection":[{"href":"https:\/\/kinesis.money\/de\/wp-json\/wp\/v2\/pages"}],"about":[{"href":"https:\/\/kinesis.money\/de\/wp-json\/wp\/v2\/types\/page"}],"author":[{"embeddable":true,"href":"https:\/\/kinesis.money\/de\/wp-json\/wp\/v2\/users\/23"}],"replies":[{"embeddable":true,"href":"https:\/\/kinesis.money\/de\/wp-json\/wp\/v2\/comments?post=103380"}],"version-history":[{"count":0,"href":"https:\/\/kinesis.money\/de\/wp-json\/wp\/v2\/pages\/103380\/revisions"}],"wp:attachment":[{"href":"https:\/\/kinesis.money\/de\/wp-json\/wp\/v2\/media?parent=103380"}],"curies":[{"name":"wp","href":"https:\/\/api.w.org\/{rel}","templated":true}]}}